{"id":53,"date":"2020-04-18T10:38:51","date_gmt":"2020-04-18T10:38:51","guid":{"rendered":"https:\/\/remed.webs.upv.es\/index.php\/mesmerize\/"},"modified":"2020-04-18T10:38:51","modified_gmt":"2020-04-18T10:38:51","slug":"53-2","status":"publish","type":"page","link":"https:\/\/remed.webs.upv.es\/congreso\/53-2\/","title":{"rendered":"Home"},"content":{"rendered":"<p>[fusion_builder_container hundred_percent=\u00bbno\u00bb hundred_percent_height=\u00bbno\u00bb hundred_percent_height_scroll=\u00bbno\u00bb hundred_percent_height_center_content=\u00bbyes\u00bb equal_height_columns=\u00bbno\u00bb menu_anchor=\u00bb\u00bb hide_on_mobile=\u00bbsmall-visibility,medium-visibility,large-visibility\u00bb status=\u00bbpublished\u00bb publish_date=\u00bb\u00bb class=\u00bb\u00bb id=\u00bb\u00bb link_color=\u00bb\u00bb link_hover_color=\u00bb#7ca803&#8243; border_size=\u00bb\u00bb border_color=\u00bb\u00bb border_style=\u00bbsolid\u00bb margin_top=\u00bb\u00bb margin_bottom=\u00bb0px\u00bb padding_top=\u00bb0px\u00bb padding_right=\u00bb\u00bb padding_bottom=\u00bb0px\u00bb padding_left=\u00bb\u00bb gradient_start_color=\u00bb\u00bb gradient_end_color=\u00bb\u00bb gradient_start_position=\u00bb0&#8243; gradient_end_position=\u00bb100&#8243; gradient_type=\u00bblinear\u00bb radial_direction=\u00bbcenter center\u00bb linear_angle=\u00bb180&#8243; background_color=\u00bb\u00bb background_image=\u00bb\u00bb background_position=\u00bbcenter center\u00bb background_repeat=\u00bbno-repeat\u00bb fade=\u00bbno\u00bb background_parallax=\u00bbnone\u00bb enable_mobile=\u00bbno\u00bb parallax_speed=\u00bb0.3&#8243; background_blend_mode=\u00bbnone\u00bb video_mp4=\u00bb\u00bb video_webm=\u00bb\u00bb video_ogv=\u00bb\u00bb video_url=\u00bb\u00bb video_aspect_ratio=\u00bb16:9&#8243; video_loop=\u00bbyes\u00bb video_mute=\u00bbyes\u00bb video_preview_image=\u00bb\u00bb filter_hue=\u00bb0&#8243; filter_saturation=\u00bb100&#8243; filter_brightness=\u00bb100&#8243; filter_contrast=\u00bb100&#8243; filter_invert=\u00bb0&#8243; filter_sepia=\u00bb0&#8243; filter_opacity=\u00bb100&#8243; filter_blur=\u00bb0&#8243; filter_hue_hover=\u00bb0&#8243; filter_saturation_hover=\u00bb100&#8243; filter_brightness_hover=\u00bb100&#8243; filter_contrast_hover=\u00bb100&#8243; filter_invert_hover=\u00bb0&#8243; filter_sepia_hover=\u00bb0&#8243; filter_opacity_hover=\u00bb100&#8243; filter_blur_hover=\u00bb0&#8243;][fusion_builder_row][fusion_builder_column type=\u00bb2_3&#8243; layout=\u00bb1_2&#8243; spacing=\u00bb0%\u00bb center_content=\u00bbno\u00bb link=\u00bb\u00bb target=\u00bb_self\u00bb min_height=\u00bbnone\u00bb hide_on_mobile=\u00bbsmall-visibility,medium-visibility,large-visibility\u00bb class=\u00bb\u00bb id=\u00bb\u00bb hover_type=\u00bbnone\u00bb border_size=\u00bb0&#8243; border_color=\u00bb\u00bb border_style=\u00bbsolid\u00bb border_position=\u00bball\u00bb border_radius=\u00bb\u00bb box_shadow=\u00bbno\u00bb dimension_box_shadow=\u00bb\u00bb box_shadow_blur=\u00bb0&#8243; box_shadow_spread=\u00bb0&#8243; box_shadow_color=\u00bb\u00bb box_shadow_style=\u00bb\u00bb padding_top=\u00bb50px\u00bb padding_right=\u00bb0px\u00bb padding_bottom=\u00bb0px\u00bb padding_left=\u00bb100px\u00bb margin_top=\u00bb0px\u00bb margin_bottom=\u00bb\u00bb background_type=\u00bbsingle\u00bb gradient_start_color=\u00bb\u00bb gradient_end_color=\u00bb\u00bb gradient_start_position=\u00bb0&#8243; gradient_end_position=\u00bb100&#8243; gradient_type=\u00bblinear\u00bb radial_direction=\u00bbcenter center\u00bb linear_angle=\u00bb180&#8243; background_color=\u00bb\u00bb background_image=\u00bb\u00bb background_image_id=\u00bb\u00bb background_position=\u00bbleft top\u00bb background_repeat=\u00bbno-repeat\u00bb background_blend_mode=\u00bbnone\u00bb animation_type=\u00bb\u00bb animation_direction=\u00bbleft\u00bb animation_speed=\u00bb0.3&#8243; animation_offset=\u00bb\u00bb filter_type=\u00bbregular\u00bb filter_hue=\u00bb0&#8243; filter_saturation=\u00bb100&#8243; filter_brightness=\u00bb100&#8243; filter_contrast=\u00bb100&#8243; filter_invert=\u00bb0&#8243; filter_sepia=\u00bb0&#8243; filter_opacity=\u00bb100&#8243; filter_blur=\u00bb0&#8243; filter_hue_hover=\u00bb0&#8243; filter_saturation_hover=\u00bb100&#8243; filter_brightness_hover=\u00bb100&#8243; filter_contrast_hover=\u00bb100&#8243; filter_invert_hover=\u00bb0&#8243; filter_sepia_hover=\u00bb0&#8243; filter_opacity_hover=\u00bb100&#8243; filter_blur_hover=\u00bb0&#8243; last=\u00bbfalse\u00bb first=\u00bbtrue\u00bb][fusion_text columns=\u00bb\u00bb column_min_width=\u00bb\u00bb column_spacing=\u00bb\u00bb rule_style=\u00bbdefault\u00bb rule_size=\u00bb\u00bb rule_color=\u00bb\u00bb hide_on_mobile=\u00bbsmall-visibility,medium-visibility,large-visibility\u00bb class=\u00bb\u00bb id=\u00bb\u00bb animation_type=\u00bb\u00bb animation_direction=\u00bbleft\u00bb animation_speed=\u00bb0.3&#8243; animation_offset=\u00bb\u00bb]<\/p>\n<p><span style=\"font-size: 18pt;color: #f7a815\"><strong><span class=\"TextRun SCXW110511818 BCX0\" lang=\"ES-ES\" xml:lang=\"ES-ES\" data-contrast=\"auto\"><span class=\"NormalTextRun SCXW110511818 BCX0\" data-wac-het=\"1\">\u00bfQu\u00e9 es REMED?<\/span><\/span><\/strong><span class=\"EOP SCXW110511818 BCX0\" data-ccp-props=\"{\" data-wac-het=\"1\">\u00a0<\/span><\/span><\/p>\n<p>[\/fusion_text][fusion_text columns=\u00bb\u00bb column_min_width=\u00bb\u00bb column_spacing=\u00bb\u00bb rule_style=\u00bbdefault\u00bb rule_size=\u00bb\u00bb rule_color=\u00bb\u00bb hide_on_mobile=\u00bbsmall-visibility,medium-visibility,large-visibility\u00bb class=\u00bb\u00bb id=\u00bb\u00bb animation_type=\u00bb\u00bb animation_direction=\u00bbleft\u00bb animation_speed=\u00bb0.3&#8243; animation_offset=\u00bb\u00bb]<\/p>\n<p style=\"text-align: justify\"><b><span data-contrast=\"auto\">REMED\u00a0<\/span><\/b><span data-contrast=\"auto\">es una\u00a0<\/span><b><span data-contrast=\"auto\">Red de Museos y Estrategias Digitales<\/span><\/b><span data-contrast=\"auto\">\u00a0creada a partir de la\u00a0<\/span><span data-contrast=\"auto\">alerta sanitaria desencadenada<\/span><span data-contrast=\"auto\">\u00a0por el\u00a0<\/span><span data-contrast=\"auto\">COVID-19<\/span><span data-contrast=\"auto\">\u00a0<\/span><span data-contrast=\"auto\">c<\/span><span data-contrast=\"auto\">on la intenci\u00f3n de\u00a0<\/span><b><span data-contrast=\"auto\">compartir, investigar y documentar\u00a0<\/span><\/b><span data-contrast=\"auto\">los<\/span><span data-contrast=\"auto\">\u00a0procesos<\/span><span data-contrast=\"auto\">\u00a0que est\u00e1n\u00a0<\/span><span data-contrast=\"auto\">experimentando los\u00a0<\/span><b><span data-contrast=\"auto\">museos espa\u00f1oles<\/span><\/b><span data-contrast=\"auto\">.\u00a0<\/span><span data-ccp-props=\"{&quot;201341983&quot;:0,&quot;335559739&quot;:160,&quot;335559740&quot;:257}\" data-wac-het=\"1\">\u00a0<\/span><\/p>\n<p style=\"text-align: justify\"><span data-contrast=\"auto\">El objetivo principal es\u00a0<\/span><span data-contrast=\"auto\">crear un grupo de trabajo<\/span><span data-contrast=\"auto\">\u00a0de museos<\/span><span data-contrast=\"auto\">,<\/span><span data-contrast=\"auto\">\u00a0a nivel estatal, donde debatir estos temas con la intenci\u00f3n de generar una futura investigaci\u00f3n a la vez\u00a0<\/span><span data-contrast=\"auto\">de<\/span><span data-contrast=\"auto\">\u00a0servir de plataforma en la que todos los miembros puedan consultar estrategias digitales y otras cuestiones referentes a esta nueva situaci\u00f3n.\u00a0<\/span><\/p>\n<p>[\/fusion_text][fusion_text columns=\u00bb\u00bb column_min_width=\u00bb\u00bb column_spacing=\u00bb\u00bb rule_style=\u00bbdefault\u00bb rule_size=\u00bb\u00bb rule_color=\u00bb\u00bb hide_on_mobile=\u00bbsmall-visibility,medium-visibility,large-visibility\u00bb class=\u00bb\u00bb id=\u00bb\u00bb animation_type=\u00bb\u00bb animation_direction=\u00bbleft\u00bb animation_speed=\u00bb0.3&#8243; animation_offset=\u00bb\u00bb]<\/p>\n<p><strong><span style=\"font-size: 18pt;color: #f7a815\"><span class=\"TextRun SCXW266470099 BCX0\" lang=\"ES-ES\" xml:lang=\"ES-ES\" data-contrast=\"auto\"><span class=\"NormalTextRun SCXW266470099 BCX0\" data-wac-het=\"1\">\u00bfQui\u00e9n lo organiza?<\/span><\/span><span class=\"EOP SCXW266470099 BCX0\" data-ccp-props=\"{\" data-wac-het=\"1\">\u00a0<\/span><\/span><\/strong><\/p>\n<p>[\/fusion_text][fusion_text columns=\u00bb\u00bb column_min_width=\u00bb\u00bb column_spacing=\u00bb\u00bb rule_style=\u00bbdefault\u00bb rule_size=\u00bb\u00bb rule_color=\u00bb\u00bb hide_on_mobile=\u00bbsmall-visibility,medium-visibility,large-visibility\u00bb class=\u00bb\u00bb id=\u00bb\u00bb animation_type=\u00bb\u00bb animation_direction=\u00bbleft\u00bb animation_speed=\u00bb0.3&#8243; animation_offset=\u00bb\u00bb]<\/p>\n<p style=\"text-align: justify\"><span data-contrast=\"auto\">REMED\u00a0<\/span><span data-contrast=\"auto\">est\u00e1<\/span><span data-contrast=\"auto\">\u00a0coordinada desde la\u00a0<\/span><span data-contrast=\"auto\">Universitat<\/span><span data-contrast=\"auto\">\u00a0<\/span><span data-contrast=\"auto\">Polit<\/span><span data-contrast=\"auto\">\u00e8<\/span><span data-contrast=\"auto\">cnica<\/span><span data-contrast=\"auto\">\u00a0de Val<\/span><span data-contrast=\"auto\">\u00e8<\/span><span data-contrast=\"auto\">ncia,\u00a0<\/span><span data-contrast=\"auto\">en concreto, desde el\u00a0<\/span><span data-contrast=\"auto\">Departamento de Comunicaci\u00f3n Audio<\/span><span data-contrast=\"auto\">visual Documentaci\u00f3n e Historia del Arte, el<\/span><span data-contrast=\"auto\">\u00a0M\u00e1ster en Gesti\u00f3n Cultural y el\u00a0<\/span><span data-contrast=\"auto\">G<\/span><span data-contrast=\"auto\">rupo de Investigaci\u00f3n en\u00a0<\/span><span data-contrast=\"auto\">Industrias culturales y TIC\u00a0<\/span><span data-contrast=\"auto\">del I<\/span><span data-contrast=\"auto\">nstituto de Dise\u00f1o y Fabricaci\u00f3n<\/span><span data-contrast=\"auto\">.<\/span><span data-contrast=\"auto\">\u00a0<\/span><span data-ccp-props=\"{&quot;201341983&quot;:0,&quot;335559739&quot;:160,&quot;335559740&quot;:257}\" data-wac-het=\"1\">\u00a0<\/span><\/p>\n<p style=\"text-align: justify\"><span data-contrast=\"auto\">Actualmente\u00a0<\/span><span data-contrast=\"auto\">estamos abiertos a inco<\/span><span data-contrast=\"auto\">rporar a otras personas, investigadores<\/span><span data-contrast=\"auto\">\/as<\/span><span data-contrast=\"auto\">\u00a0<\/span><span data-contrast=\"auto\">y<\/span><span data-contrast=\"auto\">\u00a0profesionales del \u00e1mbito de los museos y tecnolog\u00eda digital<\/span><span data-contrast=\"auto\">,<\/span><span data-contrast=\"auto\">\u00a0<\/span><span data-contrast=\"auto\">que est\u00e9n interesados<\/span><span data-contrast=\"auto\">\u00a0en participar en la coordinaci\u00f3n de\u00a0<\/span><span data-contrast=\"auto\">la\u00a0<\/span><span data-contrast=\"auto\">plataforma<\/span><span data-contrast=\"auto\">.\u00a0<\/span><span data-ccp-props=\"{&quot;201341983&quot;:0,&quot;335559739&quot;:160,&quot;335559740&quot;:257}\" data-wac-het=\"1\">\u00a0<\/span><\/p>\n<p>[\/fusion_text][fusion_text columns=\u00bb\u00bb column_min_width=\u00bb\u00bb column_spacing=\u00bb\u00bb rule_style=\u00bbdefault\u00bb rule_size=\u00bb\u00bb rule_color=\u00bb\u00bb hide_on_mobile=\u00bbsmall-visibility,medium-visibility,large-visibility\u00bb class=\u00bb\u00bb id=\u00bb\u00bb animation_type=\u00bb\u00bb animation_direction=\u00bbleft\u00bb animation_speed=\u00bb0.3&#8243; animation_offset=\u00bb\u00bb]<\/p>\n<p><strong><span style=\"font-size: 18pt;color: #f7a815\"><span class=\"TextRun SCXW179440462 BCX0\" lang=\"ES-ES\" xml:lang=\"ES-ES\" data-contrast=\"auto\"><span class=\"NormalTextRun SCXW179440462 BCX0\" data-wac-het=\"1\">\u00bfPor qu\u00e9 me puede interesar?<\/span><\/span><span class=\"EOP SCXW179440462 BCX0\" data-ccp-props=\"{\" data-wac-het=\"1\">\u00a0<\/span><\/span><\/strong><\/p>\n<p>[\/fusion_text][fusion_text columns=\u00bb\u00bb column_min_width=\u00bb\u00bb column_spacing=\u00bb\u00bb rule_style=\u00bbdefault\u00bb rule_size=\u00bb\u00bb rule_color=\u00bb\u00bb hide_on_mobile=\u00bbsmall-visibility,medium-visibility,large-visibility\u00bb class=\u00bb\u00bb id=\u00bb\u00bb animation_type=\u00bb\u00bb animation_direction=\u00bbleft\u00bb animation_speed=\u00bb0.3&#8243; animation_offset=\u00bb\u00bb]<\/p>\n<p style=\"text-align: justify\"><span data-contrast=\"auto\">La investigaci\u00f3n\u00a0<\/span><span data-contrast=\"auto\">analizar\u00e1 las estrategias que han seguido los museos<\/span><span data-contrast=\"auto\">\u00a0<\/span><span data-contrast=\"auto\">para hacer frente a la situaci\u00f3n de confinamiento<\/span><span data-contrast=\"auto\">, e<\/span><span data-contrast=\"auto\">\u00a0<\/span><span data-contrast=\"auto\">informar\u00e1 sobre las tendencias actuales<\/span><span data-contrast=\"auto\">.\u00a0<\/span><span data-ccp-props=\"{\" data-wac-het=\"1\">\u00a0<\/span><\/p>\n<p style=\"text-align: justify\"><span data-contrast=\"auto\">S<\/span><span data-contrast=\"auto\">e<\/span><span data-contrast=\"auto\">\u00a0recoger\u00e1<\/span><span data-contrast=\"auto\">n<\/span><span data-contrast=\"auto\">, de manera an\u00f3nima, las necesidades y problemas con los que se est\u00e1n encontrando los museos, as\u00ed como algunos datos del tr\u00e1fico de las webs, redes sociales, etc.\u00a0<\/span><span data-ccp-props=\"{\" data-wac-het=\"1\">\u00a0<\/span><\/p>\n<p style=\"text-align: justify\"><span data-contrast=\"auto\">REMED\u00a0<\/span><span data-contrast=\"auto\">analizar\u00e1<\/span><span data-contrast=\"auto\">\u00a0el impacto y el alcance de las\u00a0<\/span><span data-contrast=\"auto\">TIC\u2019s<\/span><span data-contrast=\"auto\">\u00a0en la\u00a0<\/span><span data-contrast=\"auto\">recepci\u00f3n de<\/span><span data-contrast=\"auto\">\u00a0<\/span><span data-contrast=\"auto\">audiencias<\/span><span data-contrast=\"auto\">\u00a0y\/o el\u00a0<\/span><span data-contrast=\"auto\">posible\u00a0<\/span><span data-contrast=\"auto\">aumento de los p\u00fablicos<\/span><span data-contrast=\"auto\">, i<\/span><span data-contrast=\"auto\">dentific<\/span><span data-contrast=\"auto\">ando<\/span><span data-contrast=\"auto\">\u00a0<\/span><span data-contrast=\"auto\">las<\/span><span data-contrast=\"auto\">\u00a0estrategias\u00a0<\/span><span data-contrast=\"auto\">utilizadas<\/span><span data-contrast=\"auto\">.<\/span><span data-contrast=\"auto\">\u00a0<\/span><span data-contrast=\"auto\">Esta informaci\u00f3n se<\/span><span data-contrast=\"auto\"> publicar\u00eda posteriormente, d\u00e1ndola a conocer a toda la comunidad. <\/span><span data-ccp-props=\"{\" data-wac-het=\"1\">\u00a0<\/span><\/p>\n<p>[\/fusion_text][fusion_text columns=\u00bb\u00bb column_min_width=\u00bb\u00bb column_spacing=\u00bb\u00bb rule_style=\u00bbdefault\u00bb rule_size=\u00bb\u00bb rule_color=\u00bb\u00bb hide_on_mobile=\u00bbsmall-visibility,medium-visibility,large-visibility\u00bb class=\u00bb\u00bb id=\u00bb\u00bb animation_type=\u00bb\u00bb animation_direction=\u00bbleft\u00bb animation_speed=\u00bb0.3&#8243; animation_offset=\u00bb\u00bb]<\/p>\n<p><strong><span style=\"color: #f7a815\"><span style=\"font-size: 18pt\"><span class=\"TextRun SCXW203285600 BCX0\" lang=\"ES-ES\" xml:lang=\"ES-ES\" data-contrast=\"auto\"><span class=\"NormalTextRun SCXW203285600 BCX0\" data-wac-het=\"1\">\u00bfC\u00f3mo puedo formar parte de la\u00a0<\/span><\/span><\/span><span style=\"font-size: 18pt\"><span class=\"TextRun SCXW203285600 BCX0\" lang=\"ES-ES\" xml:lang=\"ES-ES\" data-contrast=\"auto\"><span class=\"NormalTextRun SCXW203285600 BCX0\" data-wac-het=\"1\">Red?<\/span><\/span><\/span><\/span><\/strong><\/p>\n<p>[\/fusion_text][fusion_text columns=\u00bb\u00bb column_min_width=\u00bb\u00bb column_spacing=\u00bb\u00bb rule_style=\u00bbdefault\u00bb rule_size=\u00bb\u00bb rule_color=\u00bb\u00bb hide_on_mobile=\u00bbsmall-visibility,medium-visibility,large-visibility\u00bb class=\u00bb\u00bb id=\u00bb\u00bb animation_type=\u00bb\u00bb animation_direction=\u00bbleft\u00bb animation_speed=\u00bb0.3&#8243; animation_offset=\u00bb\u00bb]<\/p>\n<p style=\"text-align: justify\"><span data-contrast=\"auto\">En este primer momento de creaci\u00f3n nos disponemos a buscar\u00a0<\/span><span data-contrast=\"auto\">personas,\u00a0<\/span><span data-contrast=\"auto\">instituciones y museos, grandes y peque\u00f1os, o grupos de investigaci\u00f3n, que est\u00e9n interesados en formar parte de<\/span><span data-contrast=\"auto\">l grupo de trabajo abierto.<\/span><span data-contrast=\"auto\">\u00a0Si bien nuestro estudio se centrar\u00e1 en el caso de los museos del \u00e1mbito nacional, otros organismos e instituciones internacionales tambi\u00e9n ser\u00e1n bienvenidos.\u00a0\u00a0<\/span><span data-ccp-props=\"{&quot;201341983&quot;:0,&quot;335559739&quot;:160,&quot;335559740&quot;:257}\" data-wac-het=\"1\">\u00a0<\/span><\/p>\n<p style=\"text-align: justify\"><strong>Si quieres formar parte de nuestra red\u00a0debes rellenar\u00a0el formulario que\u00a0presentamos\u00a0a continuaci\u00f3n:\u00a0<\/strong><\/p>\n<p style=\"text-align: justify\"><a href=\"https:\/\/forms.office.com\/Pages\/ResponsePage.aspx?id=31VGvnOsH0CnrhmMO3LQxpNo9O4ppQFCrRH7R_bqWGhUM0NUWEZRODRTMFlRQVA1UDVGQTFZMkgyRS4u\"><span data-contrast=\"none\">https:\/\/forms.office.com\/Pages\/ResponsePage.aspx?id=31VGvnOsH0CnrhmMO3LQxpNo9O4ppQFCrRH7R_bqWGhUM0NUWEZRODRTMFlRQVA1UDVGQTFZMkgyRS4u<\/span><\/a><span data-ccp-props=\"{&quot;201341983&quot;:0,&quot;335559739&quot;:160,&quot;335559740&quot;:259}\" data-wac-het=\"1\">\u00a0<\/span><\/p>\n<p>[\/fusion_text][\/fusion_builder_column][fusion_builder_column type=\u00bb1_3&#8243; layout=\u00bb2_5&#8243; spacing=\u00bb\u00bb center_content=\u00bbyes\u00bb link=\u00bb\u00bb target=\u00bb_self\u00bb min_height=\u00bb\u00bb hide_on_mobile=\u00bbsmall-visibility,medium-visibility,large-visibility\u00bb class=\u00bb\u00bb id=\u00bb\u00bb hover_type=\u00bbnone\u00bb border_size=\u00bb0&#8243; border_color=\u00bb\u00bb border_style=\u00bbsolid\u00bb border_position=\u00bball\u00bb box_shadow=\u00bbno\u00bb box_shadow_blur=\u00bb0&#8243; box_shadow_spread=\u00bb0&#8243; box_shadow_color=\u00bb\u00bb box_shadow_style=\u00bb\u00bb background_type=\u00bbsingle\u00bb gradient_start_position=\u00bb0&#8243; gradient_end_position=\u00bb100&#8243; gradient_type=\u00bblinear\u00bb radial_direction=\u00bbcenter center\u00bb linear_angle=\u00bb180&#8243; background_color=\u00bb\u00bb background_image=\u00bb\u00bb background_image_id=\u00bb\u00bb background_position=\u00bbleft top\u00bb background_repeat=\u00bbno-repeat\u00bb background_blend_mode=\u00bbnone\u00bb animation_type=\u00bb\u00bb animation_direction=\u00bbleft\u00bb animation_speed=\u00bb0.3&#8243; animation_offset=\u00bb\u00bb filter_type=\u00bbregular\u00bb filter_hue=\u00bb0&#8243; filter_saturation=\u00bb100&#8243; filter_brightness=\u00bb100&#8243; filter_contrast=\u00bb100&#8243; filter_invert=\u00bb0&#8243; filter_sepia=\u00bb0&#8243; filter_opacity=\u00bb100&#8243; filter_blur=\u00bb0&#8243; filter_hue_hover=\u00bb0&#8243; filter_saturation_hover=\u00bb100&#8243; filter_brightness_hover=\u00bb100&#8243; filter_contrast_hover=\u00bb100&#8243; filter_invert_hover=\u00bb0&#8243; filter_sepia_hover=\u00bb0&#8243; filter_opacity_hover=\u00bb100&#8243; filter_blur_hover=\u00bb0&#8243; first=\u00bbfalse\u00bb last=\u00bbtrue\u00bb element_content=\u00bb\u00bb padding_top=\u00bb39px\u00bb margin_bottom=\u00bb15px\u00bb padding_right=\u00bb27px\u00bb padding_left=\u00bb42px\u00bb margin_top=\u00bb50px\u00bb][fusion_video video=\u00bbhttps:\/\/remed.webs.upv.es\/wp-content\/uploads\/2020\/05\/Video-REMED-Bienvenida.6.mp4&#8243; video_webm=\u00bb\u00bb width=\u00bb\u00bb controls=\u00bb\u00bb preload=\u00bb\u00bb loop=\u00bbyes\u00bb autoplay=\u00bbyes\u00bb mute=\u00bbyes\u00bb preview_image=\u00bb\u00bb hide_on_mobile=\u00bbsmall-visibility,medium-visibility,large-visibility\u00bb class=\u00bb\u00bb css_id=\u00bb\u00bb overlay_color=\u00bb\u00bb border_radius_top_left=\u00bb\u00bb border_radius_top_right=\u00bb\u00bb border_radius_bottom_right=\u00bb\u00bb border_radius_bottom_left=\u00bb\u00bb box_shadow=\u00bbno\u00bb box_shadow_vertical=\u00bb\u00bb box_shadow_horizontal=\u00bb\u00bb box_shadow_blur=\u00bb0&#8243; box_shadow_spread=\u00bb0&#8243; box_shadow_color=\u00bb\u00bb alignment=\u00bb\u00bb margin_top=\u00bb\u00bb margin_bottom=\u00bb\u00bb \/][fusion_separator style_type=\u00bbnone\u00bb hide_on_mobile=\u00bbsmall-visibility,medium-visibility,large-visibility\u00bb class=\u00bb\u00bb id=\u00bb\u00bb sep_color=\u00bb\u00bb top_margin=\u00bb\u00bb bottom_margin=\u00bb\u00bb border_size=\u00bb\u00bb icon=\u00bb\u00bb icon_size=\u00bb\u00bb icon_circle=\u00bb\u00bb icon_circle_color=\u00bb\u00bb width=\u00bb\u00bb alignment=\u00bbcenter\u00bb \/][fusion_separator style_type=\u00bbnone\u00bb hide_on_mobile=\u00bbsmall-visibility,medium-visibility,large-visibility\u00bb class=\u00bb\u00bb id=\u00bb\u00bb sep_color=\u00bb\u00bb top_margin=\u00bb\u00bb bottom_margin=\u00bb\u00bb border_size=\u00bb\u00bb icon=\u00bb\u00bb icon_size=\u00bb\u00bb icon_circle=\u00bb\u00bb icon_circle_color=\u00bb\u00bb width=\u00bb\u00bb alignment=\u00bbcenter\u00bb \/][fusion_separator style_type=\u00bbnone\u00bb hide_on_mobile=\u00bbsmall-visibility,medium-visibility,large-visibility\u00bb class=\u00bb\u00bb id=\u00bb\u00bb sep_color=\u00bb\u00bb top_margin=\u00bb\u00bb bottom_margin=\u00bb\u00bb border_size=\u00bb\u00bb icon=\u00bb\u00bb icon_size=\u00bb\u00bb icon_circle=\u00bb\u00bb icon_circle_color=\u00bb\u00bb width=\u00bb\u00bb alignment=\u00bbcenter\u00bb \/][fusion_separator style_type=\u00bbnone\u00bb hide_on_mobile=\u00bbsmall-visibility,medium-visibility,large-visibility\u00bb class=\u00bb\u00bb id=\u00bb\u00bb sep_color=\u00bb\u00bb top_margin=\u00bb\u00bb bottom_margin=\u00bb\u00bb border_size=\u00bb\u00bb icon=\u00bb\u00bb icon_size=\u00bb\u00bb icon_circle=\u00bb\u00bb icon_circle_color=\u00bb\u00bb width=\u00bb\u00bb alignment=\u00bbcenter\u00bb \/][fusion_separator style_type=\u00bbnone\u00bb hide_on_mobile=\u00bbsmall-visibility,medium-visibility,large-visibility\u00bb class=\u00bb\u00bb id=\u00bb\u00bb sep_color=\u00bb\u00bb top_margin=\u00bb\u00bb bottom_margin=\u00bb\u00bb border_size=\u00bb\u00bb icon=\u00bb\u00bb icon_size=\u00bb\u00bb icon_circle=\u00bb\u00bb icon_circle_color=\u00bb\u00bb width=\u00bb\u00bb alignment=\u00bbcenter\u00bb \/][fusion_separator style_type=\u00bbnone\u00bb hide_on_mobile=\u00bbsmall-visibility,medium-visibility,large-visibility\u00bb class=\u00bb\u00bb id=\u00bb\u00bb sep_color=\u00bb\u00bb top_margin=\u00bb\u00bb bottom_margin=\u00bb\u00bb border_size=\u00bb\u00bb icon=\u00bb\u00bb icon_size=\u00bb\u00bb icon_circle=\u00bb\u00bb icon_circle_color=\u00bb\u00bb width=\u00bb\u00bb alignment=\u00bbcenter\u00bb \/][fusion_separator style_type=\u00bbnone\u00bb hide_on_mobile=\u00bbsmall-visibility,medium-visibility,large-visibility\u00bb class=\u00bb\u00bb id=\u00bb\u00bb sep_color=\u00bb\u00bb top_margin=\u00bb\u00bb bottom_margin=\u00bb\u00bb border_size=\u00bb\u00bb icon=\u00bb\u00bb icon_size=\u00bb\u00bb icon_circle=\u00bb\u00bb icon_circle_color=\u00bb\u00bb width=\u00bb\u00bb alignment=\u00bbcenter\u00bb \/][fusion_separator style_type=\u00bbnone\u00bb hide_on_mobile=\u00bbsmall-visibility,medium-visibility,large-visibility\u00bb class=\u00bb\u00bb id=\u00bb\u00bb sep_color=\u00bb\u00bb top_margin=\u00bb\u00bb bottom_margin=\u00bb\u00bb border_size=\u00bb\u00bb icon=\u00bb\u00bb icon_size=\u00bb\u00bb icon_circle=\u00bb\u00bb icon_circle_color=\u00bb\u00bb width=\u00bb\u00bb alignment=\u00bbcenter\u00bb \/][fusion_social_links icons_boxed=\u00bb\u00bb icons_boxed_radius=\u00bb\u00bb color_type=\u00bb\u00bb icon_colors=\u00bb\u00bb box_colors=\u00bb\u00bb tooltip_placement=\u00bb\u00bb blogger=\u00bb\u00bb deviantart=\u00bb\u00bb discord=\u00bb\u00bb digg=\u00bb\u00bb dribbble=\u00bb\u00bb dropbox=\u00bb\u00bb facebook=\u00bbhttps:\/\/www.facebook.com\/remed20\/?__tn__=%2Cd%2CP-R&amp;eid=ARBygFCY_WvNdg3dE72f3s-WpcRKteFhid8i-v-qC2E8xGCyg55HGd4YfKNXxlBOIr04JCZw9wH5NcNB\u00bb flickr=\u00bb\u00bb forrst=\u00bb\u00bb instagram=\u00bbhttps:\/\/www.instagram.com\/remed_20\/?hl=es\u00bb linkedin=\u00bb\u00bb mixer=\u00bb\u00bb myspace=\u00bb\u00bb paypal=\u00bb\u00bb pinterest=\u00bb\u00bb reddit=\u00bb\u00bb rss=\u00bb\u00bb skype=\u00bb\u00bb soundcloud=\u00bb\u00bb spotify=\u00bb\u00bb tumblr=\u00bb\u00bb twitch=\u00bb\u00bb twitter=\u00bbhttps:\/\/twitter.com\/remed_20&#8243; vimeo=\u00bb\u00bb vk=\u00bb\u00bb whatsapp=\u00bb\u00bb xing=\u00bb\u00bb yahoo=\u00bb\u00bb yelp=\u00bb\u00bb youtube=\u00bb\u00bb email=\u00bb\u00bb show_custom=\u00bbno\u00bb alignment=\u00bb\u00bb hide_on_mobile=\u00bbsmall-visibility,medium-visibility,large-visibility\u00bb class=\u00bb\u00bb id=\u00bb\u00bb \/][\/fusion_builder_column][\/fusion_builder_row][\/fusion_builder_container]<\/p>\n","protected":false},"excerpt":{"rendered":"<p>[fusion_builder_container hundred_percent=\u00bbno\u00bb hundred_percent_height=\u00bbno\u00bb hundred_percent_height_scroll=\u00bbno\u00bb hundred_percent_height_center_content=\u00bbyes\u00bb equal_height_columns=\u00bbno\u00bb menu_anchor=\u00bb\u00bb hide_on_mobile=\u00bbsmall-visibility,medium-visibility,large-visibility\u00bb status=\u00bbpublished\u00bb publish_date=\u00bb\u00bb class=\u00bb\u00bb id=\u00bb\u00bb link_color=\u00bb\u00bb link_hover_color=\u00bb#7ca803&#8243; border_size=\u00bb\u00bb border_color=\u00bb\u00bb border_style=\u00bbsolid\u00bb margin_top=\u00bb\u00bb margin_bottom=\u00bb0px\u00bb padding_top=\u00bb0px\u00bb padding_right=\u00bb\u00bb padding_bottom=\u00bb0px\u00bb padding_left=\u00bb\u00bb gradient_start_color=\u00bb\u00bb gradient_end_color=\u00bb\u00bb gradient_start_position=\u00bb0&#8243; gradient_end_position=\u00bb100&#8243; gradient_type=\u00bblinear\u00bb radial_direction=\u00bbcenter center\u00bb linear_angle=\u00bb180&#8243; background_color=\u00bb\u00bb background_image=\u00bb\u00bb background_position=\u00bbcenter center\u00bb background_repeat=\u00bbno-repeat\u00bb fade=\u00bbno\u00bb background_parallax=\u00bbnone\u00bb enable_mobile=\u00bbno\u00bb parallax_speed=\u00bb0.3&#8243; background_blend_mode=\u00bbnone\u00bb video_mp4=\u00bb\u00bb video_webm=\u00bb\u00bb video_ogv=\u00bb\u00bb video_url=\u00bb\u00bb video_aspect_ratio=\u00bb16:9&#8243; video_loop=\u00bbyes\u00bb video_mute=\u00bbyes\u00bb video_preview_image=\u00bb\u00bb filter_hue=\u00bb0&#8243; ...<\/p>\n","protected":false},"author":6,"featured_media":0,"parent":0,"menu_order":0,"comment_status":"closed","ping_status":"closed","template":"","meta":{"footnotes":""},"class_list":["post-53","page","type-page","status-publish","hentry"],"_links":{"self":[{"href":"https:\/\/remed.webs.upv.es\/congreso\/wp-json\/wp\/v2\/pages\/53","targetHints":{"allow":["GET"]}}],"collection":[{"href":"https:\/\/remed.webs.upv.es\/congreso\/wp-json\/wp\/v2\/pages"}],"about":[{"href":"https:\/\/remed.webs.upv.es\/congreso\/wp-json\/wp\/v2\/types\/page"}],"author":[{"embeddable":true,"href":"https:\/\/remed.webs.upv.es\/congreso\/wp-json\/wp\/v2\/users\/6"}],"replies":[{"embeddable":true,"href":"https:\/\/remed.webs.upv.es\/congreso\/wp-json\/wp\/v2\/comments?post=53"}],"version-history":[{"count":0,"href":"https:\/\/remed.webs.upv.es\/congreso\/wp-json\/wp\/v2\/pages\/53\/revisions"}],"wp:attachment":[{"href":"https:\/\/remed.webs.upv.es\/congreso\/wp-json\/wp\/v2\/media?parent=53"}],"curies":[{"name":"wp","href":"https:\/\/api.w.org\/{rel}","templated":true}]}}