{"id":470,"date":"2020-10-09T11:28:05","date_gmt":"2020-10-09T11:28:05","guid":{"rendered":"https:\/\/remed.webs.upv.es\/congreso\/?page_id=470"},"modified":"2021-03-02T08:21:49","modified_gmt":"2021-03-02T08:21:49","slug":"organizacion","status":"publish","type":"page","link":"https:\/\/remed.webs.upv.es\/congreso\/organizacion\/","title":{"rendered":"Organizaci\u00f3n"},"content":{"rendered":"<div class=\"wpb-content-wrapper\"><p>[vc_row parallax=\u00bbcontent-moving\u00bb][vc_column][vc_row_inner gap=\u00bb30&#8243; evenz_container=\u00bbtrue\u00bb evenz_negative=\u00bbtrue\u00bb css=\u00bb.vc_custom_1612978231348{padding-right: 24px !important;padding-left: 24px !important;}\u00bb][vc_column_inner]\n\t\t<div class=\"evenz-section-caption  evenz-section-caption--m\">\n\n\t\t\t\t\t\t\t<h2 id=\"evenztabsdfbac-organizacion\" class=\"evenz-center evenz-capfont evenz-evenztabsdfbac-organizacion evenz-txtfx-newyork-container evenz-textfx-wrap \">\n\t\t\t\t\t\t\t\t\t\t\n\t\t\t\t\t\t\t<span class=\"evenz-txtfx evenz-txtfx--newyork\" data-qtwaypoints-offset=\"50\" data-qtwaypoints >ORGANIZACI\u00d3N<span data-letters=\"ORGANIZACI\u00d3N\"><\/span><span data-letters=\"ORGANIZACI\u00d3N\"><\/span><\/span>\n\t\t\t\t\t\t\t\t\t\t\t<\/h2>\n\t\t\t\t\t\t<\/div>\n\t\t\t\t<div data-evenz-customstyles=\".evenz-evenztabsdfbac-organizacion .evenz-txtfx--newyork { color: rgba(173,173,173,0.27)}\n\t\t\t\t\t\t\t.evenz-evenztabsdfbac-organizacion .evenz-txtfx--newyork span::before { color: #ffc107}\n\t\t\t\t\t\t\t.evenz-evenztabsdfbac-organizacion .evenz-txtfx--newyork::before { background: #ffc107}\"><\/div>\n\t\t[vc_column_text css=\u00bb.vc_custom_1603275458723{border-top-width: 6px !important;padding-top: 2% !important;padding-right: 5% !important;padding-bottom: 5% !important;padding-left: 5% !important;background-color: rgba(0,0,0,0.7) !important;*background-color: rgb(0,0,0) !important;border-top-color: #ffc107 !important;border-top-style: solid !important;}\u00bb el_class=\u00bbpage-nomargin-hrading\u00bb]<strong>COMIT\u00c9 CIENT\u00cdFICO<\/strong>[\/vc_column_text]\t\t\t<div id=\"vc_gid-1614673221419-13c95ac2b5ebe5af559df5a9c35d0049-5\" class=\"evenz-container evenz-post-grid\">\n\t\t\t\t<div class=\"evenz-row\">\n\t\t\t\t\t\t\t\t\t\t\t\t<div class=\"evenz-col evenz-col__post evenz-s12 evenz-m6 evenz-l3\">\n\t\t\t\t\t\t\t\t<article id=\"membercard-1556\" class=\"evenz-post evenz-post__member evenz-darkbg evenz-negative post-1556 evenz_member type-evenz_member status-publish has-post-thumbnail hentry evenz_membertype-comite-cientifico\">\n\t<div class=\"evenz-post__header evenz-darkbg  evenz-negative\">\n\t\t<div class=\"evenz-bgimg evenz-bgimg--full\">\n\t\t\t<img fetchpriority=\"high\" decoding=\"async\" width=\"370\" height=\"450\" src=\"https:\/\/remed.webs.upv.es\/congreso\/wp-content\/uploads\/sites\/4\/2020\/10\/AnaAlvarez_1-370x450.jpg\" class=\"evenz-post__thumb wp-post-image\" alt=\"\" \/>\t\t<\/div>\n\t\t<a class=\"evenz-hov\" href=\"https:\/\/remed.webs.upv.es\/congreso\/team-members\/ana-alvarez-lacambra\/\"> <\/a>\n\t<\/div>\n\t<div class=\"evenz-post__content\">\n\t\t<p class=\"evenz-meta evenz-small evenz-role\">\n\t\t\tConsultora senior en transformaci\u00f3n digital en museos\t\t<\/p>\n\t\t<h4 class=\"evenz-post__title evenz-cutme-t-2\"><a href=\"https:\/\/remed.webs.upv.es\/congreso\/team-members\/ana-alvarez-lacambra\/\">Ana \u00c1lvarez<\/a><\/h4>\n\t\t\t\t<p class=\"evenz-meta evenz-small evenz-social\">\n\t\t\t<a class=\"evenz-sociallink\" href=\"https:\/\/www.linkedin.com\/in\/aalvarel\/?locale=es_ES\" target=\"_blank\"><i class=\"qt-socicon-linkedin\"><\/i><\/a>\t\t<\/p>\n\t\t\t<\/div>\n\n<\/article>\t\t\t\t\t\t\t<\/div>\n\t\t\t\t\t\t\t\t\t\t\t\t\t\t\t\t\t\t\t<div class=\"evenz-col evenz-col__post evenz-s12 evenz-m6 evenz-l3\">\n\t\t\t\t\t\t\t\t<article id=\"membercard-1552\" class=\"evenz-post evenz-post__member evenz-darkbg evenz-negative post-1552 evenz_member type-evenz_member status-publish has-post-thumbnail hentry evenz_membertype-comite-cientifico evenz_membertype-ponente\">\n\t<div class=\"evenz-post__header evenz-darkbg  evenz-negative\">\n\t\t<div class=\"evenz-bgimg evenz-bgimg--full\">\n\t\t\t<img decoding=\"async\" width=\"370\" height=\"433\" src=\"https:\/\/remed.webs.upv.es\/congreso\/wp-content\/uploads\/sites\/4\/2020\/10\/Americo_Castilla_1-370x433.jpg\" class=\"evenz-post__thumb wp-post-image\" alt=\"\" \/>\t\t<\/div>\n\t\t<a class=\"evenz-hov\" href=\"https:\/\/remed.webs.upv.es\/congreso\/team-members\/americo-castilla\/\"> <\/a>\n\t<\/div>\n\t<div class=\"evenz-post__content\">\n\t\t<p class=\"evenz-meta evenz-small evenz-role\">\n\t\t\tDirector de la Fundaci\u00f3n TyPA - Teor\u00eda y Pr\u00e1ctica de las Artes\t\t<\/p>\n\t\t<h4 class=\"evenz-post__title evenz-cutme-t-2\"><a href=\"https:\/\/remed.webs.upv.es\/congreso\/team-members\/americo-castilla\/\">Am\u00e9rico Castilla<\/a><\/h4>\n\t\t\t\t<p class=\"evenz-meta evenz-small evenz-social\">\n\t\t\t<a class=\"evenz-sociallink\" href=\"https:\/\/www.linkedin.com\/in\/am%C3%A9rico-castilla-96baba17\/\" target=\"_blank\"><i class=\"qt-socicon-linkedin\"><\/i><\/a>\t\t<\/p>\n\t\t\t<\/div>\n\n<\/article>\t\t\t\t\t\t\t<\/div>\n\t\t\t\t\t\t\t\t\t\t\t\t\t\t\t\t\t\t\t<div class=\"evenz-col evenz-col__post evenz-s12 evenz-m6 evenz-l3\">\n\t\t\t\t\t\t\t\t<article id=\"membercard-1479\" class=\"evenz-post evenz-post__member evenz-darkbg evenz-negative post-1479 evenz_member type-evenz_member status-publish has-post-thumbnail hentry evenz_membertype-comite-cientifico evenz_membertype-ponente\">\n\t<div class=\"evenz-post__header evenz-darkbg  evenz-negative\">\n\t\t<div class=\"evenz-bgimg evenz-bgimg--full\">\n\t\t\t<img decoding=\"async\" width=\"370\" height=\"449\" src=\"https:\/\/remed.webs.upv.es\/congreso\/wp-content\/uploads\/sites\/4\/2020\/10\/Merete_1-370x449.jpg\" class=\"evenz-post__thumb wp-post-image\" alt=\"\" \/>\t\t<\/div>\n\t\t<a class=\"evenz-hov\" href=\"https:\/\/remed.webs.upv.es\/congreso\/team-members\/merete-sanderhof\/\"> <\/a>\n\t<\/div>\n\t<div class=\"evenz-post__content\">\n\t\t<p class=\"evenz-meta evenz-small evenz-role\">\n\t\t\tComisaria y Asesora Senior en Statens Museum for Kunst (Dinamarca))\t\t<\/p>\n\t\t<h4 class=\"evenz-post__title evenz-cutme-t-2\"><a href=\"https:\/\/remed.webs.upv.es\/congreso\/team-members\/merete-sanderhof\/\">Merete Sanderhoff<\/a><\/h4>\n\t\t\t\t<p class=\"evenz-meta evenz-small evenz-social\">\n\t\t\t<a class=\"evenz-sociallink\" href=\"https:\/\/www.linkedin.com\/in\/merete-sanderhoff-45247a9\/?originalSubdomain=dk\" target=\"_blank\"><i class=\"qt-socicon-linkedin\"><\/i><\/a>\t\t<\/p>\n\t\t\t<\/div>\n\n<\/article>\t\t\t\t\t\t\t<\/div>\n\t\t\t\t\t\t\t\t\t\t\t\t\t\t\t\t\t\t\t<div class=\"evenz-col evenz-col__post evenz-s12 evenz-m6 evenz-l3\">\n\t\t\t\t\t\t\t\t<article id=\"membercard-1475\" class=\"evenz-post evenz-post__member evenz-darkbg evenz-negative post-1475 evenz_member type-evenz_member status-publish has-post-thumbnail hentry evenz_membertype-comite-cientifico evenz_membertype-ponente\">\n\t<div class=\"evenz-post__header evenz-darkbg  evenz-negative\">\n\t\t<div class=\"evenz-bgimg evenz-bgimg--full\">\n\t\t\t<img loading=\"lazy\" decoding=\"async\" width=\"370\" height=\"450\" src=\"https:\/\/remed.webs.upv.es\/congreso\/wp-content\/uploads\/sites\/4\/2020\/10\/22056031335_8f869cbf6f_b-370x450.jpg\" class=\"evenz-post__thumb wp-post-image\" alt=\"\" \/>\t\t<\/div>\n\t\t<a class=\"evenz-hov\" href=\"https:\/\/remed.webs.upv.es\/congreso\/team-members\/javier-pantoja\/\"> <\/a>\n\t<\/div>\n\t<div class=\"evenz-post__content\">\n\t\t<p class=\"evenz-meta evenz-small evenz-role\">\n\t\t\tJefe del \u00c1rea de Desarrollo Digital en Museo Nacional del Prado\t\t<\/p>\n\t\t<h4 class=\"evenz-post__title evenz-cutme-t-2\"><a href=\"https:\/\/remed.webs.upv.es\/congreso\/team-members\/javier-pantoja\/\">Javier Pantoja<\/a><\/h4>\n\t\t\t\t<p class=\"evenz-meta evenz-small evenz-social\">\n\t\t\t<a class=\"evenz-sociallink\" href=\"https:\/\/www.linkedin.com\/in\/javier-pantoja-ferrari-00252727\/?locale=es_ES\" target=\"_blank\"><i class=\"qt-socicon-linkedin\"><\/i><\/a>\t\t<\/p>\n\t\t\t<\/div>\n\n<\/article>\t\t\t\t\t\t\t<\/div>\n\t\t\t\t\t\t\t\t\t\t\t\t\t\t\t\t\t\t\t<div class=\"evenz-col evenz-col__post evenz-s12 evenz-m6 evenz-l3\">\n\t\t\t\t\t\t\t\t<article id=\"membercard-1453\" class=\"evenz-post evenz-post__member evenz-darkbg evenz-negative post-1453 evenz_member type-evenz_member status-publish has-post-thumbnail hentry evenz_membertype-comite-cientifico evenz_membertype-ponente\">\n\t<div class=\"evenz-post__header evenz-darkbg  evenz-negative\">\n\t\t<div class=\"evenz-bgimg evenz-bgimg--full\">\n\t\t\t<img loading=\"lazy\" decoding=\"async\" width=\"370\" height=\"450\" src=\"https:\/\/remed.webs.upv.es\/congreso\/wp-content\/uploads\/sites\/4\/2020\/10\/Elena-Villaespesa-370x450.jpg\" class=\"evenz-post__thumb wp-post-image\" alt=\"\" \/>\t\t<\/div>\n\t\t<a class=\"evenz-hov\" href=\"https:\/\/remed.webs.upv.es\/congreso\/team-members\/elena-villaespesa\/\"> <\/a>\n\t<\/div>\n\t<div class=\"evenz-post__content\">\n\t\t<p class=\"evenz-meta evenz-small evenz-role\">\n\t\t\tAssistant Professor Pratt Institute School of Information, NY y Analista Digital\t\t<\/p>\n\t\t<h4 class=\"evenz-post__title evenz-cutme-t-2\"><a href=\"https:\/\/remed.webs.upv.es\/congreso\/team-members\/elena-villaespesa\/\">Elena Villaespesa<\/a><\/h4>\n\t\t\t\t<p class=\"evenz-meta evenz-small evenz-social\">\n\t\t\t<a class=\"evenz-sociallink\" href=\"https:\/\/www.linkedin.com\/in\/elenavillaespesa\/\" target=\"_blank\"><i class=\"qt-socicon-linkedin\"><\/i><\/a><a class=\"evenz-sociallink\" href=\"https:\/\/twitter.com\/elenustika?lang=ca\" target=\"_blank\"><i class=\"qt-socicon-twitter\"><\/i><\/a><a class=\"evenz-sociallink\" href=\"www.artsmetrics.com\" target=\"_blank\"><i class=\"qt-socicon-wordpress\"><\/i><\/a>\t\t<\/p>\n\t\t\t<\/div>\n\n<\/article>\t\t\t\t\t\t\t<\/div>\n\t\t\t\t\t\t\t\t\t\t\t\t\t\t\t\t\t\t\t<div class=\"evenz-col evenz-col__post evenz-s12 evenz-m6 evenz-l3\">\n\t\t\t\t\t\t\t\t<article id=\"membercard-1421\" class=\"evenz-post evenz-post__member evenz-darkbg evenz-negative post-1421 evenz_member type-evenz_member status-publish has-post-thumbnail hentry evenz_membertype-comite-cientifico evenz_membertype-ponente\">\n\t<div class=\"evenz-post__header evenz-darkbg  evenz-negative\">\n\t\t<div class=\"evenz-bgimg evenz-bgimg--full\">\n\t\t\t<img loading=\"lazy\" decoding=\"async\" width=\"370\" height=\"450\" src=\"https:\/\/remed.webs.upv.es\/congreso\/wp-content\/uploads\/sites\/4\/2020\/10\/Conxa_Roda-2_1-370x450.jpg\" class=\"evenz-post__thumb wp-post-image\" alt=\"\" \/>\t\t<\/div>\n\t\t<a class=\"evenz-hov\" href=\"https:\/\/remed.webs.upv.es\/congreso\/team-members\/conxa-roda\/\"> <\/a>\n\t<\/div>\n\t<div class=\"evenz-post__content\">\n\t\t<p class=\"evenz-meta evenz-small evenz-role\">\n\t\t\tCo-directora del Curso de Estrategia Digital_UOC_Museu Nacional d&#039;Art de Catalunya\t\t<\/p>\n\t\t<h4 class=\"evenz-post__title evenz-cutme-t-2\"><a href=\"https:\/\/remed.webs.upv.es\/congreso\/team-members\/conxa-roda\/\">Conxa Rod\u00e0<\/a><\/h4>\n\t\t\t\t<p class=\"evenz-meta evenz-small evenz-social\">\n\t\t\t<a class=\"evenz-sociallink\" href=\"https:\/\/www.linkedin.com\/in\/conxaroda\/detail\/photo\/?locale=es_ES\" target=\"_blank\"><i class=\"qt-socicon-linkedin\"><\/i><\/a><a class=\"evenz-sociallink\" href=\"https:\/\/twitter.com\/innova2\" target=\"_blank\"><i class=\"qt-socicon-twitter\"><\/i><\/a>\t\t<\/p>\n\t\t\t<\/div>\n\n<\/article>\t\t\t\t\t\t\t<\/div>\n\t\t\t\t\t\t\t\t\t\t\t\t\t\t\t\t\t\t\t<div class=\"evenz-col evenz-col__post evenz-s12 evenz-m6 evenz-l3\">\n\t\t\t\t\t\t\t\t<article id=\"membercard-598\" class=\"evenz-post evenz-post__member evenz-darkbg evenz-negative post-598 evenz_member type-evenz_member status-publish has-post-thumbnail hentry evenz_membertype-comite-cientifico evenz_membertype-comite-organizador evenz_membertype-ponente\">\n\t<div class=\"evenz-post__header evenz-darkbg  evenz-negative\">\n\t\t<div class=\"evenz-bgimg evenz-bgimg--full\">\n\t\t\t<img loading=\"lazy\" decoding=\"async\" width=\"285\" height=\"285\" src=\"https:\/\/remed.webs.upv.es\/congreso\/wp-content\/uploads\/sites\/4\/2020\/10\/Adolfo.jpg\" class=\"evenz-post__thumb wp-post-image\" alt=\"\" srcset=\"https:\/\/remed.webs.upv.es\/congreso\/wp-content\/uploads\/sites\/4\/2020\/10\/Adolfo.jpg 285w, https:\/\/remed.webs.upv.es\/congreso\/wp-content\/uploads\/sites\/4\/2020\/10\/Adolfo-150x150.jpg 150w, https:\/\/remed.webs.upv.es\/congreso\/wp-content\/uploads\/sites\/4\/2020\/10\/Adolfo-100x100.jpg 100w\" sizes=\"(max-width: 285px) 100vw, 285px\" \/>\t\t<\/div>\n\t\t<a class=\"evenz-hov\" href=\"https:\/\/remed.webs.upv.es\/congreso\/team-members\/adolfo-munoz\/\"> <\/a>\n\t<\/div>\n\t<div class=\"evenz-post__content\">\n\t\t<p class=\"evenz-meta evenz-small evenz-role\">\n\t\t\tProfesor en la Universitat Polit\u00e8cnica de Val\u00e8ncia, Director de divisi\u00f3n AR del IDF \t\t<\/p>\n\t\t<h4 class=\"evenz-post__title evenz-cutme-t-2\"><a href=\"https:\/\/remed.webs.upv.es\/congreso\/team-members\/adolfo-munoz\/\">Adolfo Mu\u00f1oz<\/a><\/h4>\n\t\t\t\t<p class=\"evenz-meta evenz-small evenz-social\">\n\t\t\t<a class=\"evenz-sociallink\" href=\"https:\/\/www.instagram.com\/camaleonazul\/\" target=\"_blank\"><i class=\"qt-socicon-instagram\"><\/i><\/a><a class=\"evenz-sociallink\" href=\"https:\/\/www.linkedin.com\/in\/amunyoz\/\" target=\"_blank\"><i class=\"qt-socicon-linkedin\"><\/i><\/a>\t\t<\/p>\n\t\t\t<\/div>\n\n<\/article>\t\t\t\t\t\t\t<\/div>\n\t\t\t\t\t\t\t\t\t\t\t\t\t\t\t\t\t\t\t<div class=\"evenz-col evenz-col__post evenz-s12 evenz-m6 evenz-l3\">\n\t\t\t\t\t\t\t\t<article id=\"membercard-593\" class=\"evenz-post evenz-post__member evenz-darkbg evenz-negative post-593 evenz_member type-evenz_member status-publish has-post-thumbnail hentry evenz_membertype-comite-cientifico evenz_membertype-comite-organizador evenz_membertype-ponente\">\n\t<div class=\"evenz-post__header evenz-darkbg  evenz-negative\">\n\t\t<div class=\"evenz-bgimg evenz-bgimg--full\">\n\t\t\t<img loading=\"lazy\" decoding=\"async\" width=\"370\" height=\"450\" src=\"https:\/\/remed.webs.upv.es\/congreso\/wp-content\/uploads\/sites\/4\/2020\/10\/Ana-retrat-2-370x450.jpg\" class=\"evenz-post__thumb wp-post-image\" alt=\"\" \/>\t\t<\/div>\n\t\t<a class=\"evenz-hov\" href=\"https:\/\/remed.webs.upv.es\/congreso\/team-members\/ana-marti\/\"> <\/a>\n\t<\/div>\n\t<div class=\"evenz-post__content\">\n\t\t<p class=\"evenz-meta evenz-small evenz-role\">\n\t\t\tProfesora en la Universitat Polit\u00e8cnica de Val\u00e8ncia y Coordinadora de REMED\t\t<\/p>\n\t\t<h4 class=\"evenz-post__title evenz-cutme-t-2\"><a href=\"https:\/\/remed.webs.upv.es\/congreso\/team-members\/ana-marti\/\">Ana Mart\u00ed<\/a><\/h4>\n\t\t\t\t<p class=\"evenz-meta evenz-small evenz-social\">\n\t\t\t<a class=\"evenz-sociallink\" href=\"https:\/\/www.instagram.com\/anateston\/\" target=\"_blank\"><i class=\"qt-socicon-instagram\"><\/i><\/a><a class=\"evenz-sociallink\" href=\"https:\/\/www.linkedin.com\/in\/anmartes\" target=\"_blank\"><i class=\"qt-socicon-linkedin\"><\/i><\/a><a class=\"evenz-sociallink\" href=\"https:\/\/twitter.com\/Ana_Marti_\" target=\"_blank\"><i class=\"qt-socicon-twitter\"><\/i><\/a>\t\t<\/p>\n\t\t\t<\/div>\n\n<\/article>\t\t\t\t\t\t\t<\/div>\n\t\t\t\t\t\t\t\t\t\t\t\t\t\t\t\t<\/div>\n\t\t\t<\/div>\n\t\t\t\t\t\t<hr class=\"evenz-spacer-m\">\n\t\t[vc_column_text css=\u00bb.vc_custom_1614673303602{border-top-width: 6px !important;padding-top: 2% !important;padding-right: 5% !important;padding-bottom: 5% !important;padding-left: 5% !important;background-color: rgba(0,0,0,0.7) !important;*background-color: rgb(0,0,0) !important;border-top-color: #ffc107 !important;border-top-style: solid !important;}\u00bb el_class=\u00bbpage-nomargin-hrading\u00bb]<\/p>\n<p style=\"text-align: left;\"><strong>COMIT\u00c9 ORGANIZADOR<\/strong><\/p>\n<ul>\n<li data-leveltext=\"\uf0b7\" data-font=\"Symbol\" data-listid=\"5\" aria-setsize=\"-1\" data-aria-posinset=\"1\" data-aria-level=\"1\"><span data-contrast=\"auto\">Adolfo\u202fMu\u00f1oz<\/span><span data-ccp-props=\"{&quot;134233117&quot;:true,&quot;134233118&quot;:true,&quot;201341983&quot;:0,&quot;335551550&quot;:6,&quot;335551620&quot;:6,&quot;335559685&quot;:709,&quot;335559731&quot;:425,&quot;335559740&quot;:240}\">\u00a0<\/span><\/li>\n<li data-leveltext=\"\uf0b7\" data-font=\"Symbol\" data-listid=\"5\" aria-setsize=\"-1\" data-aria-posinset=\"2\" data-aria-level=\"1\"><span data-contrast=\"auto\">Ana\u202fMart<\/span><span data-contrast=\"auto\">\u00ed<\/span><span data-ccp-props=\"{&quot;134233117&quot;:true,&quot;134233118&quot;:true,&quot;201341983&quot;:0,&quot;335551550&quot;:6,&quot;335551620&quot;:6,&quot;335559685&quot;:709,&quot;335559731&quot;:425,&quot;335559740&quot;:240}\"> Test\u00f3n<\/span><\/li>\n<li data-leveltext=\"\uf0b7\" data-font=\"Symbol\" data-listid=\"5\" aria-setsize=\"-1\" data-aria-posinset=\"3\" data-aria-level=\"1\"><span data-contrast=\"auto\">Sandra Rodr\u00edguez Trigo<\/span><span data-ccp-props=\"{&quot;134233117&quot;:true,&quot;134233118&quot;:true,&quot;201341983&quot;:0,&quot;335551550&quot;:6,&quot;335551620&quot;:6,&quot;335559685&quot;:709,&quot;335559731&quot;:425,&quot;335559740&quot;:240}\">\u00a0<\/span><\/li>\n<li data-leveltext=\"\uf0b7\" data-font=\"Symbol\" data-listid=\"5\" aria-setsize=\"-1\" data-aria-posinset=\"3\" data-aria-level=\"1\"><span data-contrast=\"auto\">Maria Tom\u00e1s Garc\u00eda<\/span><span data-ccp-props=\"{&quot;134233117&quot;:true,&quot;134233118&quot;:true,&quot;201341983&quot;:0,&quot;335551550&quot;:6,&quot;335551620&quot;:6,&quot;335559685&quot;:709,&quot;335559731&quot;:425,&quot;335559740&quot;:240}\">\u00a0<\/span><\/li>\n<li data-leveltext=\"\uf0b7\" data-font=\"Symbol\" data-listid=\"5\" aria-setsize=\"-1\" data-aria-posinset=\"3\" data-aria-level=\"1\"><span data-contrast=\"auto\">Natalia Almud\u00ed Gracia<\/span><span data-ccp-props=\"{&quot;134233117&quot;:true,&quot;134233118&quot;:true,&quot;201341983&quot;:0,&quot;335551550&quot;:6,&quot;335551620&quot;:6,&quot;335559685&quot;:709,&quot;335559731&quot;:425,&quot;335559740&quot;:240}\">\u00a0<\/span><\/li>\n<li data-leveltext=\"\uf0b7\" data-font=\"Symbol\" data-listid=\"5\" aria-setsize=\"-1\" data-aria-posinset=\"3\" data-aria-level=\"1\"><span data-contrast=\"auto\">Salvador Ernesto Troncoso\u00a0<\/span><span data-contrast=\"auto\">Curivil<\/span><\/li>\n<li data-leveltext=\"\uf0b7\" data-font=\"Symbol\" data-listid=\"5\" aria-setsize=\"-1\" data-aria-posinset=\"3\" data-aria-level=\"1\">Ruben David Costa<\/li>\n<li data-leveltext=\"\uf0b7\" data-font=\"Symbol\" data-listid=\"5\" aria-setsize=\"-1\" data-aria-posinset=\"3\" data-aria-level=\"1\">Belen Perell\u00f3 Baixauli<\/li>\n<li data-leveltext=\"\uf0b7\" data-font=\"Symbol\" data-listid=\"5\" aria-setsize=\"-1\" data-aria-posinset=\"3\" data-aria-level=\"1\"><span data-contrast=\"auto\">Alejandra Hamann <\/span><\/li>\n<\/ul>\n<p>[\/vc_column_text][\/vc_column_inner][\/vc_row_inner][vc_wp_text el_id=\u00bbfechas\u00bb][\/vc_wp_text][\/vc_column][\/vc_row]<\/p>\n<\/div>","protected":false},"excerpt":{"rendered":"<p>[vc_row parallax=\u00bbcontent-moving\u00bb][vc_column][vc_row_inner gap=\u00bb30&#8243; evenz_container=\u00bbtrue\u00bb evenz_negative=\u00bbtrue\u00bb css=\u00bb.vc_custom_1612978231348{padding-right: 24px !important;padding-left: 24px !important;}\u00bb][vc_column_inner][vc_column_text css=\u00bb.vc_custom_1603275458723{border-top-width: 6px !important;padding-top: 2% !important;padding-right: 5% !important;padding-bottom: 5% !important;padding-left: 5% !important;background-color: rgba(0,0,0,0.7) !important;*background-color: rgb(0,0,0) !important;border-top-color: #ffc107 !important;border-top-style: solid !important;}\u00bb el_class=\u00bbpage-nomargin-hrading\u00bb]COMIT\u00c9 CIENT\u00cdFICO[\/vc_column_text][vc_column_text css=\u00bb.vc_custom_1614673303602{border-top-width: 6px !important;padding-top: 2% !important;padding-right: 5% !important;padding-bottom: 5% !important;padding-left: 5% !important;background-color: rgba(0,0,0,0.7) !important;*background-color: rgb(0,0,0) !important;border-top-color: #ffc107 !important;border-top-style: solid !important;}\u00bb ...<\/p>\n","protected":false},"author":6,"featured_media":0,"parent":0,"menu_order":0,"comment_status":"closed","ping_status":"closed","template":"page-wide.php","meta":{"footnotes":""},"class_list":["post-470","page","type-page","status-publish","hentry"],"_links":{"self":[{"href":"https:\/\/remed.webs.upv.es\/congreso\/wp-json\/wp\/v2\/pages\/470","targetHints":{"allow":["GET"]}}],"collection":[{"href":"https:\/\/remed.webs.upv.es\/congreso\/wp-json\/wp\/v2\/pages"}],"about":[{"href":"https:\/\/remed.webs.upv.es\/congreso\/wp-json\/wp\/v2\/types\/page"}],"author":[{"embeddable":true,"href":"https:\/\/remed.webs.upv.es\/congreso\/wp-json\/wp\/v2\/users\/6"}],"replies":[{"embeddable":true,"href":"https:\/\/remed.webs.upv.es\/congreso\/wp-json\/wp\/v2\/comments?post=470"}],"version-history":[{"count":0,"href":"https:\/\/remed.webs.upv.es\/congreso\/wp-json\/wp\/v2\/pages\/470\/revisions"}],"wp:attachment":[{"href":"https:\/\/remed.webs.upv.es\/congreso\/wp-json\/wp\/v2\/media?parent=470"}],"curies":[{"name":"wp","href":"https:\/\/api.w.org\/{rel}","templated":true}]}}