{"id":159,"date":"2020-04-14T10:07:53","date_gmt":"2020-04-14T10:07:53","guid":{"rendered":"https:\/\/remed.webs.upv.es\/?page_id=2"},"modified":"2020-04-14T10:07:53","modified_gmt":"2020-04-14T10:07:53","slug":"sample-page","status":"publish","type":"page","link":"https:\/\/remed.webs.upv.es\/congreso\/sample-page\/","title":{"rendered":"Pol\u00edtica de Privacidad"},"content":{"rendered":"<p>[fusion_builder_container hundred_percent=\u00bbno\u00bb equal_height_columns=\u00bbno\u00bb menu_anchor=\u00bb\u00bb hide_on_mobile=\u00bbsmall-visibility,medium-visibility,large-visibility\u00bb class=\u00bb\u00bb id=\u00bb\u00bb background_color=\u00bb\u00bb background_image=\u00bb\u00bb background_position=\u00bbcenter center\u00bb background_repeat=\u00bbno-repeat\u00bb fade=\u00bbno\u00bb background_parallax=\u00bbnone\u00bb parallax_speed=\u00bb0.3&#8243; video_mp4=\u00bb\u00bb video_webm=\u00bb\u00bb video_ogv=\u00bb\u00bb video_url=\u00bb\u00bb video_aspect_ratio=\u00bb16:9&#8243; video_loop=\u00bbyes\u00bb video_mute=\u00bbyes\u00bb overlay_color=\u00bb\u00bb video_preview_image=\u00bb\u00bb border_size=\u00bb\u00bb border_color=\u00bb\u00bb border_style=\u00bbsolid\u00bb padding_top=\u00bb\u00bb padding_bottom=\u00bb\u00bb padding_left=\u00bb\u00bb padding_right=\u00bb\u00bb][fusion_builder_row][fusion_builder_column type=\u00bb1_1&#8243; layout=\u00bb1_1&#8243; spacing=\u00bb\u00bb center_content=\u00bbno\u00bb link=\u00bb\u00bb target=\u00bb_self\u00bb min_height=\u00bb\u00bb hide_on_mobile=\u00bbsmall-visibility,medium-visibility,large-visibility\u00bb class=\u00bb\u00bb id=\u00bb\u00bb hover_type=\u00bbnone\u00bb border_size=\u00bb0&#8243; border_color=\u00bb\u00bb border_style=\u00bbsolid\u00bb border_position=\u00bball\u00bb box_shadow=\u00bbno\u00bb box_shadow_blur=\u00bb0&#8243; box_shadow_spread=\u00bb0&#8243; box_shadow_color=\u00bb\u00bb box_shadow_style=\u00bb\u00bb background_type=\u00bbsingle\u00bb gradient_start_position=\u00bb0&#8243; gradient_end_position=\u00bb100&#8243; gradient_type=\u00bblinear\u00bb radial_direction=\u00bbcenter center\u00bb linear_angle=\u00bb180&#8243; background_color=\u00bb\u00bb background_image=\u00bb\u00bb background_image_id=\u00bb\u00bb background_position=\u00bbleft top\u00bb background_repeat=\u00bbno-repeat\u00bb background_blend_mode=\u00bbnone\u00bb animation_type=\u00bb\u00bb animation_direction=\u00bbleft\u00bb animation_speed=\u00bb0.3&#8243; animation_offset=\u00bb\u00bb filter_type=\u00bbregular\u00bb filter_hue=\u00bb0&#8243; filter_saturation=\u00bb100&#8243; filter_brightness=\u00bb100&#8243; filter_contrast=\u00bb100&#8243; filter_invert=\u00bb0&#8243; filter_sepia=\u00bb0&#8243; filter_opacity=\u00bb100&#8243; filter_blur=\u00bb0&#8243; filter_hue_hover=\u00bb0&#8243; filter_saturation_hover=\u00bb100&#8243; filter_brightness_hover=\u00bb100&#8243; filter_contrast_hover=\u00bb100&#8243; filter_invert_hover=\u00bb0&#8243; filter_sepia_hover=\u00bb0&#8243; filter_opacity_hover=\u00bb100&#8243; filter_blur_hover=\u00bb0&#8243; first=\u00bbtrue\u00bb last=\u00bbtrue\u00bb][fusion_title title_type=\u00bbtext\u00bb rotation_effect=\u00bbbounceIn\u00bb display_time=\u00bb1200&#8243; highlight_effect=\u00bbcircle\u00bb loop_animation=\u00bboff\u00bb highlight_width=\u00bb9&#8243; highlight_top_margin=\u00bb0&#8243; before_text=\u00bb\u00bb rotation_text=\u00bb\u00bb highlight_text=\u00bb\u00bb after_text=\u00bb\u00bb content_align=\u00bbleft\u00bb size=\u00bb1&#8243; font_size=\u00bb\u00bb animated_font_size=\u00bb\u00bb line_height=\u00bb\u00bb letter_spacing=\u00bb\u00bb text_color=\u00bb\u00bb animated_text_color=\u00bb\u00bb highlight_color=\u00bb\u00bb style_type=\u00bbnone\u00bb sep_color=\u00bb\u00bb animation_type=\u00bb\u00bb animation_direction=\u00bbleft\u00bb animation_speed=\u00bb0.3&#8243; animation_offset=\u00bb\u00bb hide_on_mobile=\u00bbsmall-visibility,medium-visibility,large-visibility\u00bb class=\u00bb\u00bb id=\u00bb\u00bb fusion_font_variant_title_font=\u00bb\u00bb]POL\u00cdTICA DE PROTECCI\u00d3N DE DATOS[\/fusion_title][fusion_text columns=\u00bb\u00bb column_min_width=\u00bb\u00bb column_spacing=\u00bb\u00bb rule_style=\u00bbdefault\u00bb rule_size=\u00bb\u00bb rule_color=\u00bb\u00bb hide_on_mobile=\u00bbsmall-visibility,medium-visibility,large-visibility\u00bb class=\u00bb\u00bb id=\u00bb\u00bb animation_type=\u00bb\u00bb animation_direction=\u00bbleft\u00bb animation_speed=\u00bb0.3&#8243; animation_offset=\u00bb\u00bb]<\/p>\n<p style=\"text-align: justify\">Tras la entrada en vigor del nuevo Reglamento General de Protecci\u00f3n de Datos europeo, Reglamento (UE) 2016\/679 del Parlamento Europeo y del Consejo, de 27 de abril de 2016 (RGPD en adelante), incluimos la informaci\u00f3n actualizada sobre el tratamiento de los datos personales en lo relativo a nuestros clientes, en los t\u00e9rminos exigidos por la normativa comunitaria.<\/p>\n<p style=\"text-align: justify\">De conformidad con lo establecido en la normativa, le informamos de que sus datos de car\u00e1cter personales, le informamos de que sus datos ser\u00e1n incorporados a un fichero de car\u00e1cter interno cuyo titular es Universidad de Valencia. La existencia de los ficheros se recoge en nuestro registro de actividades.<\/p>\n<p style=\"text-align: justify\"><b>\u00bfQui\u00e9n es el Responsable del tratamiento de sus datos personales?<\/b><\/p>\n<p style=\"text-align: justify\">Identidad: Universitat Polit\u00e8cnica de Val\u00e8ncia<\/p>\n<div><em>C.I.F.<\/em> Q4618002B<\/div>\n<p style=\"text-align: justify\">Direcci\u00f3n postal: Camino de Vera, s\/n 46022 Valencia<\/p>\n<p style=\"text-align: justify\">Correo electr\u00f3nico: remed@upv.es<\/p>\n<p style=\"text-align: justify\">Responsable de Seguridad: Universitat Polit\u00e8cnica de Val\u00e8ncia<\/p>\n<p style=\"text-align: justify\"><b>\u00bfCon qu\u00e9 finalidad tratamos sus datos?<\/b><\/p>\n<p style=\"text-align: justify\">En nuestro portal web ofrecemos la posibilidad de que se ponga en contacto con nosotros por medio de diferentes formularios de contacto, as\u00ed como la posibilidad de inscribirse en nuestra oferta formativa, para lo cual se le requerir\u00e1n una serie de datos con la \u00fanica finalidad de estudiar su posible acceso a nuestra oferta formativa o para poder ponernos en contacto con usted en caso de que demande informaci\u00f3n, en ning\u00fan momento se le dar\u00e1 otra finalidad a sus datos que no sea la meramente necesaria de la ejecuci\u00f3n de las solicitudes que recibimos as\u00ed como de la gesti\u00f3n y dep\u00f3sito de los mismos datos para poder satisfacer posibles reclamaciones as\u00ed como obligaciones legales.<\/p>\n<p style=\"text-align: justify\">Esta web en ning\u00fan momento tomar\u00e1 decisiones automatizadas en el tratamiento de sus datos, el tratamiento siempre ser\u00e1 acorde a los consentimientos prestados por el usuario para el tratamiento de sus datos personales.<\/p>\n<p style=\"text-align: justify\"><b>\u00bfC\u00f3mo hemos conseguido sus datos?<\/b><\/p>\n<p style=\"text-align: justify\">Los datos personales siempre son incorporados por los usuarios en los diferentes formularios de contacto, para recabar los diferentes datos, disponemos de sistemas que aseguran el consentimiento prestado por el propio usuario para el tratamiento de esos datos.<\/p>\n<p style=\"text-align: justify\">Todos los datos con los que tratamos no se tratan de datos especialmente protegidos, obedecen a una categorizaci\u00f3n b\u00e1sica o media en cuanto a las medidas de seguridad a aplicar para su tratamiento.<\/p>\n<p style=\"text-align: justify\"><b>\u00bfDurante cu\u00e1nto tiempo trataremos sus datos?<\/b><\/p>\n<p style=\"text-align: justify\">Los datos ser\u00e1n conservados durante todo el tiempo en el que subsista la relaci\u00f3n del usuario con la empresa, y tras la relaci\u00f3n, durante el tiempo que legalmente se prev\u00e9 para la conservaci\u00f3n de todos los datos relativos a facturaci\u00f3n.<\/p>\n<p style=\"text-align: justify\">El usuario en cualquier momento podr\u00e1 manifestar su oposici\u00f3n al tratamiento de sus datos personales.<\/p>\n<p style=\"text-align: justify\"><b>\u00bfCu\u00e1l es la legitimaci\u00f3n para el tratamiento de sus datos?<\/b><\/p>\n<p style=\"text-align: justify\">La base legal para el tratamiento de sus datos es el consentimiento prestado por el usuario en la cesi\u00f3n de sus datos al cumplimentar los formularios de contacto as\u00ed como la relaci\u00f3n comercial o de servicios que prestamos a los usuarios, de otra manera los contratos no podr\u00edan llevarse a cabo y la prestaci\u00f3n del servicio no podr\u00eda realizarse.<\/p>\n<p style=\"text-align: justify\">El consentimiento en el suministro de los datos es obligatorio para poder ponernos en contacto contigo, as\u00ed como para formalizar la relaci\u00f3n comercial y contractual por ello disponemos de medios que aseguran el consentimiento prestado por el usuario.<\/p>\n<p style=\"text-align: justify\">Los productos que ofrecemos solo son accesibles para mayores de edad, en caso de ser menor de edad y se solicite informaci\u00f3n, deber\u00e1 hacerlo bajo la supervisi\u00f3n de un adulto.<\/p>\n<p style=\"text-align: justify\"><b>\u00bfA qu\u00e9 destinatarios se comunicar\u00e1n sus datos?<\/b><\/p>\n<p style=\"text-align: justify\">Sus datos no ser\u00e1n cedidos a terceros sin su consentimiento, y \u00fanicamente en defecto de \u00e9ste por imperativo legal.<\/p>\n<p style=\"text-align: justify\">Si bien para poder prestar los servicios que ofrece la web, es necesario que trabajemos con terceros como los proveedores de Hosting y correo electr\u00f3nico, los cuales nos permiten almacenar la informaci\u00f3n de la web en internet, para que pueda ser accesible y podamos estar provistos de correo electr\u00f3nico que permita la comunicaci\u00f3n de la web con los diferentes usuarios.<\/p>\n<p style=\"text-align: justify\">Estos servidores almacenan la informaci\u00f3n relativa a la direcci\u00f3n IP y los datos de navegaci\u00f3n en sus propios servidores, es una necesidad imperiosa el utilizar los servicios prestados por estos terceros pues de otro modo no podr\u00edamos ofrecerle el servicio web.<\/p>\n<p style=\"text-align: justify\">Igualmente en nuestra p\u00e1gina web utilizamos software para analizar el tr\u00e1fico web y as\u00ed poder tener una mejor experiencia y poder ofrecerle mejores servicios de una manera m\u00e1s personalizada as\u00ed como poder mejorar los servicios que se demandan, \u00e9stas herramientas a trav\u00e9s de las cookies recopilan informaci\u00f3n del usuario, que si bien no son datos personales como nombre, direcci\u00f3n, etc, son datos identificables como las direcciones IP asociadas al ordenador desde el que se est\u00e9 navegando.<\/p>\n<p style=\"text-align: justify\">Para m\u00e1s informaci\u00f3n sobre estos complementos y c\u00f3mo deshabilitarlos puede acceder a nuestra pol\u00edtica de cookies.<\/p>\n<p style=\"text-align: justify\">Todos los terceros mencionados est\u00e1n obligados a cumplir las mismas disposiciones legales que nosotros por lo que el tratamiento que ellos hagan de sus datos estar\u00e1 siempre amparado legalmente.<\/p>\n<p style=\"text-align: justify\">A continuaci\u00f3n enumeramos los terceros encargados del tratamiento de sus datos y adjuntamos el enlace a su pol\u00edtica de privacidad:<\/p>\n<p style=\"text-align: justify\">Hosting y correo electr\u00f3nico:<\/p>\n<p style=\"text-align: justify\">Direcci\u00f3n pol\u00edtica de privacidad: https:\/\/remed.webs.upv.es\/politica-privacidad.html<\/p>\n<p style=\"text-align: justify\">Software anal\u00edtica: Google Analytics<\/p>\n<p style=\"text-align: justify\">Direcci\u00f3n pol\u00edtica de privacidad: https:\/\/www.google.com\/analytics\/learn\/privacy.html?hl=es<\/p>\n<p style=\"text-align: justify\"><b>\u00bfCu\u00e1les son sus derechos cuando nos facilita sus datos?<\/b><\/p>\n<p style=\"text-align: justify\">Los usuarios tienen derecho de acceso, rectificaci\u00f3n, supresi\u00f3n, oposici\u00f3n, limitaci\u00f3n y portabilidad.<\/p>\n<p style=\"text-align: justify\">El derecho de acceso comporta el derecho a obtener los datos personales que tengamos depositados en nuestros ficheros.<\/p>\n<p style=\"text-align: justify\">El derecho de rectificaci\u00f3n comporta el derecho que tienen los usuarios a rectificar los datos que consideren inexactos o a completar los que consideren incompletos.<\/p>\n<p style=\"text-align: justify\">El derecho de supresi\u00f3n o derecho al olvido comporta el derecho que tienen los usuarios a que se eliminen todos los datos que contengamos sin dilaci\u00f3n, siempre que se den los requisitos legalmente previstos en el RGPD.<\/p>\n<p style=\"text-align: justify\">El derecho de oposici\u00f3n comporta el derecho a que los usuarios se opongan al tratamiento de sus datos personales, siempre que se den los requisitos legalmente previstos en el RGPD.<\/p>\n<p style=\"text-align: justify\">El derecho de limitaci\u00f3n comporta el derecho de los usuarios a que suspendamos el tratamiento de sus datos personales as\u00ed como para su conservaci\u00f3n en el caso de reclamaciones legales.<\/p>\n<p style=\"text-align: justify\">El derecho a la portabilidad de sus datos comporta el derecho que tienen los usuarios de poder recibir sus propios datos personales en un fichero compresible para poder transmitirlo a otro responsable de tratamiento.<\/p>\n<p style=\"text-align: justify\"><b>\u00bfC\u00f3mo puede ejercitar sus derechos?<\/b><\/p>\n<p style=\"text-align: justify\">Los usuarios podr\u00e1n ejercitar cualquiera de sus derechos reconocidos por el RGPD mediante solicitud escrita y firmada acompa\u00f1ada de fotocopia de su D.N.I o documento que acredite la representaci\u00f3n, en caso de hacerlos valer a trav\u00e9s de representante, al domicilio postal del responsable Universitat Polit\u00e8cnica de Val\u00e8ncia, en la direcci\u00f3n Camino de Vera, s\/n 46022 Valencia, o por correo electr\u00f3nico adjuntando imagen o fotocopia del DNI as\u00ed como del documento acreditativo de la representaci\u00f3n, en caso de hacer valer sus derechos a trav\u00e9s de representante, a la direcci\u00f3n de correo electr\u00f3nico remed@upv.es.<\/p>\n<p style=\"text-align: justify\">En 10 d\u00edas ser\u00e1 atendida su solicitud y se ejecutar\u00e1 el derecho que reclama en caso de encontrarnos en supuestos amparados legalmente.<\/p>\n<p style=\"text-align: justify\">El usuario podr\u00e1 dirigir igualmente a la Agencia Espa\u00f1ola de Protecci\u00f3n de Datos (datos de contacto accesibles en www.agpd.es) u autoridad de control competente an\u00e1loga, una reclamaci\u00f3n, en el caso de que el usuario considere vulnerados sus derechos o no haya obtenido satisfacci\u00f3n en su ejercicio.<\/p>\n<p>[\/fusion_text][\/fusion_builder_column][\/fusion_builder_row][\/fusion_builder_container]<\/p>\n","protected":false},"excerpt":{"rendered":"<p>[fusion_builder_container hundred_percent=\u00bbno\u00bb equal_height_columns=\u00bbno\u00bb menu_anchor=\u00bb\u00bb hide_on_mobile=\u00bbsmall-visibility,medium-visibility,large-visibility\u00bb class=\u00bb\u00bb id=\u00bb\u00bb background_color=\u00bb\u00bb background_image=\u00bb\u00bb background_position=\u00bbcenter center\u00bb background_repeat=\u00bbno-repeat\u00bb fade=\u00bbno\u00bb background_parallax=\u00bbnone\u00bb parallax_speed=\u00bb0.3&#8243; video_mp4=\u00bb\u00bb video_webm=\u00bb\u00bb video_ogv=\u00bb\u00bb video_url=\u00bb\u00bb video_aspect_ratio=\u00bb16:9&#8243; video_loop=\u00bbyes\u00bb video_mute=\u00bbyes\u00bb overlay_color=\u00bb\u00bb video_preview_image=\u00bb\u00bb border_size=\u00bb\u00bb border_color=\u00bb\u00bb border_style=\u00bbsolid\u00bb padding_top=\u00bb\u00bb padding_bottom=\u00bb\u00bb padding_left=\u00bb\u00bb padding_right=\u00bb\u00bb][fusion_builder_row][fusion_builder_column type=\u00bb1_1&#8243; layout=\u00bb1_1&#8243; spacing=\u00bb\u00bb center_content=\u00bbno\u00bb link=\u00bb\u00bb target=\u00bb_self\u00bb min_height=\u00bb\u00bb hide_on_mobile=\u00bbsmall-visibility,medium-visibility,large-visibility\u00bb class=\u00bb\u00bb id=\u00bb\u00bb hover_type=\u00bbnone\u00bb border_size=\u00bb0&#8243; border_color=\u00bb\u00bb border_style=\u00bbsolid\u00bb border_position=\u00bball\u00bb box_shadow=\u00bbno\u00bb box_shadow_blur=\u00bb0&#8243; box_shadow_spread=\u00bb0&#8243; box_shadow_color=\u00bb\u00bb ...<\/p>\n","protected":false},"author":6,"featured_media":0,"parent":0,"menu_order":0,"comment_status":"closed","ping_status":"closed","template":"","meta":{"footnotes":""},"class_list":["post-159","page","type-page","status-publish","hentry"],"_links":{"self":[{"href":"https:\/\/remed.webs.upv.es\/congreso\/wp-json\/wp\/v2\/pages\/159","targetHints":{"allow":["GET"]}}],"collection":[{"href":"https:\/\/remed.webs.upv.es\/congreso\/wp-json\/wp\/v2\/pages"}],"about":[{"href":"https:\/\/remed.webs.upv.es\/congreso\/wp-json\/wp\/v2\/types\/page"}],"author":[{"embeddable":true,"href":"https:\/\/remed.webs.upv.es\/congreso\/wp-json\/wp\/v2\/users\/6"}],"replies":[{"embeddable":true,"href":"https:\/\/remed.webs.upv.es\/congreso\/wp-json\/wp\/v2\/comments?post=159"}],"version-history":[{"count":0,"href":"https:\/\/remed.webs.upv.es\/congreso\/wp-json\/wp\/v2\/pages\/159\/revisions"}],"wp:attachment":[{"href":"https:\/\/remed.webs.upv.es\/congreso\/wp-json\/wp\/v2\/media?parent=159"}],"curies":[{"name":"wp","href":"https:\/\/api.w.org\/{rel}","templated":true}]}}