{"id":1350,"date":"2020-10-19T12:01:50","date_gmt":"2020-10-19T12:01:50","guid":{"rendered":"https:\/\/remed.webs.upv.es\/congreso\/?page_id=1350"},"modified":"2021-01-08T10:01:58","modified_gmt":"2021-01-08T10:01:58","slug":"convocatoria-de-comunicaciones","status":"publish","type":"page","link":"https:\/\/remed.webs.upv.es\/congreso\/convocatoria-de-comunicaciones\/","title":{"rendered":"Convocatoria de Comunicaciones"},"content":{"rendered":"<div class=\"wpb-content-wrapper\"><p>[vc_row][vc_column][\/vc_column][\/vc_row][vc_row][vc_column]\t\t<div>\n\t\t\t<h4  class=\"evenz-element-caption evenz-caption  evenz-caption__m  \" data-qtwaypoints-offset=\"30\" data-qtwaypoints>\t\t\t\t<span>Convocatoria para la presentaci\u00f3n de comunicaciones<\/span>\n\t\t\t\t<\/h4>\t\t<\/div>\n\t\t[\/vc_column][\/vc_row][vc_row][vc_column][vc_column_text]<span data-contrast=\"auto\">Las comunicaciones tendr\u00e1n una duraci\u00f3n m\u00e1xima de\u00a0<\/span><span data-contrast=\"auto\">15\u00a0<\/span><span data-contrast=\"auto\">minutos.<\/span><span data-ccp-props=\"{&quot;201341983&quot;:0,&quot;335559739&quot;:160,&quot;335559740&quot;:259}\"> El proceso de solicitud de comunicaciones est\u00e1 dividido en dos fases:<\/span><\/p>\n<p><b><span data-contrast=\"auto\">Fase 1: Env\u00edo de propuestas de comunicaciones (abstracts)<\/span><\/b><\/p>\n<ul>\n<li data-leveltext=\"\uf0b7\" data-font=\"Symbol\" data-listid=\"21\" aria-setsize=\"-1\" data-aria-posinset=\"1\" data-aria-level=\"1\">El env\u00edo e realiza a trav\u00e9s de un formulario de la plataforma web de la UPV (v\u00e9ase final de esta p\u00e1gina)<\/li>\n<li data-leveltext=\"\uf0b7\" data-font=\"Symbol\" data-listid=\"21\" aria-setsize=\"-1\" data-aria-posinset=\"1\" data-aria-level=\"1\">Contenido del abstract:\n<ul>\n<li data-leveltext=\"\uf0b7\" data-font=\"Symbol\" data-listid=\"21\" aria-setsize=\"-1\" data-aria-posinset=\"1\" data-aria-level=\"1\"><b><span data-contrast=\"auto\">T\u00edtulo de la Comunicaci\u00f3n:<\/span><\/b><span data-contrast=\"auto\">\u00a0Se escribir\u00e1 el t\u00edtulo de la comunicaci\u00f3n en una o dos l\u00edneas (m\u00e1ximo)<\/span><span data-contrast=\"auto\">.<\/span><span data-ccp-props=\"{&quot;134233279&quot;:true,&quot;201341983&quot;:0,&quot;335559739&quot;:160,&quot;335559740&quot;:259}\">\u00a0<\/span><\/li>\n<li data-leveltext=\"\uf0b7\" data-font=\"Symbol\" data-listid=\"21\" aria-setsize=\"-1\" data-aria-posinset=\"2\" data-aria-level=\"1\"><b><span data-contrast=\"auto\">Resumen de la comunicaci\u00f3n<\/span><\/b><span data-contrast=\"auto\">, m\u00e1ximo\u00a0<\/span><b><span data-contrast=\"auto\">400 palabras<\/span><\/b><b><span data-contrast=\"auto\">.<\/span><\/b><span data-ccp-props=\"{&quot;134233279&quot;:true,&quot;201341983&quot;:0,&quot;335559739&quot;:160,&quot;335559740&quot;:259}\">\u00a0<\/span><\/li>\n<li data-leveltext=\"\uf0b7\" data-font=\"Symbol\" data-listid=\"21\" aria-setsize=\"-1\" data-aria-posinset=\"2\" data-aria-level=\"1\"><b><span data-contrast=\"auto\">Palabras Clave:<\/span><\/b><span data-contrast=\"auto\">\u00a0Indicar\u00a0<\/span><b><span data-contrast=\"auto\">5 palabras clave<\/span><\/b><span data-contrast=\"auto\">. A ser posible, no repita las palabras que aparecen en el t\u00edtulo de su art\u00edculo.\u00a0<\/span><span data-ccp-props=\"{&quot;134233279&quot;:true,&quot;201341983&quot;:0,&quot;335559739&quot;:160,&quot;335559740&quot;:259}\">\u00a0<\/span><\/li>\n<\/ul>\n<\/li>\n<\/ul>\n<ul>\n<li style=\"list-style-type: none;\"><\/li>\n<\/ul>\n<p><b><span data-contrast=\"auto\">Fase 2: Env\u00edo del texto completo de las comunicaciones <\/span><\/b><b><span data-contrast=\"auto\">aceptadas<\/span><\/b><\/p>\n<ul>\n<li>El env\u00edo e realiza a trav\u00e9s de la plataforma web<\/li>\n<\/ul>\n<ul>\n<li data-leveltext=\"\uf0b7\" data-font=\"Symbol\" data-listid=\"10\" aria-setsize=\"-1\" data-aria-posinset=\"2\" data-aria-level=\"1\"><b><span data-contrast=\"auto\">Contenido de la comunicaci\u00f3n:<\/span><\/b>\n<ul>\n<li data-leveltext=\"\uf0b7\" data-font=\"Symbol\" data-listid=\"10\" aria-setsize=\"-1\" data-aria-posinset=\"2\" data-aria-level=\"1\"><b><span data-contrast=\"auto\">T\u00edtulo de<\/span><\/b><b><span data-contrast=\"auto\">\u00a0la Comunicaci\u00f3n<\/span><\/b><b><span data-contrast=\"auto\">:<\/span><\/b><span data-contrast=\"auto\">\u00a0Se escribir\u00e1<\/span><b><span data-contrast=\"auto\">\u00a0el t\u00edtulo de<\/span><\/b><b><span data-contrast=\"auto\">\u00a0la comunicaci\u00f3n\u00a0<\/span><\/b><span data-contrast=\"auto\">en una o dos l\u00edneas (m\u00e1ximo), seguido de su<\/span><b><span data-contrast=\"auto\">\u00a0traducci\u00f3n\u00a0<\/span><\/b><b><span data-contrast=\"auto\">al<\/span><\/b><b><span data-contrast=\"auto\">\u00a0ingl\u00e9s<\/span><\/b><span data-contrast=\"auto\">.<\/span><span data-ccp-props=\"{&quot;134233279&quot;:true,&quot;201341983&quot;:0,&quot;335559739&quot;:160,&quot;335559740&quot;:259}\">\u00a0<\/span><\/li>\n<li data-leveltext=\"\uf0b7\" data-font=\"Symbol\" data-listid=\"10\" aria-setsize=\"-1\" data-aria-posinset=\"2\" data-aria-level=\"1\"><b><span data-contrast=\"auto\">Resumen de la comunicaci\u00f3n<\/span><\/b><span data-contrast=\"auto\">, m\u00e1ximo\u00a0<\/span><b><span data-contrast=\"auto\">400 palabras<\/span><\/b><span data-contrast=\"auto\">\u00a0en\u00a0<\/span><b><span data-contrast=\"auto\">castellano<\/span><\/b><b><span data-contrast=\"auto\">,\u00a0<\/span><\/b><span data-contrast=\"auto\">y<\/span><b><span data-contrast=\"auto\">\u00a0traducido al<\/span><\/b><b><span data-contrast=\"auto\">\u00a0ingl\u00e9s<\/span><\/b><span data-contrast=\"auto\">.<\/span><span data-ccp-props=\"{&quot;134233279&quot;:true,&quot;201341983&quot;:0,&quot;335559739&quot;:160,&quot;335559740&quot;:259}\">\u00a0<\/span><\/li>\n<li data-leveltext=\"\uf0b7\" data-font=\"Symbol\" data-listid=\"10\" aria-setsize=\"-1\" data-aria-posinset=\"2\" data-aria-level=\"1\"><b><span data-contrast=\"auto\">Palabras Clave:<\/span><\/b><span data-contrast=\"auto\">\u00a0Indicar<\/span><b><span data-contrast=\"auto\">\u00a05 palabras clave<\/span><\/b><span data-contrast=\"auto\">. A ser posible, no repita las palabras que aparecen en el t\u00edtulo de su art\u00edculo.\u00a0<\/span><span data-contrast=\"auto\">Tambi\u00e9n\u00a0<\/span><b><span data-contrast=\"auto\">s<\/span><\/b><b><span data-contrast=\"auto\">e<\/span><\/b><b><span data-contrast=\"auto\">\u00a0listar\u00e1n las palabras clave traducidas al ingl\u00e9s<\/span><\/b><span data-contrast=\"auto\">.\u00a0<\/span><span data-ccp-props=\"{&quot;134233279&quot;:true,&quot;201341983&quot;:0,&quot;335559739&quot;:160,&quot;335559740&quot;:259}\">\u00a0<\/span><\/li>\n<\/ul>\n<\/li>\n<\/ul>\n<p><b><span data-contrast=\"auto\">Requisitos para los autores de comunicaciones<\/span><\/b><\/p>\n<ul>\n<li><span data-contrast=\"auto\">Cada\u00a0<\/span><span data-contrast=\"auto\">comunicaci\u00f3n<\/span><span data-contrast=\"auto\">\u00a0presentad<\/span><span data-contrast=\"auto\">a<\/span><span data-contrast=\"auto\">\u00a0deber\u00e1 constar de al menos una persona representante que\u00a0<\/span><span data-contrast=\"auto\">se inscriba\u00a0<\/span><span data-contrast=\"auto\">en el Congreso.<\/span><\/li>\n<li><span data-contrast=\"auto\">Se debe\u00a0<\/span><span data-contrast=\"auto\">enviar la COMUNICACI\u00d3N COMPLETA, siguiendo las normas de publicaci\u00f3n y la plantilla propuesta, en formato .docx (o si utiliza la plantilla LaTeX en\u00a0<\/span><span data-contrast=\"auto\">PDF) descargable al final de esta p\u00e1gina<\/span><span data-contrast=\"auto\">. <\/span><\/li>\n<li><span data-contrast=\"auto\">Las comunicaciones deber\u00e1n tener una extensi\u00f3n m\u00ednima de 5 p\u00e1ginas y m\u00e1xima de 15<\/span><span data-contrast=\"auto\">\u00a0(<\/span><span data-contrast=\"auto\">m\u00e1ximo\u00a0<\/span><span data-contrast=\"auto\">5<\/span><span data-contrast=\"auto\">.<\/span><span data-contrast=\"auto\">000 palabras<\/span><span data-contrast=\"auto\">)<\/span><span data-contrast=\"auto\">.<\/span><\/li>\n<li>El\u00a0<b><span data-contrast=\"auto\">idioma<\/span><\/b><span data-contrast=\"auto\">\u00a0<\/span><b><span data-contrast=\"auto\">oficial<\/span><\/b><span data-contrast=\"auto\">\u00a0del congreso es el\u00a0<\/span><b><span data-contrast=\"auto\">castellano<\/span><\/b><span data-contrast=\"auto\">, no obstante, excepcionalmente se aceptar\u00e1n trabajos en ingl\u00e9s.<\/span><span data-contrast=\"auto\">\u00a0Tod<\/span><span data-contrast=\"auto\">as las comunicaciones traducir\u00e1n el t\u00edtulo, resumen y palabras clave a ingl\u00e9s. No\u00a0<\/span><span data-contrast=\"auto\">se precisa la traducci\u00f3n\u00a0<\/span><span data-contrast=\"auto\">al<\/span><span data-contrast=\"auto\">\u00a0ingl\u00e9s de la comunicaci\u00f3n completa.\u00a0<\/span><span data-ccp-props=\"{&quot;134233279&quot;:true,&quot;201341983&quot;:0,&quot;335559685&quot;:720,&quot;335559739&quot;:160,&quot;335559740&quot;:259}\">\u00a0<\/span><\/li>\n<\/ul>\n<p>[\/vc_column_text]\t\t\t<hr class=\"evenz-spacer-m\">\n\t\t\t\t<div>\n\t\t\t<h4  class=\"evenz-element-caption evenz-caption  evenz-caption__m  \" data-qtwaypoints-offset=\"30\" data-qtwaypoints>\t\t\t\t<span>Publicaci\u00f3n de actas y comunicaciones premiadas<\/span>\n\t\t\t\t<\/h4>\t\t<\/div>\n\t\t[vc_column_text]<span data-contrast=\"auto\">Todos l<\/span><span data-contrast=\"auto\">os trabajos que hayan sido aceptados y remitidos en tiempo y forma correctos ser\u00e1n publicados por la\u00a0<\/span><span data-contrast=\"auto\">Universitat<\/span><span data-contrast=\"auto\">\u00a0<\/span><span data-contrast=\"auto\">Polit\u00e8cnica<\/span><span data-contrast=\"auto\">\u00a0de Val\u00e8ncia\u00a0<\/span><span data-contrast=\"auto\">(UPV)\u00a0<\/span><span data-contrast=\"auto\">en\u00a0<\/span><span data-contrast=\"auto\">las Actas de Congreso<\/span><span data-contrast=\"auto\">,<\/span><span data-contrast=\"auto\">\u00a0con\u00a0<\/span><span data-contrast=\"auto\">DOI\u00a0<\/span><span data-contrast=\"auto\">e<\/span><span data-contrast=\"auto\">\u00a0ISBN<\/span><span data-contrast=\"auto\">. P<\/span><span data-contrast=\"auto\">or ello es obligatorio que las contribuciones sean originales, debiendo presentar experiencias pr\u00e1cticas y evidencias emp\u00edricas<\/span><span data-contrast=\"auto\">.<\/span><span data-ccp-props=\"{&quot;134233279&quot;:true,&quot;201341983&quot;:0,&quot;335559685&quot;:720,&quot;335559739&quot;:160,&quot;335559740&quot;:259}\">\u00a0<\/span><\/p>\n<p><span data-contrast=\"auto\">Para poder leer comunicaciones es obligatorio mandar el documento de cesi\u00f3n de derechos firmado<\/span><span data-contrast=\"auto\">, as\u00ed como<\/span><span data-contrast=\"auto\">\u00a0entregar las\u00a0<\/span><span data-contrast=\"auto\">comunicaciones<\/span><span data-contrast=\"auto\">\u00a0<\/span><span data-contrast=\"auto\">en la plantilla. Ambos accesibles <a href=\"#documentos\">al final de esta p\u00e1gina.<\/a><\/span><\/p>\n<p><span data-contrast=\"auto\">Algun<\/span><span data-contrast=\"auto\">as\u00a0<\/span><span data-contrast=\"auto\">comunicaciones, seleccionados por el Comit\u00e9 Cient\u00edfico, ser\u00e1n premiadas y\u00a0<\/span><span data-contrast=\"auto\">se traducir\u00e1n\u00a0<\/span><span data-contrast=\"auto\">completamente a<\/span><span data-contrast=\"auto\">\u00a0ingl\u00e9s<\/span><span data-contrast=\"auto\">\u00a0para ser publicados en las actas<\/span><span data-contrast=\"auto\">\u00a0en ambos idiomas<\/span><span data-contrast=\"auto\">.\u00a0<\/span><span data-ccp-props=\"{&quot;134233279&quot;:true,&quot;201341983&quot;:0,&quot;335559685&quot;:720,&quot;335559739&quot;:160,&quot;335559740&quot;:259}\">\u00a0<\/span>[\/vc_column_text]\t\t\t<hr class=\"evenz-spacer-m\">\n\t\t[\/vc_column][\/vc_row][vc_row][vc_column][vc_column_text el_id=\u00bbfechas\u00bb][\/vc_column_text]\t\t<div>\n\t\t\t<h4  class=\"evenz-element-caption evenz-caption  evenz-caption__m  \" data-qtwaypoints-offset=\"30\" data-qtwaypoints>\t\t\t\t<span>Fechas Clave<\/span>\n\t\t\t\t<\/h4>\t\t<\/div>\n\t\t[vc_column_text]<span data-contrast=\"auto\">Abierta la convocatoria para las comunicaciones.<\/span><span data-ccp-props=\"{&quot;201341983&quot;:0,&quot;335559739&quot;:160,&quot;335559740&quot;:259}\">\u00a0<\/span><\/p>\n<p><b><span data-contrast=\"auto\">Fechas de<\/span><\/b><span data-contrast=\"auto\">\u00a0<\/span><b><span data-contrast=\"auto\">env\u00edo de propuestas:<\/span><\/b><span data-contrast=\"auto\">\u00a0<\/span><span data-ccp-props=\"{&quot;201341983&quot;:0,&quot;335559739&quot;:160,&quot;335559740&quot;:259}\">\u00a0<\/span><\/p>\n<ul>\n<li data-leveltext=\"\u2013\" data-font=\"Calibri\" data-listid=\"10\" aria-setsize=\"-1\" data-aria-posinset=\"0\" data-aria-level=\"2\"><span data-contrast=\"auto\">Desde el\u00a0<\/span><b><span data-contrast=\"auto\">8\u00a0<\/span><\/b><b><span data-contrast=\"auto\">de\u00a0<\/span><\/b><b><span data-contrast=\"auto\">octubre<\/span><\/b><del><span data-contrast=\"auto\">\u00a0hasta el<\/span><span data-contrast=\"auto\">\u00a0<\/span><b><span data-contrast=\"auto\">8*<\/span><\/b><b><span data-contrast=\"auto\"> de\u00a0<\/span><\/b><b><span data-contrast=\"auto\">enero<\/span><\/b><span data-contrast=\"auto\">\u00a0<\/span><b><span data-contrast=\"auto\">de 202<\/span><\/b><b><span data-contrast=\"auto\">1<\/span><\/b><\/del><span data-contrast=\"auto\"><del>\u00a0<\/del>(<\/span><span data-contrast=\"auto\">incluido<\/span><span data-contrast=\"auto\">)<\/span><span data-contrast=\"auto\">.\u00a0<\/span><span data-ccp-props=\"{&quot;134233279&quot;:true,&quot;201341983&quot;:0,&quot;335559685&quot;:709,&quot;335559739&quot;:160,&quot;335559740&quot;:259,&quot;335559991&quot;:283}\"><strong> *<span style=\"color: #ff0000;\">Ampliado el plazo hasta el 18 de enero a las 23:55h.<\/span><\/strong><br \/>\n<\/span><\/li>\n<\/ul>\n<p><b><span data-contrast=\"auto\">Fechas de\u00a0<\/span><\/b><b><span data-contrast=\"auto\">e<\/span><\/b><b><span data-contrast=\"auto\">nv\u00edo<\/span><\/b><b><span data-contrast=\"auto\">\u00a0de textos completos<\/span><\/b><span data-contrast=\"auto\">\u00a0de comunicaciones aceptadas:\u00a0<\/span><span data-ccp-props=\"{&quot;201341983&quot;:0,&quot;335559685&quot;:426,&quot;335559739&quot;:160,&quot;335559740&quot;:259,&quot;335559991&quot;:426}\">\u00a0<\/span><\/p>\n<ul>\n<li data-leveltext=\"\u2013\" data-font=\"Calibri\" data-listid=\"15\" aria-setsize=\"-1\" data-aria-posinset=\"0\" data-aria-level=\"1\"><span data-contrast=\"auto\">Aviso\u00a0<\/span><span data-contrast=\"auto\">de aceptaci\u00f3n \/<\/span><span data-contrast=\"auto\">re<\/span><span data-contrast=\"auto\">chaz<\/span><span data-contrast=\"auto\">o<\/span><span data-contrast=\"auto\">:<\/span><b><span data-contrast=\"auto\">\u00a0<\/span><\/b><b><span data-contrast=\"auto\">2<\/span><\/b><b><span data-contrast=\"auto\">5<\/span><\/b><b><span data-contrast=\"auto\">\u00a0enero 2021<\/span><\/b><span data-contrast=\"auto\">.<\/span><span data-ccp-props=\"{&quot;134233279&quot;:true,&quot;201341983&quot;:0,&quot;335559739&quot;:160,&quot;335559740&quot;:259}\">\u00a0<\/span><\/li>\n<\/ul>\n<ul>\n<li data-leveltext=\"\u2013\" data-font=\"Calibri\" data-listid=\"15\" aria-setsize=\"-1\" data-aria-posinset=\"0\" data-aria-level=\"1\"><span data-contrast=\"auto\">Env<\/span><span data-contrast=\"auto\">\u00edo<\/span><span data-contrast=\"auto\">\u00a0de textos completos<\/span><span data-contrast=\"auto\">:<\/span><span data-contrast=\"auto\">\u00a0<\/span><span data-contrast=\"auto\">desde el\u00a0<\/span><b><span data-contrast=\"auto\">2<\/span><\/b><b><span data-contrast=\"auto\">5<\/span><\/b><b><span data-contrast=\"auto\">\u00a0<\/span><\/b><b><span data-contrast=\"auto\">de enero<\/span><\/b><span data-contrast=\"auto\">\u00a0<\/span><span data-contrast=\"auto\">al\u00a0<\/span><b><span data-contrast=\"auto\">1<\/span><\/b><b><span data-contrast=\"auto\">\u00a0de\u00a0<\/span><\/b><b><span data-contrast=\"auto\">marzo<\/span><\/b><b><span data-contrast=\"auto\">\u00a0de 2021<\/span><\/b><span data-contrast=\"auto\">\u00a0(incluido)<\/span><span data-contrast=\"auto\">.\u00a0<\/span><span data-ccp-props=\"{&quot;134233279&quot;:true,&quot;201341983&quot;:0,&quot;335559739&quot;:160,&quot;335559740&quot;:259}\">\u00a0<\/span><\/li>\n<li data-leveltext=\"\u2013\" data-font=\"Calibri\" data-listid=\"15\" aria-setsize=\"-1\" data-aria-posinset=\"0\" data-aria-level=\"1\"><span data-contrast=\"auto\">Fecha l\u00edmite para matricularse en el congreso para autores que presenten comunicaci\u00f3n<\/span><span data-contrast=\"auto\">:<\/span><span data-contrast=\"auto\">\u00a0<\/span><b><span data-contrast=\"auto\">1<\/span><\/b><b><span data-contrast=\"auto\">\u00a0de<\/span><\/b><b><span data-contrast=\"auto\">\u00a0marzo<\/span><\/b><b><span data-contrast=\"auto\">\u00a0<\/span><\/b><b><span data-contrast=\"auto\">de 202<\/span><\/b><b><span data-contrast=\"auto\">1<\/span><\/b><b><span data-contrast=\"auto\">\u00a0<\/span><\/b><span data-contrast=\"auto\">(incluido)<\/span><span data-contrast=\"auto\">.<\/span><span data-ccp-props=\"{&quot;134233279&quot;:true,&quot;201341983&quot;:0,&quot;335559739&quot;:160,&quot;335559740&quot;:259}\">\u00a0<\/span><\/li>\n<li data-leveltext=\"\u2013\" data-font=\"Calibri\" data-listid=\"15\" aria-setsize=\"-1\" data-aria-posinset=\"0\" data-aria-level=\"1\"><span data-contrast=\"auto\">Fecha l\u00edmite para<\/span><span data-contrast=\"auto\">\u00a0inscribirse<\/span><span data-contrast=\"auto\">\u00a0en el congreso para p\u00fablico sin comunicaci\u00f3n:<\/span><span data-contrast=\"auto\">\u00a0<\/span><b><span data-contrast=\"auto\">21<\/span><\/b><b><span data-contrast=\"auto\">\u00a0de\u00a0<\/span><\/b><b><span data-contrast=\"auto\">marzo<\/span><\/b><b><span data-contrast=\"auto\">\u00a0de<\/span><\/b><b><span data-contrast=\"auto\">\u00a020<\/span><\/b><b><span data-contrast=\"auto\">2<\/span><\/b><b><span data-contrast=\"auto\">1<\/span><\/b><b><span data-contrast=\"auto\">\u00a0<\/span><\/b><span data-contrast=\"auto\">(incluido)<\/span><span data-contrast=\"auto\">.<\/span><span data-ccp-props=\"{&quot;134233279&quot;:true,&quot;201341983&quot;:0,&quot;335559739&quot;:160,&quot;335559740&quot;:259}\">\u00a0<\/span><\/li>\n<li data-leveltext=\"\u2013\" data-font=\"Calibri\" data-listid=\"15\" aria-setsize=\"-1\" data-aria-posinset=\"0\" data-aria-level=\"1\"><span data-contrast=\"auto\">Fechas de desarrollo del\u00a0<\/span><span data-contrast=\"auto\">Congreso<\/span><span data-contrast=\"auto\">\u00a0Online<\/span><span data-contrast=\"auto\">:<\/span><span data-contrast=\"auto\">\u00a0<\/span><b><span data-contrast=\"auto\">jueves<\/span><\/b><span data-contrast=\"auto\">\u00a0<\/span><b><span data-contrast=\"auto\">25 y viernes 26 de marzo de 2021<\/span><\/b><span data-contrast=\"auto\">.<\/span><span data-ccp-props=\"{&quot;134233279&quot;:true,&quot;201341983&quot;:0,&quot;335559739&quot;:160,&quot;335559740&quot;:259}\">\u00a0<\/span><\/li>\n<\/ul>\n<p>[\/vc_column_text]\t\t\t<hr class=\"evenz-spacer-m\">\n\t\t\t\t<div>\n\t\t\t<h4  class=\"evenz-element-caption evenz-caption  evenz-caption__m  \" data-qtwaypoints-offset=\"30\" data-qtwaypoints>\t\t\t\t<span>Env\u00edo de propuestas (abstracts)<\/span>\n\t\t\t\t<\/h4>\t\t<\/div>\n\t\t[vc_column_text]Para enviar la propuesta en forma de abstract pulse el siguiente bot\u00f3n y siga los pasos para completar el registro de su resumen.[\/vc_column_text]\t\t\t<hr class=\"evenz-spacer-m\">\n\t\t <p class=\"aligncenter\"><a href=\"http:\/\/ocs.editorial.upv.es\/index.php\/CIMED\/CIMED21\/schedConf\/cfp\"  target=\"_blank\"  \n\t\tclass=\"evenz-btn  aligncenter  \"><span>Enviar propuesta<\/span><\/a><\/p>[vc_column_text el_id=\u00bbdocumentos\u00bb]&nbsp;[\/vc_column_text]\t\t\t<hr class=\"evenz-spacer-m\">\n\t\t\t\t<div>\n\t\t\t<h4  class=\"evenz-element-caption evenz-caption  evenz-caption__m  \" data-qtwaypoints-offset=\"30\" data-qtwaypoints>\t\t\t\t<span>Documentos<\/span>\n\t\t\t\t<\/h4>\t\t<\/div>\n\t\t[vc_column_text]Una vez aceptado su abstract, descargue la plantilla para completar con el formato adecuado su comunicaci\u00f3n y\u00a0 revise el documento de cesi\u00f3n de derechos asociado.[\/vc_column_text]\t\t\t<hr class=\"evenz-spacer-m\">\n\t\t[vc_row_inner][vc_column_inner width=\u00bb1\/2&#8243;] <p class=\"aligncenter\"><a href=\"https:\/\/remed.webs.upv.es\/congreso\/wp-content\/uploads\/sites\/4\/2019\/08\/Plantilla-Comunicacion-CIMED.docx\"  target=\"_blank\"  \n\t\tclass=\"evenz-btn  aligncenter  \"><span>Desgargar Plantilla<\/span><\/a><\/p>[\/vc_column_inner][vc_column_inner width=\u00bb1\/2&#8243;] <p class=\"aligncenter\"><a href=\"https:\/\/remed.webs.upv.es\/congreso\/wp-content\/uploads\/sites\/4\/2019\/08\/DECLARACION_CESION_DERECHOS_Comunicacion_CongresoCIMED_EDITORIAL_UPV-2020.doc\"  target=\"_blank\"  \n\t\tclass=\"evenz-btn  aligncenter  \"><span>Cesi\u00f3n de Derechos<\/span><\/a><\/p>[\/vc_column_inner][\/vc_row_inner][\/vc_column][\/vc_row][vc_row][vc_column][\/vc_column][\/vc_row]<\/p>\n<\/div>","protected":false},"excerpt":{"rendered":"<p>[vc_row][vc_column][\/vc_column][\/vc_row][vc_row][vc_column][\/vc_column][\/vc_row][vc_row][vc_column][vc_column_text]Las comunicaciones tendr\u00e1n una duraci\u00f3n m\u00e1xima de\u00a015\u00a0minutos. El proceso de solicitud de comunicaciones est\u00e1 dividido en dos fases: Fase 1: Env\u00edo de propuestas de comunicaciones (abstracts) El env\u00edo e realiza a trav\u00e9s de un formulario de la plataforma web de la UPV (v\u00e9ase final de esta p\u00e1gina) Contenido del abstract: ...<\/p>\n","protected":false},"author":1,"featured_media":1504,"parent":0,"menu_order":0,"comment_status":"closed","ping_status":"closed","template":"","meta":{"footnotes":""},"class_list":["post-1350","page","type-page","status-publish","has-post-thumbnail","hentry"],"_links":{"self":[{"href":"https:\/\/remed.webs.upv.es\/congreso\/wp-json\/wp\/v2\/pages\/1350","targetHints":{"allow":["GET"]}}],"collection":[{"href":"https:\/\/remed.webs.upv.es\/congreso\/wp-json\/wp\/v2\/pages"}],"about":[{"href":"https:\/\/remed.webs.upv.es\/congreso\/wp-json\/wp\/v2\/types\/page"}],"author":[{"embeddable":true,"href":"https:\/\/remed.webs.upv.es\/congreso\/wp-json\/wp\/v2\/users\/1"}],"replies":[{"embeddable":true,"href":"https:\/\/remed.webs.upv.es\/congreso\/wp-json\/wp\/v2\/comments?post=1350"}],"version-history":[{"count":0,"href":"https:\/\/remed.webs.upv.es\/congreso\/wp-json\/wp\/v2\/pages\/1350\/revisions"}],"wp:featuredmedia":[{"embeddable":true,"href":"https:\/\/remed.webs.upv.es\/congreso\/wp-json\/wp\/v2\/media\/1504"}],"wp:attachment":[{"href":"https:\/\/remed.webs.upv.es\/congreso\/wp-json\/wp\/v2\/media?parent=1350"}],"curies":[{"name":"wp","href":"https:\/\/api.w.org\/{rel}","templated":true}]}}