{"id":4228,"date":"2023-12-01T09:05:57","date_gmt":"2023-12-01T09:05:57","guid":{"rendered":"https:\/\/remed.webs.upv.es\/cimedviajero\/?page_id=4228"},"modified":"2024-09-04T08:31:49","modified_gmt":"2024-09-04T08:31:49","slug":"patrocinadores","status":"publish","type":"page","link":"https:\/\/remed.webs.upv.es\/cimedviajero\/patrocinadores\/","title":{"rendered":"Patrocinadores"},"content":{"rendered":"\t\t<div data-elementor-type=\"wp-post\" data-elementor-id=\"4228\" class=\"elementor elementor-4228\">\n\t\t\t\t\t\t<section class=\"elementor-section elementor-top-section elementor-element elementor-element-6cbe5f88 elementor-section-content-middle elementor-section-boxed elementor-section-height-default elementor-section-height-default\" data-id=\"6cbe5f88\" data-element_type=\"section\" data-e-type=\"section\" data-settings=\"{&quot;background_background&quot;:&quot;classic&quot;}\">\n\t\t\t\t\t\t\t<div class=\"elementor-background-overlay\"><\/div>\n\t\t\t\t\t\t\t<div class=\"elementor-container elementor-column-gap-no\">\n\t\t\t\t\t<div class=\"elementor-column elementor-col-100 elementor-top-column elementor-element elementor-element-5c5258b0\" data-id=\"5c5258b0\" data-element_type=\"column\" data-e-type=\"column\">\n\t\t\t<div class=\"elementor-widget-wrap elementor-element-populated\">\n\t\t\t\t\t\t<div class=\"elementor-element elementor-element-51fb5f58 elementor-widget elementor-widget-heading\" data-id=\"51fb5f58\" data-element_type=\"widget\" data-e-type=\"widget\" data-widget_type=\"heading.default\">\n\t\t\t\t<div class=\"elementor-widget-container\">\n\t\t\t\t\t<h1 class=\"elementor-heading-title elementor-size-default\">Patrocinadores<\/h1>\t\t\t\t<\/div>\n\t\t\t\t<\/div>\n\t\t\t\t\t<\/div>\n\t\t<\/div>\n\t\t\t\t\t<\/div>\n\t\t<\/section>\n\t\t\t\t<section class=\"elementor-section elementor-top-section elementor-element elementor-element-24b3494 animated-fast elementor-section-boxed elementor-section-height-default elementor-section-height-default elementor-invisible\" data-id=\"24b3494\" data-element_type=\"section\" data-e-type=\"section\" data-settings=\"{&quot;animation&quot;:&quot;fadeIn&quot;}\">\n\t\t\t\t\t\t<div class=\"elementor-container elementor-column-gap-default\">\n\t\t\t\t\t<div class=\"elementor-column elementor-col-100 elementor-top-column elementor-element elementor-element-ad88732\" data-id=\"ad88732\" data-element_type=\"column\" data-e-type=\"column\">\n\t\t\t<div class=\"elementor-widget-wrap elementor-element-populated\">\n\t\t\t\t\t\t<div class=\"elementor-element elementor-element-47e93f6 eael-dual-header-content-align-left elementor-widget elementor-widget-eael-dual-color-header\" data-id=\"47e93f6\" data-element_type=\"widget\" data-e-type=\"widget\" data-widget_type=\"eael-dual-color-header.default\">\n\t\t\t\t<div class=\"elementor-widget-container\">\n\t\t\t\t\t\t\t\t<div class=\"eael-dual-header\">\n\t\t\t\t<h2 class=\"title eael-dch-title\"><span class=\"eael-dch-title-text eael-dch-title-lead lead solid-color\">Patrocinador<\/span> <span class=\"eael-dch-title-text\">oro<\/span><\/h2>\t\t\t\t\t<span class=\"subtext\"> <\/span>\n\t\t\t\t\t\t\t<\/div>\n\n\t\t\t\t\t\t<\/div>\n\t\t\t\t<\/div>\n\t\t\t\t<div class=\"elementor-element elementor-element-c71215a elementor-widget elementor-widget-image-box\" data-id=\"c71215a\" data-element_type=\"widget\" data-e-type=\"widget\" data-widget_type=\"image-box.default\">\n\t\t\t\t<div class=\"elementor-widget-container\">\n\t\t\t\t\t<div class=\"elementor-image-box-wrapper\"><div class=\"elementor-image-box-content\"><h3 class=\"elementor-image-box-title\">LIN3S<\/h3><p class=\"elementor-image-box-description\">LIN3S es una consultora de negocio nacida en Bilbao que cuenta con delegaciones en diversas ciudades del Estado, as\u00ed como presencia internacional en Francia y Portugal, integrada por un equipo de m\u00e1s de 100 profesionales, cuyo objetivo principal es ayudar a sus clientes a crecer. Especialista en digital, trabaja con una visi\u00f3n integral de cada una de las fases que afectan a cada negocio, basando su labor en la experiencia y en la especializaci\u00f3n por sectores, entre ellos, el cultural y muse\u00edstico.<\/p><\/div><\/div>\t\t\t\t<\/div>\n\t\t\t\t<\/div>\n\t\t\t\t<div class=\"elementor-element elementor-element-bb144ae eael-dual-header-content-align-left elementor-widget elementor-widget-eael-dual-color-header\" data-id=\"bb144ae\" data-element_type=\"widget\" data-e-type=\"widget\" data-widget_type=\"eael-dual-color-header.default\">\n\t\t\t\t<div class=\"elementor-widget-container\">\n\t\t\t\t\t\t\t\t<div class=\"eael-dual-header\">\n\t\t\t\t<h2 class=\"title eael-dch-title\"><span class=\"eael-dch-title-text eael-dch-title-lead lead solid-color\">Patrocinador<\/span> <span class=\"eael-dch-title-text\">plata<\/span><\/h2>\t\t\t\t\t<span class=\"subtext\"> <\/span>\n\t\t\t\t\t\t\t<\/div>\n\n\t\t\t\t\t\t<\/div>\n\t\t\t\t<\/div>\n\t\t\t\t<div class=\"elementor-element elementor-element-12aa477 elementor-widget elementor-widget-image-box\" data-id=\"12aa477\" data-element_type=\"widget\" data-e-type=\"widget\" data-widget_type=\"image-box.default\">\n\t\t\t\t<div class=\"elementor-widget-container\">\n\t\t\t\t\t<div class=\"elementor-image-box-wrapper\"><div class=\"elementor-image-box-content\"><h3 class=\"elementor-image-box-title\">INSTITUTO IDF<\/h3><p class=\"elementor-image-box-description\">El Instituto de Investigaci\u00f3n en Dise\u00f1o y Fabricaci\u00f3n es un instituto de investigaci\u00f3n ubicado en la Ciudad Polit\u00e9cnica de la Innovaci\u00f3n, Parque Cient\u00edfico de la Universitat Polit\u00e8cnica de Val\u00e8ncia. La Asociaci\u00f3n IDF de Visi\u00f3n Artificial y Rob\u00f3tica (Asociaci\u00f3n IDF) fue constituida en noviembre del a\u00f1o 2005 como veh\u00edculo del Instituto de Dise\u00f1o para la Fabricaci\u00f3n y Producci\u00f3n Automatizada de la Universitat Polit\u00e8cnica de Val\u00e8ncia, para el fomento y la pr\u00e1ctica de la investigaci\u00f3n cient\u00edfica, la transferencia de tecnolog\u00eda hacia las empresas con las que colaborar e intercambiar servicios, el asesoramiento t\u00e9cnico y la docencia en el campo del dise\u00f1o, el prototipado, la fabricaci\u00f3n, la automatizaci\u00f3n, la rob\u00f3tica y los veh\u00edculos aplicado a los \u00e1mbitos de dise\u00f1o y la innovaci\u00f3n de productos y de la mejora de procesos productivos.<\/p><\/div><\/div>\t\t\t\t<\/div>\n\t\t\t\t<\/div>\n\t\t\t\t<div class=\"elementor-element elementor-element-3ee815c eael-dual-header-content-align-left elementor-widget elementor-widget-eael-dual-color-header\" data-id=\"3ee815c\" data-element_type=\"widget\" data-e-type=\"widget\" data-widget_type=\"eael-dual-color-header.default\">\n\t\t\t\t<div class=\"elementor-widget-container\">\n\t\t\t\t\t\t\t\t<div class=\"eael-dual-header\">\n\t\t\t\t<h2 class=\"title eael-dch-title\"><span class=\"eael-dch-title-text eael-dch-title-lead lead solid-color\">Patrocinador<\/span> <span class=\"eael-dch-title-text\">bronce<\/span><\/h2>\t\t\t\t\t<span class=\"subtext\"> <\/span>\n\t\t\t\t\t\t\t<\/div>\n\n\t\t\t\t\t\t<\/div>\n\t\t\t\t<\/div>\n\t\t\t\t<div class=\"elementor-element elementor-element-e5a255a elementor-widget elementor-widget-image-box\" data-id=\"e5a255a\" data-element_type=\"widget\" data-e-type=\"widget\" data-widget_type=\"image-box.default\">\n\t\t\t\t<div class=\"elementor-widget-container\">\n\t\t\t\t\t<div class=\"elementor-image-box-wrapper\"><div class=\"elementor-image-box-content\"><h3 class=\"elementor-image-box-title\">DIPUTACI\u00d3N FORAL DE BIZKAIA<\/h3><p class=\"elementor-image-box-description\">El gobierno del Territorio Hist\u00f3rico de Bizkaia es la Diputaci\u00f3n Foral, una de las principales instituciones de la Comunidad Aut\u00f3noma Vasca. Est\u00e1 encabezada por la Diputado General (desde el 5 de julio de 2023 el cargo lo ostenta Elixabete Etxanobe, del Partido Nacionalista Vasco) y lleva a cabo una amplia serie de funciones como la recaudaci\u00f3n de impuestos, urbanismo, carreteras y obras p\u00fablicas, medio ambiente, patrimonio cultural o bienestar social.<\/p><\/div><\/div>\t\t\t\t<\/div>\n\t\t\t\t<\/div>\n\t\t\t\t<div class=\"elementor-element elementor-element-6f2494f elementor-widget elementor-widget-image-box\" data-id=\"6f2494f\" data-element_type=\"widget\" data-e-type=\"widget\" data-widget_type=\"image-box.default\">\n\t\t\t\t<div class=\"elementor-widget-container\">\n\t\t\t\t\t<div class=\"elementor-image-box-wrapper\"><div class=\"elementor-image-box-content\"><h3 class=\"elementor-image-box-title\">LA TEMPESTA<\/h3><p class=\"elementor-image-box-description\">La Tempesta es una empresa con sede en Barcelona que trabaja en servicios de estrategia y transformaci\u00f3n digital, as\u00ed como una empresa de producci\u00f3n de patrimonio web y digital. Sus \u00e1reas de trabajo especializado incluyen: nuevos medios, estrategia, innovaci\u00f3n, consultor\u00eda, transformaci\u00f3n digital, contenido, storytelling, VR, AR, talento digital, gesti\u00f3n de proyectos, museos, archivos, bibliotecas, ciudades, pensamiento visual, exploraci\u00f3n tecnol\u00f3gica, desarrollo web, patrimonio digital, DCH, facilitaci\u00f3n, innovaci\u00f3n abierta y gesti\u00f3n del cambio.<\/p><\/div><\/div>\t\t\t\t<\/div>\n\t\t\t\t<\/div>\n\t\t\t\t<div class=\"elementor-element elementor-element-569fbda elementor-widget elementor-widget-image-box\" data-id=\"569fbda\" data-element_type=\"widget\" data-e-type=\"widget\" data-widget_type=\"image-box.default\">\n\t\t\t\t<div class=\"elementor-widget-container\">\n\t\t\t\t\t<div class=\"elementor-image-box-wrapper\"><div class=\"elementor-image-box-content\"><h3 class=\"elementor-image-box-title\">BAKARTS<\/h3><p class=\"elementor-image-box-description\">Bakarts nace con el objetivo de facilitar tanto a artistas como a organizaciones culturales la puesta en marcha de proyectos NFT, los cuales aprovechen esa tecnolog\u00eda para generar un valor real a la comunidad, alej\u00e1ndose del ruido y confusi\u00f3n que muchas veces se asocian a estos activos. \u00bfEres una galer\u00eda, museo, festival o cualquier otro tipo de organizaci\u00f3n dedicada al arte y la cultura? Podemos ayudarte a pensar cu\u00e1l es el tipo de proyecto NFT que m\u00e1s te conviene, acompa\u00f1arte en su puesta en marcha y colaborar en todas las acciones necesarias para ello: digitalizaci\u00f3n, marketing...<\/p><\/div><\/div>\t\t\t\t<\/div>\n\t\t\t\t<\/div>\n\t\t\t\t\t<\/div>\n\t\t<\/div>\n\t\t\t\t\t<\/div>\n\t\t<\/section>\n\t\t\t\t<section class=\"elementor-section elementor-top-section elementor-element elementor-element-0748b76 elementor-section-boxed elementor-section-height-default elementor-section-height-default\" data-id=\"0748b76\" data-element_type=\"section\" data-e-type=\"section\" data-settings=\"{&quot;background_background&quot;:&quot;classic&quot;}\">\n\t\t\t\t\t\t\t<div class=\"elementor-background-overlay\"><\/div>\n\t\t\t\t\t\t\t<div class=\"elementor-container elementor-column-gap-no\">\n\t\t\t\t\t<div class=\"elementor-column elementor-col-100 elementor-top-column elementor-element elementor-element-a5a010b\" data-id=\"a5a010b\" data-element_type=\"column\" data-e-type=\"column\">\n\t\t\t<div class=\"elementor-widget-wrap elementor-element-populated\">\n\t\t\t\t\t\t<div class=\"elementor-element elementor-element-07b5e74 elementor-widget elementor-widget-icon-box\" data-id=\"07b5e74\" data-element_type=\"widget\" data-e-type=\"widget\" data-widget_type=\"icon-box.default\">\n\t\t\t\t<div class=\"elementor-widget-container\">\n\t\t\t\t\t\t\t<div class=\"elementor-icon-box-wrapper\">\n\n\t\t\t\n\t\t\t\t\t\t<div class=\"elementor-icon-box-content\">\n\n\t\t\t\t\t\t\t\t\t<h2 class=\"elementor-icon-box-title\">\n\t\t\t\t\t\t<a href=\"https:\/\/remed.webs.upv.es\/cimedviajero\/wp-content\/uploads\/sites\/12\/2023\/11\/IIICIMED-VIAJERO-INFO-Practica.pdf\" target=\"_blank\" >\n\t\t\t\t\t\t\tM\u00e1s informaci\u00f3n\t\t\t\t\t\t<\/a>\n\t\t\t\t\t<\/h2>\n\t\t\t\t\n\t\t\t\t\t\t\t\t\t<p class=\"elementor-icon-box-description\">\n\t\t\t\t\t\tHemos preparado un documento con contenido relevante sobre el congreso, el cual puede descargar seguidamente:\t\t\t\t\t<\/p>\n\t\t\t\t\n\t\t\t<\/div>\n\t\t\t\n\t\t<\/div>\n\t\t\t\t\t\t<\/div>\n\t\t\t\t<\/div>\n\t\t\t\t<div class=\"elementor-element elementor-element-57ab93e elementor-align-center elementor-widget elementor-widget-button\" data-id=\"57ab93e\" data-element_type=\"widget\" data-e-type=\"widget\" data-widget_type=\"button.default\">\n\t\t\t\t<div class=\"elementor-widget-container\">\n\t\t\t\t\t\t\t\t\t<div class=\"elementor-button-wrapper\">\n\t\t\t\t\t<a class=\"elementor-button elementor-button-link elementor-size-sm\" href=\"https:\/\/remed.webs.upv.es\/cimedviajero\/wp-content\/uploads\/sites\/12\/2023\/12\/IIICIMED-VIAJERO-INFO-Practica_vf.pdf\" target=\"_blank\">\n\t\t\t\t\t\t<span class=\"elementor-button-content-wrapper\">\n\t\t\t\t\t\t\t\t\t<span class=\"elementor-button-text\">Ver dosier<\/span>\n\t\t\t\t\t<\/span>\n\t\t\t\t\t<\/a>\n\t\t\t\t<\/div>\n\t\t\t\t\t\t\t\t<\/div>\n\t\t\t\t<\/div>\n\t\t\t\t\t<\/div>\n\t\t<\/div>\n\t\t\t\t\t<\/div>\n\t\t<\/section>\n\t\t\t\t<\/div>\n\t\t","protected":false},"excerpt":{"rendered":"<p>Patrocinadores Patrocinador oro LIN3S LIN3S es una consultora de negocio nacida en Bilbao que cuenta con delegaciones en diversas ciudades del Estado, as\u00ed como presencia internacional en Francia y Portugal, integrada por un equipo de m\u00e1s de 100 profesionales, cuyo objetivo principal es ayudar a sus clientes a crecer. Especialista en digital, trabaja con una [&hellip;]<\/p>\n","protected":false},"author":16,"featured_media":0,"parent":0,"menu_order":0,"comment_status":"closed","ping_status":"closed","template":"","meta":{"site-sidebar-layout":"no-sidebar","site-content-layout":"page-builder","ast-site-content-layout":"default","site-content-style":"default","site-sidebar-style":"default","ast-global-header-display":"","ast-banner-title-visibility":"","ast-main-header-display":"","ast-hfb-above-header-display":"","ast-hfb-below-header-display":"","ast-hfb-mobile-header-display":"","site-post-title":"disabled","ast-breadcrumbs-content":"","ast-featured-img":"disabled","footer-sml-layout":"","ast-disable-related-posts":"","theme-transparent-header-meta":"","adv-header-id-meta":"","stick-header-meta":"","header-above-stick-meta":"","header-main-stick-meta":"","header-below-stick-meta":"","astra-migrate-meta-layouts":"default","ast-page-background-enabled":"default","ast-page-background-meta":{"desktop":{"background-color":"","background-image":"","background-repeat":"repeat","background-position":"center center","background-size":"auto","background-attachment":"scroll","background-type":"","background-media":"","overlay-type":"","overlay-color":"","overlay-opacity":"","overlay-gradient":""},"tablet":{"background-color":"","background-image":"","background-repeat":"repeat","background-position":"center center","background-size":"auto","background-attachment":"scroll","background-type":"","background-media":"","overlay-type":"","overlay-color":"","overlay-opacity":"","overlay-gradient":""},"mobile":{"background-color":"","background-image":"","background-repeat":"repeat","background-position":"center center","background-size":"auto","background-attachment":"scroll","background-type":"","background-media":"","overlay-type":"","overlay-color":"","overlay-opacity":"","overlay-gradient":""}},"ast-content-background-meta":{"desktop":{"background-color":"var(--ast-global-color-5)","background-image":"","background-repeat":"repeat","background-position":"center center","background-size":"auto","background-attachment":"scroll","background-type":"","background-media":"","overlay-type":"","overlay-color":"","overlay-opacity":"","overlay-gradient":""},"tablet":{"background-color":"var(--ast-global-color-5)","background-image":"","background-repeat":"repeat","background-position":"center center","background-size":"auto","background-attachment":"scroll","background-type":"","background-media":"","overlay-type":"","overlay-color":"","overlay-opacity":"","overlay-gradient":""},"mobile":{"background-color":"var(--ast-global-color-5)","background-image":"","background-repeat":"repeat","background-position":"center center","background-size":"auto","background-attachment":"scroll","background-type":"","background-media":"","overlay-type":"","overlay-color":"","overlay-opacity":"","overlay-gradient":""}},"footnotes":""},"class_list":["post-4228","page","type-page","status-publish","hentry"],"_links":{"self":[{"href":"https:\/\/remed.webs.upv.es\/cimedviajero\/wp-json\/wp\/v2\/pages\/4228","targetHints":{"allow":["GET"]}}],"collection":[{"href":"https:\/\/remed.webs.upv.es\/cimedviajero\/wp-json\/wp\/v2\/pages"}],"about":[{"href":"https:\/\/remed.webs.upv.es\/cimedviajero\/wp-json\/wp\/v2\/types\/page"}],"author":[{"embeddable":true,"href":"https:\/\/remed.webs.upv.es\/cimedviajero\/wp-json\/wp\/v2\/users\/16"}],"replies":[{"embeddable":true,"href":"https:\/\/remed.webs.upv.es\/cimedviajero\/wp-json\/wp\/v2\/comments?post=4228"}],"version-history":[{"count":1,"href":"https:\/\/remed.webs.upv.es\/cimedviajero\/wp-json\/wp\/v2\/pages\/4228\/revisions"}],"predecessor-version":[{"id":5428,"href":"https:\/\/remed.webs.upv.es\/cimedviajero\/wp-json\/wp\/v2\/pages\/4228\/revisions\/5428"}],"wp:attachment":[{"href":"https:\/\/remed.webs.upv.es\/cimedviajero\/wp-json\/wp\/v2\/media?parent=4228"}],"curies":[{"name":"wp","href":"https:\/\/api.w.org\/{rel}","templated":true}]}}