{"id":2880,"date":"2023-11-07T10:33:45","date_gmt":"2023-11-07T10:33:45","guid":{"rendered":"https:\/\/remed.webs.upv.es\/cimedviajero\/?page_id=2880"},"modified":"2024-09-04T07:58:31","modified_gmt":"2024-09-04T07:58:31","slug":"elena-roseras","status":"publish","type":"page","link":"https:\/\/remed.webs.upv.es\/cimedviajero\/elena-roseras\/","title":{"rendered":"Elena Roseras"},"content":{"rendered":"\t\t<div data-elementor-type=\"wp-post\" data-elementor-id=\"2880\" class=\"elementor elementor-2880\">\n\t\t\t\t\t\t<section class=\"elementor-section elementor-top-section elementor-element elementor-element-56d72192 elementor-section-content-middle elementor-section-boxed elementor-section-height-default elementor-section-height-default\" data-id=\"56d72192\" data-element_type=\"section\" data-e-type=\"section\" data-settings=\"{&quot;background_background&quot;:&quot;classic&quot;}\">\n\t\t\t\t\t\t\t<div class=\"elementor-background-overlay\"><\/div>\n\t\t\t\t\t\t\t<div class=\"elementor-container elementor-column-gap-no\">\n\t\t\t\t\t<div class=\"elementor-column elementor-col-100 elementor-top-column elementor-element elementor-element-45210f19\" data-id=\"45210f19\" data-element_type=\"column\" data-e-type=\"column\">\n\t\t\t<div class=\"elementor-widget-wrap elementor-element-populated\">\n\t\t\t\t\t\t<div class=\"elementor-element elementor-element-764df320 elementor-widget elementor-widget-heading\" data-id=\"764df320\" data-element_type=\"widget\" data-e-type=\"widget\" data-widget_type=\"heading.default\">\n\t\t\t\t<div class=\"elementor-widget-container\">\n\t\t\t\t\t<h1 class=\"elementor-heading-title elementor-size-default\">Elena Roseras<\/h1>\t\t\t\t<\/div>\n\t\t\t\t<\/div>\n\t\t\t\t\t<\/div>\n\t\t<\/div>\n\t\t\t\t\t<\/div>\n\t\t<\/section>\n\t\t\t\t<section class=\"elementor-section elementor-top-section elementor-element elementor-element-713ea604 elementor-hidden-mobile elementor-section-boxed elementor-section-height-default elementor-section-height-default\" data-id=\"713ea604\" data-element_type=\"section\" data-e-type=\"section\">\n\t\t\t\t\t\t<div class=\"elementor-container elementor-column-gap-default\">\n\t\t\t\t\t<div class=\"elementor-column elementor-col-100 elementor-top-column elementor-element elementor-element-2402738c\" data-id=\"2402738c\" data-element_type=\"column\" data-e-type=\"column\">\n\t\t\t<div class=\"elementor-widget-wrap elementor-element-populated\">\n\t\t\t\t\t\t<div class=\"elementor-element elementor-element-4f3aed91 elementor-widget elementor-widget-heading\" data-id=\"4f3aed91\" data-element_type=\"widget\" data-e-type=\"widget\" data-widget_type=\"heading.default\">\n\t\t\t\t<div class=\"elementor-widget-container\">\n\t\t\t\t\t<h2 class=\"elementor-heading-title elementor-size-default\">Resumen curr\u00edculum<\/h2>\t\t\t\t<\/div>\n\t\t\t\t<\/div>\n\t\t\t\t<div class=\"elementor-element elementor-element-485fba4f elementor-widget elementor-widget-heading\" data-id=\"485fba4f\" data-element_type=\"widget\" data-e-type=\"widget\" data-widget_type=\"heading.default\">\n\t\t\t\t<div class=\"elementor-widget-container\">\n\t\t\t\t\t<h5 class=\"elementor-heading-title elementor-size-default\">Responsable de la Biblioteca y el Centro de Documentaci\u00f3n del Museo ARTIUM<\/h5>\t\t\t\t<\/div>\n\t\t\t\t<\/div>\n\t\t\t\t<div class=\"elementor-element elementor-element-914fd1a elementor-widget elementor-widget-text-editor\" data-id=\"914fd1a\" data-element_type=\"widget\" data-e-type=\"widget\" data-widget_type=\"text-editor.default\">\n\t\t\t\t<div class=\"elementor-widget-container\">\n\t\t\t\t\t\t\t\t\t<p>Licenciada en Geograf\u00eda e Historia por la Universidad del Pa\u00eds Vasco, licenciada en Documentaci\u00f3n por la UOC (Universitat Oberta de Catalunya), m\u00e1ster en Biblioteconom\u00eda por la UPV-EHU y m\u00e1ster en Sociedad de la Informaci\u00f3n y el Conocimiento otorgado por la UOC.<\/p><p>Ha trabajado en instituciones como la Fundaci\u00f3n Sancho el Sabio y el Servicio de Libro y Bibliotecas, en la Direcci\u00f3n de Patrimonio Cultural del Gobierno Vasco. Desde el a\u00f1o 2001 es responsable de la Biblioteca y el Centro de Documentaci\u00f3n del Museo de Arte Contempor\u00e1neo del Pa\u00eds Vasco, Artium Museoa. Como miembro del equipo de Artium Museoa, organiza y coordina, desde el a\u00f1o 2002, los Encuentros de Centros de Documentaci\u00f3n de Arte Contempor\u00e1neo, de car\u00e1cter bienal. Dentro de la 42 edici\u00f3n de los Cursos de Verano de la Universidad del Pa\u00eds Vasco, dirige el curso Estrategias de gesti\u00f3n del patrimonio documental art\u00edstico.<\/p><p>Ha participado en proyectos internacionales, como el proyecto de investigaci\u00f3n ALIADA, dentro del S\u00e9ptimo Programa Marco de la Comisi\u00f3n Europea. Ha comisariado diferentes exposiciones bibliogr\u00e1ficas y ha coordinado diferentes proyectos editoriales, as\u00ed como programas relacionados con el libro y la lectura. Igualmente, ha formado parte del equipo del comisariado de las exposiciones de la Colecci\u00f3n del Museo: Zeru bat, hamaika bide. Pr\u00e1cticas art\u00edsticas en el Pa\u00eds Vasco entre 1977 y 2002 y Bilduma Hau Colecci\u00f3n. Movimientos elementarles (1950-2000).<\/p><p>Actualmente, gestiona y coordina los archivos y fondos documentales de artistas que forman parte de la colecci\u00f3n del museo y de sus programas expositivos. Es autora de varios art\u00edculos en publicaciones especializadas y ha participado como ponente en diversos congresos a nivel internacional.<\/p>\t\t\t\t\t\t\t\t<\/div>\n\t\t\t\t<\/div>\n\t\t\t\t<div class=\"elementor-element elementor-element-f340282 elementor-align-start elementor-icon-list--layout-traditional elementor-list-item-link-full_width elementor-widget elementor-widget-icon-list\" data-id=\"f340282\" data-element_type=\"widget\" data-e-type=\"widget\" data-widget_type=\"icon-list.default\">\n\t\t\t\t<div class=\"elementor-widget-container\">\n\t\t\t\t\t\t\t<ul class=\"elementor-icon-list-items\">\n\t\t\t\t\t\t\t<li class=\"elementor-icon-list-item\">\n\t\t\t\t\t\t\t\t\t\t\t<span class=\"elementor-icon-list-icon\">\n\t\t\t\t\t\t\t<i aria-hidden=\"true\" class=\"far fa-user\"><\/i>\t\t\t\t\t\t<\/span>\n\t\t\t\t\t\t\t\t\t\t<span class=\"elementor-icon-list-text\">Experiencias: \u00abLa digitalizaci\u00f3n de los archivos de artistas y el acceso al patrimonio art\u00edstico, bibliogr\u00e1fico y documental del museo a trav\u00e9s del cat\u00e1logo Artiker\u00bb<\/span>\n\t\t\t\t\t\t\t\t\t<\/li>\n\t\t\t\t\t\t\t\t<li class=\"elementor-icon-list-item\">\n\t\t\t\t\t\t\t\t\t\t\t<span class=\"elementor-icon-list-icon\">\n\t\t\t\t\t\t\t<i aria-hidden=\"true\" class=\"far fa-clock\"><\/i>\t\t\t\t\t\t<\/span>\n\t\t\t\t\t\t\t\t\t\t<span class=\"elementor-icon-list-text\">15:30 - 16:45<\/span>\n\t\t\t\t\t\t\t\t\t<\/li>\n\t\t\t\t\t\t\t\t<li class=\"elementor-icon-list-item\">\n\t\t\t\t\t\t\t\t\t\t\t<a href=\"https:\/\/es.linkedin.com\/in\/elena-roseras-carcedo-4a540a31\" target=\"_blank\">\n\n\t\t\t\t\t\t\t\t\t\t\t\t<span class=\"elementor-icon-list-icon\">\n\t\t\t\t\t\t\t<i aria-hidden=\"true\" class=\"fab fa-linkedin\"><\/i>\t\t\t\t\t\t<\/span>\n\t\t\t\t\t\t\t\t\t\t<span class=\"elementor-icon-list-text\">LinkedIn<\/span>\n\t\t\t\t\t\t\t\t\t\t\t<\/a>\n\t\t\t\t\t\t\t\t\t<\/li>\n\t\t\t\t\t\t\t\t<li class=\"elementor-icon-list-item\">\n\t\t\t\t\t\t\t\t\t\t\t<a href=\"http:\/\/www.artium.eus\/es\/\" target=\"_blank\">\n\n\t\t\t\t\t\t\t\t\t\t\t\t<span class=\"elementor-icon-list-icon\">\n\t\t\t\t\t\t\t<i aria-hidden=\"true\" class=\"fas fa-globe\"><\/i>\t\t\t\t\t\t<\/span>\n\t\t\t\t\t\t\t\t\t\t<span class=\"elementor-icon-list-text\">Sitio web<\/span>\n\t\t\t\t\t\t\t\t\t\t\t<\/a>\n\t\t\t\t\t\t\t\t\t<\/li>\n\t\t\t\t\t\t<\/ul>\n\t\t\t\t\t\t<\/div>\n\t\t\t\t<\/div>\n\t\t\t\t<div class=\"elementor-element elementor-element-1b883e5d elementor-align-left elementor-widget elementor-widget-button\" data-id=\"1b883e5d\" data-element_type=\"widget\" data-e-type=\"widget\" data-widget_type=\"button.default\">\n\t\t\t\t<div class=\"elementor-widget-container\">\n\t\t\t\t\t\t\t\t\t<div class=\"elementor-button-wrapper\">\n\t\t\t\t\t<a class=\"elementor-button elementor-button-link elementor-size-sm\" href=\"https:\/\/remed.webs.upv.es\/cimedviajero\/programa\/\">\n\t\t\t\t\t\t<span class=\"elementor-button-content-wrapper\">\n\t\t\t\t\t\t\t\t\t<span class=\"elementor-button-text\">Programa completo<\/span>\n\t\t\t\t\t<\/span>\n\t\t\t\t\t<\/a>\n\t\t\t\t<\/div>\n\t\t\t\t\t\t\t\t<\/div>\n\t\t\t\t<\/div>\n\t\t\t\t\t<\/div>\n\t\t<\/div>\n\t\t\t\t\t<\/div>\n\t\t<\/section>\n\t\t\t\t<section class=\"elementor-section elementor-top-section elementor-element elementor-element-12efdf72 elementor-reverse-mobile elementor-hidden-desktop elementor-hidden-tablet elementor-section-boxed elementor-section-height-default elementor-section-height-default\" data-id=\"12efdf72\" data-element_type=\"section\" data-e-type=\"section\" data-settings=\"{&quot;background_background&quot;:&quot;classic&quot;}\">\n\t\t\t\t\t\t\t<div class=\"elementor-background-overlay\"><\/div>\n\t\t\t\t\t\t\t<div class=\"elementor-container elementor-column-gap-no\">\n\t\t\t\t\t<div class=\"elementor-column elementor-col-50 elementor-top-column elementor-element elementor-element-1b62e250\" data-id=\"1b62e250\" data-element_type=\"column\" data-e-type=\"column\">\n\t\t\t<div class=\"elementor-widget-wrap elementor-element-populated\">\n\t\t\t\t\t\t<div class=\"elementor-element elementor-element-4e535d62 elementor-widget elementor-widget-text-editor\" data-id=\"4e535d62\" data-element_type=\"widget\" data-e-type=\"widget\" data-widget_type=\"text-editor.default\">\n\t\t\t\t<div class=\"elementor-widget-container\">\n\t\t\t\t\t\t\t\t\t<p>Licenciada en Geograf\u00eda e Historia por la Universidad del Pa\u00eds Vasco, licenciada en Documentaci\u00f3n por la UOC (Universitat Oberta de Catalunya), m\u00e1ster en Biblioteconom\u00eda por la UPV-EHU y m\u00e1ster en Sociedad de la Informaci\u00f3n y el Conocimiento otorgado por la UOC.<\/p><p>Ha trabajado en instituciones como la Fundaci\u00f3n Sancho el Sabio y el Servicio de Libro y Bibliotecas, en la Direcci\u00f3n de Patrimonio Cultural del Gobierno Vasco. Desde el a\u00f1o 2001 es responsable de la Biblioteca y el Centro de Documentaci\u00f3n del Museo de Arte Contempor\u00e1neo del Pa\u00eds Vasco, Artium Museoa. Como miembro del equipo de Artium Museoa, organiza y coordina, desde el a\u00f1o 2002, los Encuentros de Centros de Documentaci\u00f3n de Arte Contempor\u00e1neo, de car\u00e1cter bienal. Dentro de la 42 edici\u00f3n de los Cursos de Verano de la Universidad del Pa\u00eds Vasco, dirige el curso Estrategias de gesti\u00f3n del patrimonio documental art\u00edstico.<\/p><p>Ha participado en proyectos internacionales, como el proyecto de investigaci\u00f3n ALIADA, dentro del S\u00e9ptimo Programa Marco de la Comisi\u00f3n Europea. Ha comisariado diferentes exposiciones bibliogr\u00e1ficas y ha coordinado diferentes proyectos editoriales, as\u00ed como programas relacionados con el libro y la lectura. Igualmente, ha formado parte del equipo del comisariado de las exposiciones de la Colecci\u00f3n del Museo: Zeru bat, hamaika bide. Pr\u00e1cticas art\u00edsticas en el Pa\u00eds Vasco entre 1977 y 2002 y Bilduma Hau Colecci\u00f3n. Movimientos elementarles (1950-2000).<\/p><p>Actualmente, gestiona y coordina los archivos y fondos documentales de artistas que forman parte de la colecci\u00f3n del museo y de sus programas expositivos. Es autora de varios art\u00edculos en publicaciones especializadas y ha participado como ponente en diversos congresos a nivel internacional.<\/p>\t\t\t\t\t\t\t\t<\/div>\n\t\t\t\t<\/div>\n\t\t\t\t<div class=\"elementor-element elementor-element-3567bd8a elementor-align-left elementor-widget elementor-widget-button\" data-id=\"3567bd8a\" data-element_type=\"widget\" data-e-type=\"widget\" data-widget_type=\"button.default\">\n\t\t\t\t<div class=\"elementor-widget-container\">\n\t\t\t\t\t\t\t\t\t<div class=\"elementor-button-wrapper\">\n\t\t\t\t\t<a class=\"elementor-button elementor-button-link elementor-size-sm\" href=\"https:\/\/remed.webs.upv.es\/cimedviajero\/programa\/\">\n\t\t\t\t\t\t<span class=\"elementor-button-content-wrapper\">\n\t\t\t\t\t\t\t\t\t<span class=\"elementor-button-text\">Programa completo<\/span>\n\t\t\t\t\t<\/span>\n\t\t\t\t\t<\/a>\n\t\t\t\t<\/div>\n\t\t\t\t\t\t\t\t<\/div>\n\t\t\t\t<\/div>\n\t\t\t\t\t<\/div>\n\t\t<\/div>\n\t\t\t\t<div class=\"elementor-column elementor-col-50 elementor-top-column elementor-element elementor-element-40eccb9b\" data-id=\"40eccb9b\" data-element_type=\"column\" data-e-type=\"column\">\n\t\t\t<div class=\"elementor-widget-wrap elementor-element-populated\">\n\t\t\t\t\t\t<div class=\"elementor-element elementor-element-4b7d51d4 elementor-widget elementor-widget-image\" data-id=\"4b7d51d4\" data-element_type=\"widget\" data-e-type=\"widget\" data-widget_type=\"image.default\">\n\t\t\t\t<div class=\"elementor-widget-container\">\n\t\t\t\t\t\t\t\t\t\t\t\t\t\t\t<img fetchpriority=\"high\" decoding=\"async\" width=\"1170\" height=\"1170\" src=\"https:\/\/remed.webs.upv.es\/cimedviajero\/wp-content\/uploads\/sites\/12\/2023\/11\/elena_cuadrado-1170x1170.jpg\" class=\"attachment-large size-large wp-image-4026\" alt=\"\" srcset=\"https:\/\/remed.webs.upv.es\/cimedviajero\/wp-content\/uploads\/sites\/12\/2023\/11\/elena_cuadrado-1170x1170.jpg 1170w, https:\/\/remed.webs.upv.es\/cimedviajero\/wp-content\/uploads\/sites\/12\/2023\/11\/elena_cuadrado-181x181.jpg 181w, https:\/\/remed.webs.upv.es\/cimedviajero\/wp-content\/uploads\/sites\/12\/2023\/11\/elena_cuadrado-50x50.jpg 50w, https:\/\/remed.webs.upv.es\/cimedviajero\/wp-content\/uploads\/sites\/12\/2023\/11\/elena_cuadrado-768x768.jpg 768w, https:\/\/remed.webs.upv.es\/cimedviajero\/wp-content\/uploads\/sites\/12\/2023\/11\/elena_cuadrado-1536x1536.jpg 1536w, https:\/\/remed.webs.upv.es\/cimedviajero\/wp-content\/uploads\/sites\/12\/2023\/11\/elena_cuadrado-2048x2048.jpg 2048w\" sizes=\"(max-width: 1170px) 100vw, 1170px\" \/>\t\t\t\t\t\t\t\t\t\t\t\t\t\t\t<\/div>\n\t\t\t\t<\/div>\n\t\t\t\t<div class=\"elementor-element elementor-element-16cc847f elementor-align-start elementor-icon-list--layout-traditional elementor-list-item-link-full_width elementor-widget elementor-widget-icon-list\" data-id=\"16cc847f\" data-element_type=\"widget\" data-e-type=\"widget\" data-widget_type=\"icon-list.default\">\n\t\t\t\t<div class=\"elementor-widget-container\">\n\t\t\t\t\t\t\t<ul class=\"elementor-icon-list-items\">\n\t\t\t\t\t\t\t<li class=\"elementor-icon-list-item\">\n\t\t\t\t\t\t\t\t\t\t\t<span class=\"elementor-icon-list-icon\">\n\t\t\t\t\t\t\t<i aria-hidden=\"true\" class=\"far fa-user\"><\/i>\t\t\t\t\t\t<\/span>\n\t\t\t\t\t\t\t\t\t\t<span class=\"elementor-icon-list-text\">Experiencias<\/span>\n\t\t\t\t\t\t\t\t\t<\/li>\n\t\t\t\t\t\t\t\t<li class=\"elementor-icon-list-item\">\n\t\t\t\t\t\t\t\t\t\t\t<span class=\"elementor-icon-list-icon\">\n\t\t\t\t\t\t\t<i aria-hidden=\"true\" class=\"far fa-clock\"><\/i>\t\t\t\t\t\t<\/span>\n\t\t\t\t\t\t\t\t\t\t<span class=\"elementor-icon-list-text\">15:30 - 16:45<\/span>\n\t\t\t\t\t\t\t\t\t<\/li>\n\t\t\t\t\t\t\t\t<li class=\"elementor-icon-list-item\">\n\t\t\t\t\t\t\t\t\t\t\t<a href=\"https:\/\/es.linkedin.com\/in\/elena-roseras-carcedo-4a540a31\" target=\"_blank\">\n\n\t\t\t\t\t\t\t\t\t\t\t\t<span class=\"elementor-icon-list-icon\">\n\t\t\t\t\t\t\t<i aria-hidden=\"true\" class=\"fab fa-linkedin\"><\/i>\t\t\t\t\t\t<\/span>\n\t\t\t\t\t\t\t\t\t\t<span class=\"elementor-icon-list-text\">LinkedIn<\/span>\n\t\t\t\t\t\t\t\t\t\t\t<\/a>\n\t\t\t\t\t\t\t\t\t<\/li>\n\t\t\t\t\t\t\t\t<li class=\"elementor-icon-list-item\">\n\t\t\t\t\t\t\t\t\t\t\t<a href=\"http:\/\/www.artium.eus\/es\/\" target=\"_blank\">\n\n\t\t\t\t\t\t\t\t\t\t\t\t<span class=\"elementor-icon-list-icon\">\n\t\t\t\t\t\t\t<i aria-hidden=\"true\" class=\"fas fa-globe\"><\/i>\t\t\t\t\t\t<\/span>\n\t\t\t\t\t\t\t\t\t\t<span class=\"elementor-icon-list-text\">Sitio web<\/span>\n\t\t\t\t\t\t\t\t\t\t\t<\/a>\n\t\t\t\t\t\t\t\t\t<\/li>\n\t\t\t\t\t\t<\/ul>\n\t\t\t\t\t\t<\/div>\n\t\t\t\t<\/div>\n\t\t\t\t\t<\/div>\n\t\t<\/div>\n\t\t\t\t\t<\/div>\n\t\t<\/section>\n\t\t\t\t<section class=\"elementor-section elementor-top-section elementor-element elementor-element-009ee37 elementor-section-boxed elementor-section-height-default elementor-section-height-default\" data-id=\"009ee37\" data-element_type=\"section\" data-e-type=\"section\" data-settings=\"{&quot;background_background&quot;:&quot;classic&quot;}\">\n\t\t\t\t\t\t\t<div class=\"elementor-background-overlay\"><\/div>\n\t\t\t\t\t\t\t<div class=\"elementor-container elementor-column-gap-no\">\n\t\t\t\t\t<div class=\"elementor-column elementor-col-100 elementor-top-column elementor-element elementor-element-8c603f4\" data-id=\"8c603f4\" data-element_type=\"column\" data-e-type=\"column\">\n\t\t\t<div class=\"elementor-widget-wrap elementor-element-populated\">\n\t\t\t\t\t\t<div class=\"elementor-element elementor-element-7ec477e elementor-widget elementor-widget-icon-box\" data-id=\"7ec477e\" data-element_type=\"widget\" data-e-type=\"widget\" data-widget_type=\"icon-box.default\">\n\t\t\t\t<div class=\"elementor-widget-container\">\n\t\t\t\t\t\t\t<div class=\"elementor-icon-box-wrapper\">\n\n\t\t\t\n\t\t\t\t\t\t<div class=\"elementor-icon-box-content\">\n\n\t\t\t\t\t\t\t\t\t<h2 class=\"elementor-icon-box-title\">\n\t\t\t\t\t\t<span  >\n\t\t\t\t\t\t\tPonentes del congreso\t\t\t\t\t\t<\/span>\n\t\t\t\t\t<\/h2>\n\t\t\t\t\n\t\t\t\t\t\t\t\t\t<p class=\"elementor-icon-box-description\">\n\t\t\t\t\t\tContamos con relevantes expertos y expertas vinculados al \u00e1mbito de la tecnolog\u00eda digital y los museos\t\t\t\t\t<\/p>\n\t\t\t\t\n\t\t\t<\/div>\n\t\t\t\n\t\t<\/div>\n\t\t\t\t\t\t<\/div>\n\t\t\t\t<\/div>\n\t\t\t\t<div class=\"elementor-element elementor-element-cb2ab47 elementor-align-center elementor-widget elementor-widget-button\" data-id=\"cb2ab47\" data-element_type=\"widget\" data-e-type=\"widget\" data-widget_type=\"button.default\">\n\t\t\t\t<div class=\"elementor-widget-container\">\n\t\t\t\t\t\t\t\t\t<div class=\"elementor-button-wrapper\">\n\t\t\t\t\t<a class=\"elementor-button elementor-button-link elementor-size-sm\" href=\"https:\/\/remed.webs.upv.es\/cimedviajero\/ponentes\/\" target=\"_blank\">\n\t\t\t\t\t\t<span class=\"elementor-button-content-wrapper\">\n\t\t\t\t\t\t\t\t\t<span class=\"elementor-button-text\">Conoce sus perfiles<\/span>\n\t\t\t\t\t<\/span>\n\t\t\t\t\t<\/a>\n\t\t\t\t<\/div>\n\t\t\t\t\t\t\t\t<\/div>\n\t\t\t\t<\/div>\n\t\t\t\t\t<\/div>\n\t\t<\/div>\n\t\t\t\t\t<\/div>\n\t\t<\/section>\n\t\t\t\t<\/div>\n\t\t","protected":false},"excerpt":{"rendered":"<p>Elena Roseras Resumen curr\u00edculum Responsable de la Biblioteca y el Centro de Documentaci\u00f3n del Museo ARTIUM Licenciada en Geograf\u00eda e Historia por la Universidad del Pa\u00eds Vasco, licenciada en Documentaci\u00f3n por la UOC (Universitat Oberta de Catalunya), m\u00e1ster en Biblioteconom\u00eda por la UPV-EHU y m\u00e1ster en Sociedad de la Informaci\u00f3n y el Conocimiento otorgado por [&hellip;]<\/p>\n","protected":false},"author":16,"featured_media":0,"parent":0,"menu_order":0,"comment_status":"closed","ping_status":"closed","template":"","meta":{"site-sidebar-layout":"no-sidebar","site-content-layout":"page-builder","ast-site-content-layout":"default","site-content-style":"default","site-sidebar-style":"default","ast-global-header-display":"","ast-banner-title-visibility":"","ast-main-header-display":"","ast-hfb-above-header-display":"","ast-hfb-below-header-display":"","ast-hfb-mobile-header-display":"","site-post-title":"disabled","ast-breadcrumbs-content":"","ast-featured-img":"disabled","footer-sml-layout":"","ast-disable-related-posts":"","theme-transparent-header-meta":"","adv-header-id-meta":"","stick-header-meta":"","header-above-stick-meta":"","header-main-stick-meta":"","header-below-stick-meta":"","astra-migrate-meta-layouts":"default","ast-page-background-enabled":"default","ast-page-background-meta":{"desktop":{"background-color":"","background-image":"","background-repeat":"repeat","background-position":"center center","background-size":"auto","background-attachment":"scroll","background-type":"","background-media":"","overlay-type":"","overlay-color":"","overlay-opacity":"","overlay-gradient":""},"tablet":{"background-color":"","background-image":"","background-repeat":"repeat","background-position":"center center","background-size":"auto","background-attachment":"scroll","background-type":"","background-media":"","overlay-type":"","overlay-color":"","overlay-opacity":"","overlay-gradient":""},"mobile":{"background-color":"","background-image":"","background-repeat":"repeat","background-position":"center center","background-size":"auto","background-attachment":"scroll","background-type":"","background-media":"","overlay-type":"","overlay-color":"","overlay-opacity":"","overlay-gradient":""}},"ast-content-background-meta":{"desktop":{"background-color":"var(--ast-global-color-5)","background-image":"","background-repeat":"repeat","background-position":"center center","background-size":"auto","background-attachment":"scroll","background-type":"","background-media":"","overlay-type":"","overlay-color":"","overlay-opacity":"","overlay-gradient":""},"tablet":{"background-color":"var(--ast-global-color-5)","background-image":"","background-repeat":"repeat","background-position":"center center","background-size":"auto","background-attachment":"scroll","background-type":"","background-media":"","overlay-type":"","overlay-color":"","overlay-opacity":"","overlay-gradient":""},"mobile":{"background-color":"var(--ast-global-color-5)","background-image":"","background-repeat":"repeat","background-position":"center center","background-size":"auto","background-attachment":"scroll","background-type":"","background-media":"","overlay-type":"","overlay-color":"","overlay-opacity":"","overlay-gradient":""}},"footnotes":""},"class_list":["post-2880","page","type-page","status-publish","hentry"],"_links":{"self":[{"href":"https:\/\/remed.webs.upv.es\/cimedviajero\/wp-json\/wp\/v2\/pages\/2880","targetHints":{"allow":["GET"]}}],"collection":[{"href":"https:\/\/remed.webs.upv.es\/cimedviajero\/wp-json\/wp\/v2\/pages"}],"about":[{"href":"https:\/\/remed.webs.upv.es\/cimedviajero\/wp-json\/wp\/v2\/types\/page"}],"author":[{"embeddable":true,"href":"https:\/\/remed.webs.upv.es\/cimedviajero\/wp-json\/wp\/v2\/users\/16"}],"replies":[{"embeddable":true,"href":"https:\/\/remed.webs.upv.es\/cimedviajero\/wp-json\/wp\/v2\/comments?post=2880"}],"version-history":[{"count":0,"href":"https:\/\/remed.webs.upv.es\/cimedviajero\/wp-json\/wp\/v2\/pages\/2880\/revisions"}],"wp:attachment":[{"href":"https:\/\/remed.webs.upv.es\/cimedviajero\/wp-json\/wp\/v2\/media?parent=2880"}],"curies":[{"name":"wp","href":"https:\/\/api.w.org\/{rel}","templated":true}]}}