{"id":4410,"date":"2022-05-24T10:45:01","date_gmt":"2022-05-24T09:45:01","guid":{"rendered":"https:\/\/remed.webs.upv.es\/cimed22\/?page_id=4410"},"modified":"2023-11-30T02:24:51","modified_gmt":"2023-11-30T01:24:51","slug":"patrocinio-colaboracion","status":"publish","type":"page","link":"https:\/\/remed.webs.upv.es\/cimed22\/patrocinio-colaboracion\/","title":{"rendered":"Patrocinio y colaboraci\u00f3n"},"content":{"rendered":"<div class=\"wpb-content-wrapper\"><p>[vc_row css=\u00bb.vc_custom_1653384943417{background-color: #ffffff !important;}\u00bb][vc_column]\t\t\t<hr class=\"evenz-spacer-l\">\n\t\t[\/vc_column][\/vc_row][vc_row css=\u00bb.vc_custom_1665481234494{background-color: #ffffff !important;}\u00bb][vc_column width=\u00bb1\/6&#8243;][\/vc_column][vc_column width=\u00bb2\/3&#8243;]\t\t<div>\n\t\t\t<h3  class=\"evenz-element-caption evenz-caption  evenz-caption__l  \" data-qtwaypoints-offset=\"30\" data-qtwaypoints>\t\t\t\t<span>Conoce a nuestros patrocinadores<\/span>\n\t\t\t\t<\/h3>\t\t<\/div>\n\t\t\t\t\t<hr class=\"evenz-spacer-s\">\n\t\t[vc_column_text]Profundiza sobre todo lo que ofrecen a los museos los patrocinadores CIMED22 en nuestro Espacio DEMO-EMPRESAS virtual (plataformas Spatial y Hopin) y presencial los d\u00edas 27 y 28 de octubre en los stands de la Facultad de Bellas Artes de la Universitat Polit\u00e8cnica de Val\u00e8ncia.[\/vc_column_text]\t\t\t<hr class=\"evenz-spacer-m\">\n\t\t\t\t<div>\n\t\t\t<h4  class=\"evenz-element-caption evenz-caption  evenz-caption__m  \" data-qtwaypoints-offset=\"30\" data-qtwaypoints>\t\t\t\t<span>Patrocinador principal<\/span>\n\t\t\t\t<\/h4>\t\t<\/div>\n\t\t\t\t\t<hr class=\"evenz-spacer-m\">\n\t\t[vc_row_inner][vc_column_inner width=\u00bb1\/4&#8243;][vc_single_image image=\u00bb4487&#8243; img_size=\u00bbmedium\u00bb onclick=\u00bbcustom_link\u00bb img_link_target=\u00bb_blank\u00bb link=\u00bbhttps:\/\/www.museummate.com\u00bb][\/vc_column_inner][vc_column_inner width=\u00bb3\/4&#8243;][vc_custom_heading text=\u00bbMuseummate\u00bb google_fonts=\u00bbfont_family:Montserrat%3Aregular%2C700|font_style:700%20bold%20regular%3A700%3Anormal\u00bb link=\u00bburl:https%3A%2F%2Fwww.museummate.com|title:MUSEUMMATE|target:_blank\u00bb][vc_column_text]Museummate <strong>ofrece audiogu\u00edas y desarrolla un sistema de inteligencia de datos que permite realizar estudios de p\u00fablico de forma continua y en tiempo real<\/strong> mientras los visitantes recorren las salas del museo o monumento. Es posible conocer algunos datos por las visitas a la web del Museo o durante el proceso de compra de la entrada, pero es necesario ir m\u00e1s all\u00e1 y conocer mucho m\u00e1s acerca de qui\u00e9nes son, cu\u00e1les son sus intereses y motivaciones. Con <em>Visitors Analytics<\/em> podemos conocer en tiempo real el flujo de los visitantes y su comportamiento durante la visita y, adem\u00e1s, nos ayuda a detectar zonas cr\u00edticas, saturadas o que superan el aforo; segmentando por cada perfil de p\u00fablico, el consumo de contenido y sus intereses durante el recorrido por las salas del Museo. Incluso nos puede mostrar c\u00f3mo la climatolog\u00eda u otros factores externos influyen en el n\u00famero de visitas, el tipo de visitante y sus intereses. Esta informaci\u00f3n es crucial para afrontar el futuro de los Museos y continuar cautivando a las nuevas generaciones de visitantes.<\/p>\n<p>Despu\u00e9s de la pandemia, muchos Museos y Monumentos est\u00e1n considerando nuevos modelos de oferta cultural, adecu\u00e1ndola a los nuevos perfiles de p\u00fablico y Museummate lo hace posible, aportando un estudio de p\u00fablicos muy completo y en tiempo real, para poder tomar decisiones m\u00e1s efectivas y r\u00e1pidas.[\/vc_column_text][\/vc_column_inner][\/vc_row_inner]\t\t\t<hr class=\"evenz-spacer-s\">\n\t\t[vc_separator]\t\t\t<hr class=\"evenz-spacer-s\">\n\t\t[vc_row_inner][vc_column_inner width=\u00bb1\/4&#8243;][vc_single_image image=\u00bb4944&#8243; img_size=\u00bbmedium\u00bb onclick=\u00bbcustom_link\u00bb img_link_target=\u00bb_blank\u00bb link=\u00bbhttps:\/\/www.visitvalencia.com\u00bb][\/vc_column_inner][vc_column_inner width=\u00bb3\/4&#8243;][vc_custom_heading text=\u00bbVisit Valencia\u00bb google_fonts=\u00bbfont_family:Montserrat%3Aregular%2C700|font_style:700%20bold%20regular%3A700%3Anormal\u00bb link=\u00bburl:https%3A%2F%2Fwww.visitvalencia.com%20|title:VISIT%20VALENCIA|target:_blank\u00bb][vc_column_text]<span data-contrast=\"auto\">VISIT VALENCIA es una fundaci\u00f3n participada por el Ayuntamiento de Valencia, la C\u00e1mara de Comercio, Feria Valencia, la Confederaci\u00f3n Empresarial Valenciana, Turisme Comunitat Valenciana y Patronat Provincial de Turisme de Val\u00e8ncia junto a la mayor\u00eda de las empresas locales del sector tur\u00edstico. <\/span><span data-ccp-props=\"{&quot;201341983&quot;:0,&quot;335559739&quot;:200,&quot;335559740&quot;:276}\">\u00a0<\/span><\/p>\n<p><span data-contrast=\"auto\">Su objetivo es la gesti\u00f3n estrat\u00e9gica y la promoci\u00f3n de la ciudad de Valencia en el \u00e1mbito tur\u00edstico con un enfoque profesional y transversal que combina el inter\u00e9s p\u00fablico y el privado.<\/span><span data-ccp-props=\"{&quot;201341983&quot;:0,&quot;335559739&quot;:200,&quot;335559740&quot;:276}\">\u00a0<\/span><\/p>\n<p><span data-contrast=\"auto\">Valencia es una ciudad din\u00e1mica y puntera con mucho que ofrecer, y Visit Valencia es el portal para promocionar y dar a conocer con contenido de alto valor al usuarix antes y durante su visita. <\/span><span data-ccp-props=\"{&quot;201341983&quot;:0,&quot;335559739&quot;:200,&quot;335559740&quot;:276}\">\u00a0<\/span><\/p>\n<p><span data-contrast=\"auto\">Valencia es \u00fanica en muchos sentidos y por este motivo, durante 2022 ha sido nombrada Capital Mundial del Dise\u00f1o y Capital europea del Turismo Inteligente.<\/span><span data-ccp-props=\"{&quot;201341983&quot;:0,&quot;335559739&quot;:200,&quot;335559740&quot;:276}\">\u00a0<\/span>[\/vc_column_text][\/vc_column_inner][\/vc_row_inner]\t\t\t<hr class=\"evenz-spacer-s\">\n\t\t[vc_separator][vc_row_inner][vc_column_inner width=\u00bb1\/4&#8243;][vc_single_image image=\u00bb4562&#8243; img_size=\u00bbmedium\u00bb onclick=\u00bbcustom_link\u00bb img_link_target=\u00bb_blank\u00bb link=\u00bbhttps:\/\/bakarts.io\u00bb][\/vc_column_inner][vc_column_inner width=\u00bb3\/4&#8243;][vc_custom_heading text=\u00bbBakarts\u00bb google_fonts=\u00bbfont_family:Montserrat%3Aregular%2C700|font_style:700%20bold%20regular%3A700%3Anormal\u00bb link=\u00bburl:https%3A%2F%2Fbakarts.io|title:BAKARTS|target:_blank\u00bb][vc_column_text]Bakarts nace con el objetivo de facilitar tanto a artistas como a organizaciones culturales la puesta en marcha de proyectos NFT, que aprovechen esa tecnolog\u00eda para generar un valor real a la comunidad, alej\u00e1ndose del ruido y confusi\u00f3n que muchas veces se asocian a estos activos. \u00bfEres una galer\u00eda, museo, festival o cualquier otro tipo de organizaci\u00f3n dedicada al arte y la cultura? Podemos ayudarte a pensar cu\u00e1l es el tipo de proyecto NFT que m\u00e1s te conviene, acompa\u00f1arte en su puesta en marcha, y colaborar en todas las acciones necesarias para ello: digitalizaci\u00f3n, marketing, &#8230;[\/vc_column_text][\/vc_column_inner][\/vc_row_inner][vc_row_inner][vc_column_inner width=\u00bb1\/4&#8243;][vc_single_image image=\u00bb4570&#8243; img_size=\u00bbmedium\u00bb onclick=\u00bbcustom_link\u00bb img_link_target=\u00bb_blank\u00bb link=\u00bbhttps:\/\/www.coeli.cat\/es\/\u00bb][\/vc_column_inner][vc_column_inner width=\u00bb3\/4&#8243;][vc_custom_heading text=\u00bbCoeli\u00bb google_fonts=\u00bbfont_family:Montserrat%3Aregular%2C700|font_style:700%20bold%20regular%3A700%3Anormal\u00bb link=\u00bburl:https%3A%2F%2Fwww.coeli.cat%2Fes%2F|title:COELI|target:_blank\u00bb][vc_column_text]Coeli Platform S.L. es una empresa nativa digital nacida gracias a un grupo de expertos en gesti\u00f3n documental que detectaron, de primera mano, la necesidad de crear una herramienta tecnol\u00f3gica preparada para todo tipo de instituciones culturales, capaz de adaptarse con rigor a la evoluci\u00f3n <strong>continua<\/strong> del sector GLAM.<\/p>\n<p>Coeli ofrece el acompa\u00f1amiento a cada instituci\u00f3n cultural en la publicaci\u00f3n en l\u00ednea, la documentaci\u00f3n de colecciones y la gesti\u00f3n de flujos de trabajo a trav\u00e9s de software propio. As\u00ed da respuesta a la transformaci\u00f3n digital con un servicio en la nube (SaaS) basado en est\u00e1ndares de referencia internacional (Spectrum, CIDOC-CRM, SKOS Concept, Dublin Core) en un entorno \u00e1gil e intuitivo para el usuario.[\/vc_column_text][\/vc_column_inner][\/vc_row_inner][vc_row_inner][vc_column_inner width=\u00bb1\/4&#8243;][vc_single_image image=\u00bb4654&#8243; img_size=\u00bbmedium\u00bb onclick=\u00bbcustom_link\u00bb img_link_target=\u00bb_blank\u00bb link=\u00bbhttp:\/\/ar.institutoidf.com\u00bb][\/vc_column_inner][vc_column_inner width=\u00bb3\/4&#8243;][vc_custom_heading text=\u00bbHUME\u00bb google_fonts=\u00bbfont_family:Montserrat%3Aregular%2C700|font_style:700%20bold%20regular%3A700%3Anormal\u00bb link=\u00bburl:http%3A%2F%2Far.institutoidf.com|title:HUME|target:_blank\u00bb][vc_column_text]HUME es un Hub de Museolog\u00eda Experimental de la Universitat Polit\u00e8cnica de Val\u00e8ncia, ubicado en el Instituto de Dise\u00f1o y Fabricaci\u00f3n IDF de la Ciudad Polit\u00e9cnica de la Innovaci\u00f3n.<\/p>\n<p>Se trata de un espacio de experimentaci\u00f3n que une museos, investigadores\/as y empresas que buscan construir nuevas aplicaciones de realidad extendida (XR) innovadoras en el campo de la museolog\u00eda, el turismo y la comunicaci\u00f3n.\u00a0En este laboratorio contamos con un espacio di\u00e1fano utilizado tanto como ubicaci\u00f3n para construir experiencias compartidas, como plat\u00f3 experimental para la realizaci\u00f3n de producciones virtuales (virtual productions).\u00a0Un espacio preparado para transformarse en un banco de pruebas multidispositivo, como gafas de VR, AR y XR, smartphones y tabletas digitales.<\/p>\n<p>Actualmente el equipo liderado por los doctores Adolfo Mu\u00f1oz y Ana Mart\u00ed Test\u00f3n que colaboran con\u00a0otros investigadores del IDF de variados campos colaboran en los proyectos de HUME para dar soporte en las \u00e1reas de inform\u00e1tica, comunicaciones, ingenier\u00eda rob\u00f3tica y visi\u00f3n artificial.<\/p>\n<p>Es por ello que estamos en disposici\u00f3n de ofrecer servicios de consultor\u00eda que abarcan todas las facetas de la creaci\u00f3n de proyectos XR tanto para museos como para la industria productiva, como la automoci\u00f3n.[\/vc_column_text][\/vc_column_inner][\/vc_row_inner][vc_row_inner][vc_column_inner width=\u00bb1\/4&#8243;][vc_single_image image=\u00bb4601&#8243; img_size=\u00bbmedium\u00bb onclick=\u00bbcustom_link\u00bb img_link_target=\u00bb_blank\u00bb link=\u00bbhttps:\/\/www.inwo.es\u00bb][\/vc_column_inner][vc_column_inner width=\u00bb3\/4&#8243;][vc_custom_heading text=\u00bbInWO SMART AV\u00bb google_fonts=\u00bbfont_family:Montserrat%3Aregular%2C700|font_style:700%20bold%20regular%3A700%3Anormal\u00bb link=\u00bburl:https%3A%2F%2Fwww.inwo.es|title:INWO%20SMART%20AV|target:_blank\u00bb][vc_column_text]A la vanguardia de las \u00faltimas tecnolog\u00edas, INWO proporciona su amplia experiencia para soporte y asesoramiento en la planificaci\u00f3n e implementaci\u00f3n de proyectos AV como museos, showrooms, exposiciones, instalaciones temporales, fijas, eventos, etc. Es DATATON Premium Partner para Espa\u00f1a y Portugal, especializados en productos, ventas, soporte y formaci\u00f3n de los productos WATCHOUT (sistema Multi-Display para crear espectaculares proyectos AV).<\/p>\n<p>Tambi\u00e9n es distribuidor exclusivo del producto Blocks del fabricante PIXILAB para Espa\u00f1a y Portugal (soluci\u00f3n audiovisual integral para museos y exposiciones).[\/vc_column_text][\/vc_column_inner][\/vc_row_inner][vc_row_inner][vc_column_inner width=\u00bb1\/4&#8243;][vc_single_image image=\u00bb4680&#8243; img_size=\u00bbmedium\u00bb onclick=\u00bbcustom_link\u00bb img_link_target=\u00bb_blank\u00bb link=\u00bbhttps:\/\/lin3s.com\/\u00bb][\/vc_column_inner][vc_column_inner width=\u00bb3\/4&#8243;][vc_custom_heading text=\u00bbLIN3S\u00bb google_fonts=\u00bbfont_family:Montserrat%3Aregular%2C700|font_style:700%20bold%20regular%3A700%3Anormal\u00bb link=\u00bburl:https%3A%2F%2Flin3s.com%2F|title:LIN3S|target:_blank\u00bb][vc_column_text]LIN3S es una consultora de negocio nacida en Bilbao que cuenta con delegaciones en diversas ciudades del Estado, as\u00ed como presencia internacional en Francia y Portugal, Integrada por un equipo de m\u00e1s de 100 profesionales, tiene como objetivo principal ayudar a sus clientes a crecer.<\/p>\n<p>Especialista en digital, trabaja con una visi\u00f3n integral de cada una de las fases que afectan a cada negocio, basando su labor en la experiencia y en la especializaci\u00f3n por sectores, entre ellos, el cultural y muse\u00edstico.[\/vc_column_text][\/vc_column_inner][\/vc_row_inner][vc_row_inner][vc_column_inner width=\u00bb1\/4&#8243;][vc_single_image image=\u00bb4558&#8243; img_size=\u00bbmedium\u00bb onclick=\u00bbcustom_link\u00bb img_link_target=\u00bb_blank\u00bb link=\u00bbhttps:\/\/phygismartshelf.com\/\u00bb][\/vc_column_inner][vc_column_inner width=\u00bb3\/4&#8243;][vc_custom_heading text=\u00bbPHYGI by Quatechnion\u00bb google_fonts=\u00bbfont_family:Montserrat%3Aregular%2C700|font_style:700%20bold%20regular%3A700%3Anormal\u00bb link=\u00bburl:https%3A%2F%2Fphygismartshelf.com%2F|title:PHYGI%20by%20Quatechnion|target:_blank\u00bb][vc_column_text]Quatechnion es una spin-off que nace en la Universidad Polit\u00e9cnica de Valencia para crear espacios vivos, en los que lo digital se fusiona con el mundo f\u00edsico para ofrecer experiencias memorables. Desarrolla y comercializa soluciones tecnol\u00f3gicas e innovaci\u00f3n, en el que combina el conocimiento cient\u00edfico desde tres \u00e1reas: basadas en el uso de t\u00e9cnicas de Neurociencia del Consumidor, Realidad Virtual, Internet de las cosas, <em>Data Analytics<\/em> e Inteligencia Artificial.<\/p>\n<p>Cuenta con el apoyo y conocimiento cient\u00edfico del Instituto LENI de la Universidad Polit\u00e9cnica de Valencia, l\u00edder en I+D+i en Investigaci\u00f3n del comportamiento del Consumidor, con m\u00e1s de 20 a\u00f1os de experiencia.[\/vc_column_text][\/vc_column_inner][\/vc_row_inner][vc_row_inner][vc_column_inner width=\u00bb1\/4&#8243;][vc_single_image image=\u00bb4603&#8243; img_size=\u00bbmedium\u00bb onclick=\u00bbcustom_link\u00bb img_link_target=\u00bb_blank\u00bb link=\u00bbhttps:\/\/es.sycomore.eu\u00bb][\/vc_column_inner][vc_column_inner width=\u00bb3\/4&#8243;][vc_custom_heading text=\u00bbSycomore (marca Vox Group)\u00bb google_fonts=\u00bbfont_family:Montserrat%3Aregular%2C700|font_style:700%20bold%20regular%3A700%3Anormal\u00bb link=\u00bburl:https%3A%2F%2Fes.sycomore.eu|title:SYCOMORE|target:_blank\u00bb][vc_column_text]Sycomore lleva m\u00e1s de 35 a\u00f1os colaborando con museos y organizaciones culturales, ayud\u00e1ndoles a crear experiencias multiling\u00fces, multimedia y de audio. Desde las cl\u00e1sicas audiogu\u00edas hasta las innovadoras soluciones digitales, pasando por los dispositivos inteligentes multimedia y el software de venta de entradas; Sycomore dispone de gama exclusiva de soluciones innovadoras, llave en mano para ofrecer los contenidos de audio, v\u00eddeo y gr\u00e1ficos a medida y la creaci\u00f3n de contenidos en m\u00faltiples idiomas y con el mayor nivel de calidad posible, avalados por los m\u00e1s de 2.000 proyectos realizados.<\/p>\n<p>En colaboraci\u00f3n con instituciones culturales de todo tipo, tanto p\u00fablicas como privadas, grandes o peque\u00f1as, crea experiencias significativas que conectan con todo tipo de visitantes bajo la premisa \u201cCrea, mejora y conecta tus recorridos\u00bb.[\/vc_column_text][\/vc_column_inner][\/vc_row_inner]\t\t\t<hr class=\"evenz-spacer-s\">\n\t\t[vc_separator]\t\t\t<hr class=\"evenz-spacer-s\">\n\t\t[vc_row_inner][vc_column_inner width=\u00bb1\/4&#8243;][vc_single_image image=\u00bb4486&#8243; img_size=\u00bbmedium\u00bb onclick=\u00bbcustom_link\u00bb img_link_target=\u00bb_blank\u00bb link=\u00bbhttps:\/\/www.adhoc-cultura.com\u00bb][\/vc_column_inner][vc_column_inner width=\u00bb3\/4&#8243;][vc_custom_heading text=\u00bbAdHoc Cultura\u00bb google_fonts=\u00bbfont_family:Montserrat%3Aregular%2C700|font_style:700%20bold%20regular%3A700%3Anormal\u00bb link=\u00bburl:https%3A%2F%2Fwww.adhoc-cultura.com|title:ADHOC%20CULTURA|target:_blank\u00bb][vc_column_text]AdHoc Cultura acerca la cultura a la sociedad como motor de mejora social, para que las personas puedan disfrutar de sus beneficios. Trabaja para desarrollar una metodolog\u00eda, con herramientas y canales propios para asegurar la integraci\u00f3n plena de la cultura a la sociedad.[\/vc_column_text][\/vc_column_inner][\/vc_row_inner][vc_row_inner][vc_column_inner width=\u00bb1\/4&#8243;][vc_single_image image=\u00bb4451&#8243; img_size=\u00bbmedium\u00bb onclick=\u00bbcustom_link\u00bb img_link_target=\u00bb_blank\u00bb link=\u00bbhttps:\/\/latempesta.cc\/es.html\u00bb][\/vc_column_inner][vc_column_inner width=\u00bb3\/4&#8243;][vc_custom_heading text=\u00bbLa Tempesta\u00bb google_fonts=\u00bbfont_family:Montserrat%3Aregular%2C700|font_style:700%20bold%20regular%3A700%3Anormal\u00bb link=\u00bburl:https%3A%2F%2Flatempesta.cc%2Fes.html%20|title:LA%20TEMPESTA|target:_blank\u00bb][vc_column_text]<span data-contrast=\"auto\">La Tempesta es una empresa con sede en Barcelona que trabaja en servicios de estrategia y transformaci\u00f3n digital y tambi\u00e9n una empresa de producci\u00f3n de patrimonio web y digital. <\/span><span data-ccp-props=\"{&quot;201341983&quot;:0,&quot;335559739&quot;:200,&quot;335559740&quot;:276}\">\u00a0<\/span><\/p>\n<p><span data-contrast=\"auto\">Sus \u00e1reas de trabajo especializado incluyen: nuevos medios, estrategia, innovaci\u00f3n, consultor\u00eda, transformaci\u00f3n digital, contenido, storytelling, VR, AR, talento digital, gesti\u00f3n de proyectos, museos, archivos, bibliotecas, ciudades, pensamiento visual, exploraci\u00f3n tecnol\u00f3gica, desarrollo web, patrimonio digital, DCH, facilitaci\u00f3n, Innovaci\u00f3n abierta y gesti\u00f3n del cambio.<\/span><span data-ccp-props=\"{&quot;201341983&quot;:0,&quot;335559739&quot;:200,&quot;335559740&quot;:276}\">\u00a0<\/span>[\/vc_column_text][\/vc_column_inner][\/vc_row_inner][vc_row_inner][vc_column_inner width=\u00bb1\/4&#8243;][vc_single_image image=\u00bb4473&#8243; img_size=\u00bbmedium\u00bb onclick=\u00bbcustom_link\u00bb img_link_target=\u00bb_blank\u00bb link=\u00bbhttps:\/\/www.zetcom.com\/en\/\u00bb][\/vc_column_inner][vc_column_inner width=\u00bb3\/4&#8243;][vc_custom_heading text=\u00bbZetcom\u00bb google_fonts=\u00bbfont_family:Montserrat%3Aregular%2C700|font_style:700%20bold%20regular%3A700%3Anormal\u00bb link=\u00bburl:https%3A%2F%2Fwww.zetcom.com%2Fen%2F|title:ZETCOM|target:_blank\u00bb][vc_column_text]<span data-contrast=\"auto\">El grupo zetcom desarrolla soluciones y servicios de software l\u00edderes a nivel internacional para museos, colecciones y archivos, as\u00ed como soluciones para la gesti\u00f3n organizativa (fundaciones y asociaciones) y la gesti\u00f3n de datos ambientales (administraci\u00f3n y empresas).<\/span><span data-ccp-props=\"{&quot;201341983&quot;:0,&quot;335559739&quot;:200,&quot;335559740&quot;:276}\">\u00a0<\/span><\/p>\n<p><span data-contrast=\"auto\">M\u00e1s de 1.000 clientes en m\u00e1s de 30 pa\u00edses est\u00e1n utilizan sus soluciones de software flexibles (SaaS) para desarrollar y mantener el patrimonio cultural, hacer posible la gesti\u00f3n interna de las organizaciones o administrar instituciones ambientalmente relevantes. <\/span><span data-ccp-props=\"{&quot;201341983&quot;:0,&quot;335559739&quot;:200,&quot;335559740&quot;:276}\">\u00a0<\/span><\/p>\n<p><span data-contrast=\"auto\">Con sede en Suiza, posee filiales en Alemania, EE. UU., Espa\u00f1a, Francia y una amplia red de socios en todo el mundo.\u00a0<\/span><span data-ccp-props=\"{&quot;201341983&quot;:0,&quot;335559739&quot;:200,&quot;335559740&quot;:276}\">\u00a0<\/span><\/p>\n<p><span data-contrast=\"auto\">Con desarrollo interno integral, combinado con a\u00f1os de experiencia, ofrece y garantiza soluciones de software tan conocidas como museum plus, artplus, foundationplus, manage plus, umweltplus, etc.<\/span><span data-ccp-props=\"{&quot;201341983&quot;:0,&quot;335559739&quot;:200,&quot;335559740&quot;:276}\">\u00a0<\/span>[\/vc_column_text][\/vc_column_inner][\/vc_row_inner][\/vc_column][vc_column width=\u00bb1\/6&#8243;][\/vc_column][\/vc_row][vc_row css=\u00bb.vc_custom_1653384943417{background-color: #ffffff !important;}\u00bb][vc_column]\t\t\t<hr class=\"evenz-spacer-xs\">\n\t\t[\/vc_column][\/vc_row][vc_row css=\u00bb.vc_custom_1653384934491{background-color: #ffffff !important;}\u00bb][vc_column width=\u00bb1\/2&#8243;][vc_row_inner][vc_column_inner width=\u00bb1\/4&#8243;][\/vc_column_inner][vc_column_inner width=\u00bb3\/4&#8243;][vc_empty_space]\t\t\t<hr class=\"evenz-spacer-l\">\n\t\t\t\t<div>\n\t\t\t<h3  class=\"evenz-element-caption evenz-caption  evenz-caption__l  \" data-qtwaypoints-offset=\"30\" data-qtwaypoints>\t\t\t\t<span>Patrocina CIMED22<\/span>\n\t\t\t\t<\/h3>\t\t<\/div>\n\t\t\t\t\t<hr class=\"evenz-spacer-s\">\n\t\t[vc_column_text]<span class=\"TextRun SCXW173863347 BCX0\" lang=\"ES-ES\" xml:lang=\"ES-ES\" data-contrast=\"auto\"><span class=\"NormalTextRun SCXW173863347 BCX0\">\u00bfEres una empresa o una entidad cultural? Te invitamos a ser una parte fundamental de CIMED 22\u202f\u00a0<span class=\"TextRun SCXW159862566 BCX0\" lang=\"ES-ES\" xml:lang=\"ES-ES\" data-contrast=\"auto\"><span class=\"NormalTextRun SCXW159862566 BCX0\" data-ccp-charstyle=\"Strong\">a trav\u00e9s de la modalidad de\u00a0<\/span><\/span><span class=\"TextRun SCXW159862566 BCX0\" lang=\"ES-ES\" xml:lang=\"ES-ES\" data-contrast=\"auto\"><span class=\"NormalTextRun SCXW159862566 BCX0\" data-ccp-charstyle=\"Strong\">P<\/span><span class=\"NormalTextRun SCXW159862566 BCX0\" data-ccp-charstyle=\"Strong\">atrocinio \u2013 DEMO EMPRESA.\u00a0<\/span><\/span><\/span><\/span><\/p>\n<p><span class=\"TextRun SCXW153149751 BCX0\" lang=\"ES-ES\" xml:lang=\"ES-ES\" data-contrast=\"auto\"><span class=\"NormalTextRun SCXW153149751 BCX0\" data-ccp-charstyle=\"Strong\">Como patrocinador\u202fde CIMED<\/span><\/span><span class=\"TextRun SCXW153149751 BCX0\" lang=\"ES-ES\" xml:lang=\"ES-ES\" data-contrast=\"auto\"><span class=\"NormalTextRun SCXW153149751 BCX0\">\u00a0estar\u00e1s apoyando\u00a0<\/span><span class=\"NormalTextRun SCXW153149751 BCX0\">un congreso que inspira a museos y su ecosistema de profesionales\u00a0<\/span><span class=\"NormalTextRun SCXW153149751 BCX0\">tales\u00a0<\/span><span class=\"NormalTextRun SCXW153149751 BCX0\">como<\/span><span class=\"NormalTextRun SCXW153149751 BCX0\">\u202fmuse\u00f3grafos, comisarios, investigadores<\/span><span class=\"NormalTextRun SCXW153149751 BCX0\">, docentes<\/span><span class=\"NormalTextRun SCXW153149751 BCX0\">\u00a0y cient\u00edficos a nivel nacional e internacional.\u00a0<\/span><\/span><span class=\"EOP SCXW153149751 BCX0\" data-ccp-props=\"{&quot;201341983&quot;:0,&quot;335551550&quot;:6,&quot;335551620&quot;:6,&quot;335559739&quot;:160,&quot;335559740&quot;:259}\">\u00a0<\/span>[\/vc_column_text][\/vc_column_inner][\/vc_row_inner][\/vc_column][vc_column width=\u00bb1\/2&#8243;]\t\t\t<hr class=\"evenz-spacer-m\">\n\t\t[vc_row_inner][vc_column_inner width=\u00bb2\/3&#8243;][vc_raw_html]JTNDaWZyYW1lJTIwd2lkdGglM0QlMjI1NjAlMjIlMjBoZWlnaHQlM0QlMjIzMTUlMjIlMjBzcmMlM0QlMjJodHRwcyUzQSUyRiUyRnd3dy55b3V0dWJlLmNvbSUyRmVtYmVkJTJGZU82blVXRlk5Q0ElM0Zjb250cm9scyUzRDAlMjIlMjB0aXRsZSUzRCUyMllvdVR1YmUlMjB2aWRlbyUyMHBsYXllciUyMiUyMGZyYW1lYm9yZGVyJTNEJTIyMCUyMiUyMGFsbG93JTNEJTIyYWNjZWxlcm9tZXRlciUzQiUyMGF1dG9wbGF5JTNCJTIwY2xpcGJvYXJkLXdyaXRlJTNCJTIwZW5jcnlwdGVkLW1lZGlhJTNCJTIwZ3lyb3Njb3BlJTNCJTIwcGljdHVyZS1pbi1waWN0dXJlJTIyJTIwYWxsb3dmdWxsc2NyZWVuJTNFJTNDJTJGaWZyYW1lJTNF[\/vc_raw_html][\/vc_column_inner][vc_column_inner width=\u00bb1\/3&#8243;][\/vc_column_inner][\/vc_row_inner][\/vc_column][\/vc_row][vc_row css=\u00bb.vc_custom_1653384925664{background-color: #ffffff !important;}\u00bb][vc_column]\t\t\t<hr class=\"evenz-spacer-xs\">\n\t\t[vc_row_inner][vc_column_inner width=\u00bb1\/6&#8243;][\/vc_column_inner][vc_column_inner width=\u00bb2\/3&#8243;][vc_column_text]<\/p>\n<p style=\"text-align: center\">Consulta en el siguiente dosier las ventajas de ser patrocinador de CIMED 22 y sus modalidades:<\/p>\n<p>[\/vc_column_text]\t\t\t<hr class=\"evenz-spacer-s\">\n\t\t <p class=\"aligncenter\"><a href=\"https:\/\/upvedues-my.sharepoint.com\/:b:\/g\/personal\/anmartes_upv_edu_es\/EXkpg_r9_zBFuWxp0tZU-UUBwXlnRHoGA8PGaIZiGaA3dQ?e=4QXqBU\"  target=\"_blank\"  \n\t\tclass=\"evenz-btn evenz-btn-primary aligncenter  evenz-btn__l\"><span>Dosier para patrocinadores<\/span><\/a><\/p>\t\t\t<hr class=\"evenz-spacer-l\">\n\t\t[\/vc_column_inner][vc_column_inner width=\u00bb1\/6&#8243;][\/vc_column_inner][\/vc_row_inner][\/vc_column][\/vc_row]<\/p>\n<\/div>","protected":false},"excerpt":{"rendered":"<p>[vc_row css=\u00bb.vc_custom_1653384943417{background-color: #ffffff !important;}\u00bb][vc_column][\/vc_column][\/vc_row][vc_row css=\u00bb.vc_custom_1665481234494{background-color: #ffffff !important;}\u00bb][vc_column width=\u00bb1\/6&#8243;][\/vc_column][vc_column width=\u00bb2\/3&#8243;][vc_column_text]Profundiza sobre todo lo que ofrecen a los museos los patrocinadores CIMED22 en nuestro Espacio DEMO-EMPRESAS virtual (plataformas Spatial y Hopin) y presencial los d\u00edas 27 y 28 de octubre en los stands de la Facultad de Bellas Artes de la Universitat ...<\/p>\n","protected":false},"author":15,"featured_media":4418,"parent":0,"menu_order":0,"comment_status":"closed","ping_status":"closed","template":"page-fullwidth.php","meta":{"footnotes":""},"class_list":["post-4410","page","type-page","status-publish","has-post-thumbnail","hentry"],"_links":{"self":[{"href":"https:\/\/remed.webs.upv.es\/cimed22\/wp-json\/wp\/v2\/pages\/4410","targetHints":{"allow":["GET"]}}],"collection":[{"href":"https:\/\/remed.webs.upv.es\/cimed22\/wp-json\/wp\/v2\/pages"}],"about":[{"href":"https:\/\/remed.webs.upv.es\/cimed22\/wp-json\/wp\/v2\/types\/page"}],"author":[{"embeddable":true,"href":"https:\/\/remed.webs.upv.es\/cimed22\/wp-json\/wp\/v2\/users\/15"}],"replies":[{"embeddable":true,"href":"https:\/\/remed.webs.upv.es\/cimed22\/wp-json\/wp\/v2\/comments?post=4410"}],"version-history":[{"count":0,"href":"https:\/\/remed.webs.upv.es\/cimed22\/wp-json\/wp\/v2\/pages\/4410\/revisions"}],"wp:featuredmedia":[{"embeddable":true,"href":"https:\/\/remed.webs.upv.es\/cimed22\/wp-json\/wp\/v2\/media\/4418"}],"wp:attachment":[{"href":"https:\/\/remed.webs.upv.es\/cimed22\/wp-json\/wp\/v2\/media?parent=4410"}],"curies":[{"name":"wp","href":"https:\/\/api.w.org\/{rel}","templated":true}]}}