{"id":2773,"date":"2021-11-30T11:41:20","date_gmt":"2021-11-30T10:41:20","guid":{"rendered":"https:\/\/remed.webs.upv.es\/cimed22\/?page_id=2773"},"modified":"2022-10-09T20:34:51","modified_gmt":"2022-10-09T19:34:51","slug":"inscripciones","status":"publish","type":"page","link":"https:\/\/remed.webs.upv.es\/cimed22\/inscripciones\/","title":{"rendered":"Inscripciones"},"content":{"rendered":"<div class=\"wpb-content-wrapper\"><p>[vc_row][vc_column]\t\t<div>\n\t\t\t<h4  class=\"evenz-element-caption evenz-caption  evenz-caption__m  \" data-qtwaypoints-offset=\"30\" data-qtwaypoints>\t\t\t\t<span>Inscripciones<\/span>\n\t\t\t\t<\/h4>\t\t<\/div>\n\t\t\t\t\t<hr class=\"evenz-spacer-xs\">\n\t\t[\/vc_column][\/vc_row][vc_row][vc_column width=\u00bb1\/2&#8243;][vc_column_text]<\/p>\n<h5>El congreso cue<span style=\"color: #000000\">nta con dos tipos de inscripciones:<\/span><\/h5>\n<ul>\n<li>\n<h5><span style=\"color: #f5a71d\"><strong><span style=\"color: #000000\">Modalidad<\/span> SOLO ONLINE<\/strong><\/span><\/h5>\n<\/li>\n<li>\n<h5><span style=\"color: #f5a71d\"><strong><span style=\"color: #000000\">Modalidad<\/span>\u00a0 ONLINE + PRESENCIAL<\/strong><\/span><\/h5>\n<\/li>\n<\/ul>\n<h5><strong>* El precio de la inscripci\u00f3n es \u00fanico para ambas modalidades.<\/strong><\/h5>\n<p>[\/vc_column_text]\t\t\t<hr class=\"evenz-spacer-xxs\">\n\t\t[vc_column_text css_animation=\u00bbtop-to-bottom\u00bb]<\/p>\n<h5>Con la inscripci\u00f3n al congreso se obtendr\u00e1:<\/h5>\n<p>[\/vc_column_text][vc_row_inner][vc_column_inner]\t\t\t<hr class=\"evenz-spacer-xs\">\n\t\t[vc_column_text css_animation=\u00bbtop-to-bottom\u00bb]<\/p>\n<p style=\"text-align: left\">[t2gicons icontype=\u00bbt2gicon-professional-docs-certificate\u00bb size=\u00bb100&#8243; fontsize=\u00bb80&#8243; bgcolor=\u00bbwhite\u00bb color=\u00bbbrown\u00bb shape=\u00bbsquare\u00bb align=\u00bbleft\u00bb link=\u00bb\u00bb target=\u00bb_blank\u00bb icontype=\u00bbt2gicon-professional-docs-certificate\u00bb t2gicons_family_professional=\u00bbt2gicon-professional-docs-certificate\u00bb ] Una certificaci\u00f3n personalizada de asistencia y\/o presentaci\u00f3n de comunicaci\u00f3n.<\/p>\n<p>[\/vc_column_text][vc_column_text css_animation=\u00bbtop-to-bottom\u00bb]<\/p>\n<p style=\"text-align: left\">[t2gicons icontype=\u00bbt2gicon-professional-docs-book\u00bb size=\u00bb100&#8243; fontsize=\u00bb80&#8243; bgcolor=\u00bbwhite\u00bb color=\u00bbbrown\u00bb shape=\u00bbsquare\u00bb align=\u00bbleft\u00bb link=\u00bb\u00bb target=\u00bb_blank\u00bb icontype=\u00bbt2gicon-professional-docs-book\u00bb t2gicons_family_professional=\u00bbt2gicon-professional-docs-book\u00bb ] La publicaci\u00f3n digital de las actas del congreso con el sello editorial de la UPV.<\/p>\n<p>[\/vc_column_text][vc_column_text css_animation=\u00bbtop-to-bottom\u00bb]<\/p>\n<p style=\"text-align: left\">[t2gicons icontype=\u00bbt2gicon-professional-teaching-folderplay\u00bb size=\u00bb100&#8243; fontsize=\u00bb80&#8243; bgcolor=\u00bbwhite\u00bb color=\u00bbbrown\u00bb shape=\u00bbsquare\u00bb align=\u00bbleft\u00bb link=\u00bb\u00bb target=\u00bb_blank\u00bb icontype=\u00bbt2gicon-professional-teaching-folderplay\u00bb t2gicons_family_professional=\u00bbt2gicon-professional-teaching-folderplay\u00bb ] Un kit de participante con obsequios y materiales del congreso. Los asistentes de la modalidad online tendr\u00e1n un obsequio digital.<\/p>\n<p>[\/vc_column_text]\t\t\t<hr class=\"evenz-spacer-xs\">\n\t\t[\/vc_column_inner][\/vc_row_inner][\/vc_column][vc_column width=\u00bb1\/2&#8243;][vc_column_text]<strong><span style=\"color: #f5a71d\">ADVERTENCIA:<\/span><\/strong><\/p>\n<p>En el caso de confinamiento o imposibilidad de viajar, las plazas presenciales podr\u00e1n cambiarse por la modalidad Solo Online. Pero no ser\u00e1 posible hacer el cambio a la inversa.<\/p>\n<p>Cuando se inscriba en el congreso debe escoger modalidad. Tenga en cuenta que contamos con 280 plazas para la modalidad PRESENCIAL. Una vez se complete el aforo, las entradas pasar\u00e1n a ser S\u00d3LO ONLINE. Se respetar\u00e1 el orden de inscripci\u00f3n. Por defecto, si no selecciona ninguna modalidad al inscribirse se asignar\u00e1 la modalidad S\u00d3LO ONLINE.<\/p>\n<p>Adem\u00e1s, al tratarse de un congreso h\u00edbrido online, las personas inscritas podr\u00e1n consultar los v\u00eddeos de las sesiones una vez finalizado el evento.[\/vc_column_text]\t\t\t<hr class=\"evenz-spacer-xxs\">\n\t\t[vc_column_text]<span data-contrast=\"auto\">Para proceder con la inscripci\u00f3n y pago de tasas se requiere formalizar el registro en el <strong>Centro de Formaci\u00f3n Permanente de la UPV<\/strong> a trav\u00e9s del\u00a0<\/span><a href=\"https:\/\/poseidon.cfp.upv.es\/portal-formacion\/alumno\/gestion_matricula.jsp?cid=78716&amp;idioma=es&amp;hash=97489d19c71e934d964d9f4c8813ca13c117cf47cb09884a9e4a9e4a9e4c9f4933&amp;\"><b><span data-contrast=\"auto\">siguiente\u00a0enlace<\/span><\/b><\/a><span data-contrast=\"auto\">. Si no tiene creada la cuenta, siga las instrucciones a partir de \u00abcrea tu cuenta en el CFP\u00bb. <\/span><\/p>\n<p><strong>Para cualquier incidencia relacionada con este proceso puede escribir a <a href=\"mailto:congresos@cfp.upv.es\">congresos@cfp.upv.es\u00a0<\/a><\/strong>[\/vc_column_text][\/vc_column][\/vc_row][vc_row][vc_column][vc_row_inner][vc_column_inner width=\u00bb1\/2&#8243;][vc_custom_heading text=\u00bbMODALIDAD S\u00d3LO ONLINE\u00bb font_container=\u00bbtag:h4|text_align:right|color:%23000000&#8243; google_fonts=\u00bbfont_family:Montserrat%3Aregular%2C700|font_style:700%20bold%20regular%3A700%3Anormal\u00bb css_animation=\u00bbnone\u00bb css=\u00bb.vc_custom_1641898538124{padding-top: 40px !important;padding-right: 40px !important;padding-bottom: 40px !important;padding-left: 40px !important;background-image: url(https:\/\/remed.webs.upv.es\/cimed22\/wp-content\/uploads\/sites\/5\/2021\/12\/vecteezy_man-using-laptop-computer-with-education-icon-concept-worked-from-home-home-quarantine-new-normal-technology-business-concept_.jpg.png?id=3133) !important;background-position: center !important;background-repeat: no-repeat !important;background-size: cover !important;border-radius: 4px !important;}\u00bb][vc_column_text css_animation=\u00bbnone\u00bb css=\u00bb.vc_custom_1641898545409{border-top-width: 5px !important;border-right-width: 5px !important;border-bottom-width: 5px !important;border-left-width: 5px !important;padding-top: 10% !important;padding-right: 10% !important;padding-bottom: 10% !important;padding-left: 10% !important;background-color: #ffffff !important;border-left-color: #f5a71d !important;border-left-style: solid !important;border-right-color: #f5a71d !important;border-right-style: solid !important;border-top-color: #f5a71d !important;border-top-style: solid !important;border-bottom-color: #f5a71d !important;border-bottom-style: solid !important;border-radius: 4px !important;}\u00bb]<\/p>\n<table style=\"height: 389px\" width=\"683\" data-tablestyle=\"MsoNormalTable\" data-tablelook=\"1184\">\n<tbody>\n<tr>\n<td data-celllook=\"4369\">\n<h4><span style=\"color: #f5a71d\">Modalidad<br \/>\n<\/span><span style=\"color: #f5a71d\">S\u00f3lo Online<\/span><\/h4>\n<\/td>\n<td style=\"text-align: center\" bgcolor=\"orange\" data-celllook=\"4369\"><strong>Reducidas<\/strong><\/td>\n<td style=\"text-align: center\" data-celllook=\"4369\"><strong>Sin reducci\u00f3n<\/strong><\/td>\n<\/tr>\n<tr>\n<td data-celllook=\"4369\"><strong>Socios REMED\u00a0\u00a0<\/strong><\/td>\n<td bgcolor=\"orange\" data-celllook=\"4369\">\n<h4 style=\"text-align: center\"><strong>55 \u20ac\u00a0<\/strong><\/h4>\n<\/td>\n<td data-celllook=\"4369\">\n<h4 style=\"text-align: center\"><strong>85 \u20ac\u00a0<\/strong><\/h4>\n<\/td>\n<\/tr>\n<tr>\n<td data-celllook=\"4369\"><strong>General\u00a0<\/strong><\/td>\n<td bgcolor=\"orange\" data-celllook=\"4369\">\n<h4 style=\"text-align: center\"><strong>110 \u20ac<\/strong><\/h4>\n<\/td>\n<td data-celllook=\"4369\">\n<h4 style=\"text-align: center\"><strong>190 \u20ac<\/strong><\/h4>\n<\/td>\n<\/tr>\n<tr>\n<td data-celllook=\"4369\"><strong>Estudiantes\u00a0\u00a0<\/strong><\/td>\n<td bgcolor=\"orange\" data-celllook=\"4369\">\n<h4 style=\"text-align: center\"><strong>55 \u20ac<\/strong><\/h4>\n<\/td>\n<td data-celllook=\"4369\">\n<h4 style=\"text-align: center\"><strong>85 \u20ac<\/strong><\/h4>\n<\/td>\n<\/tr>\n<\/tbody>\n<\/table>\n<p style=\"text-align: right\">\u00a0* Reducidas hasta el 15 de junio 2022<\/p>\n<p>[\/vc_column_text][\/vc_column_inner][vc_column_inner width=\u00bb1\/2&#8243;][vc_custom_heading text=\u00bbMODALIDAD ONLINE Y PRESENCIAL\u00bb font_container=\u00bbtag:h4|text_align:right|color:%23000000&#8243; google_fonts=\u00bbfont_family:Montserrat%3Aregular%2C700|font_style:700%20bold%20regular%3A700%3Anormal\u00bb css_animation=\u00bbnone\u00bb css=\u00bb.vc_custom_1641898523903{padding-top: 40px !important;padding-right: 40px !important;padding-bottom: 40px !important;padding-left: 40px !important;background-image: url(https:\/\/remed.webs.upv.es\/cimed22\/wp-content\/uploads\/sites\/5\/2021\/12\/Recurso-19.png?id=3135) !important;background-position: center !important;background-repeat: no-repeat !important;background-size: cover !important;border-radius: 4px !important;}\u00bb][vc_column_text css_animation=\u00bbnone\u00bb css=\u00bb.vc_custom_1641898555709{border-top-width: 5px !important;border-right-width: 5px !important;border-bottom-width: 5px !important;border-left-width: 5px !important;padding-top: 10% !important;padding-right: 10% !important;padding-bottom: 10% !important;padding-left: 10% !important;background-color: #ffffff !important;border-left-color: #f5a71d !important;border-left-style: solid !important;border-right-color: #f5a71d !important;border-right-style: solid !important;border-top-color: #f5a71d !important;border-top-style: solid !important;border-bottom-color: #f5a71d !important;border-bottom-style: solid !important;border-radius: 4px !important;}\u00bb]<\/p>\n<table style=\"height: 389px\" width=\"683\" data-tablestyle=\"MsoNormalTable\" data-tablelook=\"1184\">\n<tbody>\n<tr>\n<td data-celllook=\"4369\">\n<h4><span style=\"color: #f5a71d\">Modalidad<br \/>\n<\/span><span style=\"color: #f5a71d\">Presencial+Online<\/span><\/h4>\n<\/td>\n<td style=\"text-align: center\" bgcolor=\"orange\" data-celllook=\"4369\"><strong>Reducidas<\/strong><\/td>\n<td style=\"text-align: center\" data-celllook=\"4369\"><strong>Sin reducci\u00f3n<\/strong><\/td>\n<\/tr>\n<tr>\n<td data-celllook=\"4369\"><strong>Socios REMED\u00a0\u00a0<\/strong><\/td>\n<td bgcolor=\"orange\" data-celllook=\"4369\">\n<h4 style=\"text-align: center\"><strong>55 \u20ac\u00a0<\/strong><\/h4>\n<\/td>\n<td data-celllook=\"4369\">\n<h4 style=\"text-align: center\"><strong>85 \u20ac\u00a0<\/strong><\/h4>\n<\/td>\n<\/tr>\n<tr>\n<td data-celllook=\"4369\"><strong>General<\/strong><\/td>\n<td bgcolor=\"orange\" data-celllook=\"4369\">\n<h4 style=\"text-align: center\"><strong>110 \u20ac<\/strong><\/h4>\n<\/td>\n<td data-celllook=\"4369\">\n<h4 style=\"text-align: center\"><strong>190 \u20ac<\/strong><\/h4>\n<\/td>\n<\/tr>\n<tr>\n<td data-celllook=\"4369\"><strong>Estudiantes\u00a0\u00a0<\/strong><\/td>\n<td bgcolor=\"orange\" data-celllook=\"4369\">\n<h4 style=\"text-align: center\"><strong>55 \u20ac<\/strong><\/h4>\n<\/td>\n<td data-celllook=\"4369\">\n<h4 style=\"text-align: center\"><strong>85 \u20ac<\/strong><\/h4>\n<\/td>\n<\/tr>\n<\/tbody>\n<\/table>\n<p style=\"text-align: right\">\u00a0* Reducidas hasta el 15 de junio de 2022<\/p>\n<table style=\"height: 78px\" width=\"220\" data-tablestyle=\"MsoNormalTable\" data-tablelook=\"1184\">\n<tbody>\n<tr>\n<td data-celllook=\"4369\">\n<h6>EXTRAS<\/h6>\n<\/td>\n<td style=\"text-align: center\" data-celllook=\"4369\"><\/td>\n<\/tr>\n<tr>\n<td data-celllook=\"4369\"><strong>Cena del Congreso<\/strong><br \/>\n(27 de octubre de 2022)<\/td>\n<td data-celllook=\"4369\">\n<h4 style=\"text-align: center\"><strong>43 \u20ac\u00a0<\/strong><\/h4>\n<\/td>\n<\/tr>\n<\/tbody>\n<\/table>\n<p>[\/vc_column_text][\/vc_column_inner][\/vc_row_inner][\/vc_column][\/vc_row][vc_row evenz_container=\u00bb2&#8243; content_placement=\u00bbbottom\u00bb][vc_column]\t\t\t<hr class=\"evenz-spacer-xs\">\n\t\t\t\t<div>\n\t\t\t<h6  class=\"evenz-element-caption evenz-caption  evenz-caption__xs  \" data-qtwaypoints-offset=\"30\" data-qtwaypoints>\t\t\t\t<span>Pol\u00edtica de devoluci\u00f3n de tasas de inscripci\u00f3n<\/span>\n\t\t\t\t<\/h6>\t\t<\/div>\n\t\t[vc_column_text]<b><span data-contrast=\"auto\">Para el p\u00fablico\u00a0general y p\u00fablico con\u00a0comunicaciones:<\/span><\/b><span data-ccp-props=\"{&quot;201341983&quot;:0,&quot;335559739&quot;:160,&quot;335559740&quot;:259}\">\u00a0<\/span><\/p>\n<ul>\n<li data-leveltext=\"\u2013\" data-font=\"Calibri\" data-listid=\"12\" data-aria-posinset=\"0\" data-aria-level=\"1\"><span data-contrast=\"auto\">Si se cancela la inscripci\u00f3n al congreso antes del 23 de mayo de 2022 se reintegrar\u00e1 el 100% del importe de la inscripci\u00f3n. <\/span><span data-ccp-props=\"{&quot;134233279&quot;:true,&quot;201341983&quot;:0,&quot;335559739&quot;:160,&quot;335559740&quot;:259}\">\u00a0<\/span><\/li>\n<li data-leveltext=\"\u2013\" data-font=\"Calibri\" data-listid=\"12\" data-aria-posinset=\"0\" data-aria-level=\"1\"><span data-contrast=\"auto\">Si se cancela la inscripci\u00f3n al congreso antes del 15 de junio de 2022 se reintegrar\u00e1 el 50% de la inscripci\u00f3n. <\/span><span data-ccp-props=\"{&quot;134233279&quot;:true,&quot;201341983&quot;:0,&quot;335559739&quot;:160,&quot;335559740&quot;:259}\">\u00a0<\/span><\/li>\n<li data-leveltext=\"\u2013\" data-font=\"Calibri\" data-listid=\"12\" data-aria-posinset=\"0\" data-aria-level=\"1\"><span data-contrast=\"auto\">Si se cancela la inscripci\u00f3n al congreso despu\u00e9s del 15 de junio de 2022 no se reintegrar\u00e1 ning\u00fan importe.<\/span><span data-ccp-props=\"{&quot;134233279&quot;:true,&quot;201341983&quot;:0,&quot;335559739&quot;:160,&quot;335559740&quot;:259}\">\u00a0<\/span><\/li>\n<\/ul>\n<p>[\/vc_column_text][\/vc_column][\/vc_row][vc_row][vc_column][\/vc_column][\/vc_row][vc_row][vc_column]\t\t\t<hr class=\"evenz-spacer-s\">\n\t\t <p class=\"aligncenter\"><a href=\"https:\/\/poseidon.cfp.upv.es\/portal-formacion\/alumno\/gestion_matricula.jsp?cid=78716&amp;idioma=es&amp;hash=97489d19c71e934d964d9f4c8813ca13c117cf47cb09884a9e4a9e4a9e4c9f4933&amp;\"  target=\"_blank\"  \n\t\tclass=\"evenz-btn evenz-btn-primary aligncenter  evenz-btn__l\"><span>\u00a1\u00a1INSCR\u00cdBETE AQUI!!<\/span><\/a><\/p>[\/vc_column][\/vc_row]<\/p>\n<\/div>","protected":false},"excerpt":{"rendered":"<p>[vc_row][vc_column][\/vc_column][\/vc_row][vc_row][vc_column width=\u00bb1\/2&#8243;][vc_column_text] El congreso cuenta con dos tipos de inscripciones: Modalidad SOLO ONLINE Modalidad\u00a0 ONLINE + PRESENCIAL * El precio de la inscripci\u00f3n es \u00fanico para ambas modalidades. [\/vc_column_text][vc_column_text css_animation=\u00bbtop-to-bottom\u00bb] Con la inscripci\u00f3n al congreso se obtendr\u00e1: [\/vc_column_text][vc_row_inner][vc_column_inner][vc_column_text css_animation=\u00bbtop-to-bottom\u00bb] [t2gicons icontype=\u00bbt2gicon-professional-docs-certificate\u00bb size=\u00bb100&#8243; fontsize=\u00bb80&#8243; bgcolor=\u00bbwhite\u00bb color=\u00bbbrown\u00bb shape=\u00bbsquare\u00bb align=\u00bbleft\u00bb link=\u00bb\u00bb target=\u00bb_blank\u00bb icontype=\u00bbt2gicon-professional-docs-certificate\u00bb ...<\/p>\n","protected":false},"author":15,"featured_media":2740,"parent":0,"menu_order":0,"comment_status":"closed","ping_status":"closed","template":"page-fullwidth.php","meta":{"footnotes":""},"class_list":["post-2773","page","type-page","status-publish","has-post-thumbnail","hentry"],"_links":{"self":[{"href":"https:\/\/remed.webs.upv.es\/cimed22\/wp-json\/wp\/v2\/pages\/2773","targetHints":{"allow":["GET"]}}],"collection":[{"href":"https:\/\/remed.webs.upv.es\/cimed22\/wp-json\/wp\/v2\/pages"}],"about":[{"href":"https:\/\/remed.webs.upv.es\/cimed22\/wp-json\/wp\/v2\/types\/page"}],"author":[{"embeddable":true,"href":"https:\/\/remed.webs.upv.es\/cimed22\/wp-json\/wp\/v2\/users\/15"}],"replies":[{"embeddable":true,"href":"https:\/\/remed.webs.upv.es\/cimed22\/wp-json\/wp\/v2\/comments?post=2773"}],"version-history":[{"count":0,"href":"https:\/\/remed.webs.upv.es\/cimed22\/wp-json\/wp\/v2\/pages\/2773\/revisions"}],"wp:featuredmedia":[{"embeddable":true,"href":"https:\/\/remed.webs.upv.es\/cimed22\/wp-json\/wp\/v2\/media\/2740"}],"wp:attachment":[{"href":"https:\/\/remed.webs.upv.es\/cimed22\/wp-json\/wp\/v2\/media?parent=2773"}],"curies":[{"name":"wp","href":"https:\/\/api.w.org\/{rel}","templated":true}]}}