{"id":912,"date":"2025-06-17T10:56:39","date_gmt":"2025-06-17T08:56:39","guid":{"rendered":"https:\/\/remed.webs.upv.es\/cimed2025\/?page_id=912"},"modified":"2025-09-14T19:17:07","modified_gmt":"2025-09-14T17:17:07","slug":"oliva-cachafeiro","status":"publish","type":"page","link":"https:\/\/remed.webs.upv.es\/cimed2025\/ponentes\/oliva-cachafeiro\/","title":{"rendered":"Oliva Cachafeiro"},"content":{"rendered":"\t\t<div data-elementor-type=\"wp-post\" data-elementor-id=\"912\" class=\"elementor elementor-912\">\n\t\t\t\t<div class=\"elementor-element elementor-element-f4508bd e-flex e-con-boxed e-con e-parent\" data-id=\"f4508bd\" data-element_type=\"container\" data-e-type=\"container\">\n\t\t\t\t\t<div class=\"e-con-inner\">\n\t\t\t\t<div class=\"elementor-element elementor-element-d8184b9 elementor-widget elementor-widget-image\" data-id=\"d8184b9\" data-element_type=\"widget\" data-e-type=\"widget\" data-widget_type=\"image.default\">\n\t\t\t\t<div class=\"elementor-widget-container\">\n\t\t\t\t\t\t\t\t\t\t\t\t\t\t\t<img decoding=\"async\" src=\"https:\/\/remed.webs.upv.es\/cimed2025\/wp-content\/uploads\/sites\/13\/elementor\/thumbs\/Foto-Oliva-Cachafeiro-r7fnlrf4bsbvazhdf4brs81rqeyxpihgmhe42hxcw8.png\" title=\"Foto Oliva Cachafeiro\" alt=\"Foto Oliva Cachafeiro\" loading=\"lazy\" \/>\t\t\t\t\t\t\t\t\t\t\t\t\t\t\t<\/div>\n\t\t\t\t<\/div>\n\t\t\t\t<div class=\"elementor-element elementor-element-81a7513 elementor-widget elementor-widget-heading\" data-id=\"81a7513\" data-element_type=\"widget\" data-e-type=\"widget\" data-widget_type=\"heading.default\">\n\t\t\t\t<div class=\"elementor-widget-container\">\n\t\t\t\t\t<h2 class=\"elementor-heading-title elementor-size-default\"><p style=\", sans-serif;font-size: small;font-style: normal;font-weight: 400\"><span style=\"font-family: Poppins, sans-serif;font-size: 2.3125rem;font-style: inherit;font-weight: 700\">Oliva Cachafeiro<\/span><\/p><\/h2>\t\t\t\t<\/div>\n\t\t\t\t<\/div>\n\t\t\t\t<div class=\"elementor-element elementor-element-531fdec elementor-widget elementor-widget-text-editor\" data-id=\"531fdec\" data-element_type=\"widget\" data-e-type=\"widget\" data-widget_type=\"text-editor.default\">\n\t\t\t\t<div class=\"elementor-widget-container\">\n\t\t\t\t\t\t\t\t\t<p>Directora del Museo de Arte Africano Arellano Alonso de la Universidad de Valladolid, es Licenciada en Geograf\u00eda e Historia, especialidad en Historia del Arte.<\/p><p>Su formaci\u00f3n se ampl\u00eda con una especializaci\u00f3n en Teor\u00eda y Est\u00e9tica de\u00a0 la Cinematograf\u00eda otorgada por la Universidad de Valladolid (C\u00e1tedra de Historia y Est\u00e9tica de la Cinematograf\u00eda); y otra en Estrategia Digital en Instituciones Culturales por la Universidad Oberta de Catalunya (UOC).<br \/>Como historiadora e investigadora, Oliva ha publicado varios libros sobre arte medieval y sobre arte africano; as\u00ed como colaboraciones en revistas y publicaciones especializadas. Es adem\u00e1s miembro del equipo de redacci\u00f3n de la revista UMOYA. Cuenta con un blog personal sobre arte, feminismo y cultura en general.<\/p><p>En el \u00e1mbito del voluntariado, ha sido gestora cultural y vecina activa en el movimiento vecinal vallisoletano, destacando el proyecto \u00abEn junio, la Esgueva\u00bb (desde 2011); y como miembro del Grupo de Cultura y del Grupo de Igualdad de la Federaci\u00f3n Vecinal Antonio Machado. Es adem\u00e1s socia de MAV (Asociaci\u00f3n Mujeres en las Artes Visuales) y de MMM (Asociaci\u00f3n Mujeres Mirando Mujeres).<\/p><p>Redes sociales:<br \/>Ig: <a href=\"https:\/\/www.instagram.com\/mariarondillera\/\">@mariarondillera<\/a><br \/>BlueSky: <a href=\"https:\/\/web-cdn.bsky.app\/profile\/mariarondillera.bsky.social\">@mariarondillera.bsky.social<\/a><br \/>Linkedin: <a href=\"https:\/\/www.linkedin.com\/in\/olivacachafeirobernal\/\">olivacachafeirobernal<\/a><br \/>Blog personal: <a href=\"https:\/\/arribayabajoaveces.wordpress.com\">https:\/\/arribayabajoaveces.wordpress.com<\/a><\/p><p><a href=\"https:\/\/remed.webs.upv.es\/cimed2025\/programa\/\/#ponentes_genero\">Oliva Cachafeiro en CIMED 25<\/a><\/p>\t\t\t\t\t\t\t\t<\/div>\n\t\t\t\t<\/div>\n\t\t\t\t\t<\/div>\n\t\t\t\t<\/div>\n\t\t\t\t<\/div>\n\t\t","protected":false},"excerpt":{"rendered":"<p>Oliva Cachafeiro Directora del Museo de Arte Africano Arellano Alonso de la Universidad de Valladolid, es Licenciada en Geograf\u00eda e [&hellip;]<\/p>\n","protected":false},"author":18,"featured_media":0,"parent":720,"menu_order":0,"comment_status":"closed","ping_status":"closed","template":"","meta":{"site-sidebar-layout":"no-sidebar","site-content-layout":"","ast-site-content-layout":"full-width-container","site-content-style":"default","site-sidebar-style":"default","ast-global-header-display":"","ast-banner-title-visibility":"","ast-main-header-display":"","ast-hfb-above-header-display":"","ast-hfb-below-header-display":"","ast-hfb-mobile-header-display":"","site-post-title":"disabled","ast-breadcrumbs-content":"","ast-featured-img":"disabled","footer-sml-layout":"","ast-disable-related-posts":"","theme-transparent-header-meta":"","adv-header-id-meta":"","stick-header-meta":"","header-above-stick-meta":"","header-main-stick-meta":"","header-below-stick-meta":"","astra-migrate-meta-layouts":"default","ast-page-background-enabled":"default","ast-page-background-meta":{"desktop":{"background-color":"var(--ast-global-color-4)","background-image":"","background-repeat":"repeat","background-position":"center center","background-size":"auto","background-attachment":"scroll","background-type":"","background-media":"","overlay-type":"","overlay-color":"","overlay-opacity":"","overlay-gradient":""},"tablet":{"background-color":"","background-image":"","background-repeat":"repeat","background-position":"center center","background-size":"auto","background-attachment":"scroll","background-type":"","background-media":"","overlay-type":"","overlay-color":"","overlay-opacity":"","overlay-gradient":""},"mobile":{"background-color":"","background-image":"","background-repeat":"repeat","background-position":"center center","background-size":"auto","background-attachment":"scroll","background-type":"","background-media":"","overlay-type":"","overlay-color":"","overlay-opacity":"","overlay-gradient":""}},"ast-content-background-meta":{"desktop":{"background-color":"var(--ast-global-color-5)","background-image":"","background-repeat":"repeat","background-position":"center center","background-size":"auto","background-attachment":"scroll","background-type":"","background-media":"","overlay-type":"","overlay-color":"","overlay-opacity":"","overlay-gradient":""},"tablet":{"background-color":"var(--ast-global-color-5)","background-image":"","background-repeat":"repeat","background-position":"center center","background-size":"auto","background-attachment":"scroll","background-type":"","background-media":"","overlay-type":"","overlay-color":"","overlay-opacity":"","overlay-gradient":""},"mobile":{"background-color":"var(--ast-global-color-5)","background-image":"","background-repeat":"repeat","background-position":"center center","background-size":"auto","background-attachment":"scroll","background-type":"","background-media":"","overlay-type":"","overlay-color":"","overlay-opacity":"","overlay-gradient":""}},"footnotes":""},"class_list":["post-912","page","type-page","status-publish","hentry"],"_links":{"self":[{"href":"https:\/\/remed.webs.upv.es\/cimed2025\/wp-json\/wp\/v2\/pages\/912","targetHints":{"allow":["GET"]}}],"collection":[{"href":"https:\/\/remed.webs.upv.es\/cimed2025\/wp-json\/wp\/v2\/pages"}],"about":[{"href":"https:\/\/remed.webs.upv.es\/cimed2025\/wp-json\/wp\/v2\/types\/page"}],"author":[{"embeddable":true,"href":"https:\/\/remed.webs.upv.es\/cimed2025\/wp-json\/wp\/v2\/users\/18"}],"replies":[{"embeddable":true,"href":"https:\/\/remed.webs.upv.es\/cimed2025\/wp-json\/wp\/v2\/comments?post=912"}],"version-history":[{"count":7,"href":"https:\/\/remed.webs.upv.es\/cimed2025\/wp-json\/wp\/v2\/pages\/912\/revisions"}],"predecessor-version":[{"id":2308,"href":"https:\/\/remed.webs.upv.es\/cimed2025\/wp-json\/wp\/v2\/pages\/912\/revisions\/2308"}],"up":[{"embeddable":true,"href":"https:\/\/remed.webs.upv.es\/cimed2025\/wp-json\/wp\/v2\/pages\/720"}],"wp:attachment":[{"href":"https:\/\/remed.webs.upv.es\/cimed2025\/wp-json\/wp\/v2\/media?parent=912"}],"curies":[{"name":"wp","href":"https:\/\/api.w.org\/{rel}","templated":true}]}}