{"id":910,"date":"2025-06-17T11:29:42","date_gmt":"2025-06-17T09:29:42","guid":{"rendered":"https:\/\/remed.webs.upv.es\/cimed2025\/?page_id=910"},"modified":"2025-09-14T19:05:44","modified_gmt":"2025-09-14T17:05:44","slug":"eduard-bech-vila","status":"publish","type":"page","link":"https:\/\/remed.webs.upv.es\/cimed2025\/ponentes\/eduard-bech-vila\/","title":{"rendered":"Eduard Bech Vila"},"content":{"rendered":"\t\t<div data-elementor-type=\"wp-post\" data-elementor-id=\"910\" class=\"elementor elementor-910\">\n\t\t\t\t<div class=\"elementor-element elementor-element-5a49a63 e-flex e-con-boxed e-con e-parent\" data-id=\"5a49a63\" data-element_type=\"container\" data-e-type=\"container\">\n\t\t\t\t\t<div class=\"e-con-inner\">\n\t\t\t\t<div class=\"elementor-element elementor-element-bc022fc elementor-widget elementor-widget-image\" data-id=\"bc022fc\" data-element_type=\"widget\" data-e-type=\"widget\" data-widget_type=\"image.default\">\n\t\t\t\t<div class=\"elementor-widget-container\">\n\t\t\t\t\t\t\t\t\t\t\t\t\t\t\t<img decoding=\"async\" src=\"https:\/\/remed.webs.upv.es\/cimed2025\/wp-content\/uploads\/sites\/13\/elementor\/thumbs\/Eduard-Bech-Vila-r7fofu988samfry87195opn53mxeol3yn5in2nt1tc.jpg\" title=\"Eduard Bech Vila\" alt=\"Eduard Bech Vila\" loading=\"lazy\" \/>\t\t\t\t\t\t\t\t\t\t\t\t\t\t\t<\/div>\n\t\t\t\t<\/div>\n\t\t\t\t<div class=\"elementor-element elementor-element-4780497 elementor-widget elementor-widget-heading\" data-id=\"4780497\" data-element_type=\"widget\" data-e-type=\"widget\" data-widget_type=\"heading.default\">\n\t\t\t\t<div class=\"elementor-widget-container\">\n\t\t\t\t\t<h2 class=\"elementor-heading-title elementor-size-default\">Eduard Bech Vila<\/h2>\t\t\t\t<\/div>\n\t\t\t\t<\/div>\n\t\t\t\t<div class=\"elementor-element elementor-element-3ec8a4a elementor-widget elementor-widget-text-editor\" data-id=\"3ec8a4a\" data-element_type=\"widget\" data-e-type=\"widget\" data-widget_type=\"text-editor.default\">\n\t\t\t\t<div class=\"elementor-widget-container\">\n\t\t\t\t\t\t\t\t\t<p><span style=\"font-weight: 400;\"><strong>Eduard Bech Vila<\/strong> es Director del Museu de l&#8217;Empord\u00e0 y de la Casa Natal Salvador Dal\u00ed de Figueres (Girona), y forma parte de la Xarxa de Museus d&#8217;Art de Catalunya (red tem\u00e1tica de museos) y de la Xarxa de Museus de les Comarques de Girona (red territorial de museos).\u00a0<\/span><\/p><p><span style=\"font-weight: 400;\">Es licenciado en Historia del Arte por la Universitat de Girona y M\u00e1ster en Gesti\u00f3n del Patrimonio Cultural por la Universitat de Barcelona. Ha trabajado en museos como el Museu Agbar de les Aig\u00fces en Cornell\u00e0 de Llobregat o los Museos de Olot donde coordin\u00f3 des de 2012 hasta 2017 el curso de especializaci\u00f3n en museos y nuevas tecnolog\u00edas.\u00a0<\/span><\/p><p><span style=\"font-weight: 400;\">Linkedin: <a href=\"https:\/\/www.linkedin.com\/in\/eduard-bech-i-vila-3a324522?miniProfileUrn=urn%3Ali%3Afs_miniProfile%3AACoAAASpn-sBUH2NkHOcF7uYdsCLwWJDZRQfRTo&amp;lipi=urn%3Ali%3Apage%3Ad_flagship3_search_srp_all%3BLWGqL7ivSiK2lN4dI9rJHQ%3D%3D\">Eduard Bech Vila<\/a><\/span><\/p><p><span style=\"font-weight: 400;\">Twitter:<a href=\"https:\/\/x.com\/eduardbech?lang=es\"> @eduardbech<\/a><\/span><\/p><p><a href=\"https:\/\/remed.webs.upv.es\/cimed2025\/programa\/\/#ponentes_colaboracion\">Eduard Bech Vila en CIMED 25<\/a><\/p>\t\t\t\t\t\t\t\t<\/div>\n\t\t\t\t<\/div>\n\t\t\t\t\t<\/div>\n\t\t\t\t<\/div>\n\t\t\t\t<\/div>\n\t\t","protected":false},"excerpt":{"rendered":"<p>Eduard Bech Vila Eduard Bech Vila es Director del Museu de l&#8217;Empord\u00e0 y de la Casa Natal Salvador Dal\u00ed de [&hellip;]<\/p>\n","protected":false},"author":18,"featured_media":0,"parent":720,"menu_order":0,"comment_status":"closed","ping_status":"closed","template":"","meta":{"site-sidebar-layout":"no-sidebar","site-content-layout":"","ast-site-content-layout":"full-width-container","site-content-style":"default","site-sidebar-style":"default","ast-global-header-display":"","ast-banner-title-visibility":"","ast-main-header-display":"","ast-hfb-above-header-display":"","ast-hfb-below-header-display":"","ast-hfb-mobile-header-display":"","site-post-title":"disabled","ast-breadcrumbs-content":"","ast-featured-img":"disabled","footer-sml-layout":"","ast-disable-related-posts":"","theme-transparent-header-meta":"","adv-header-id-meta":"","stick-header-meta":"","header-above-stick-meta":"","header-main-stick-meta":"","header-below-stick-meta":"","astra-migrate-meta-layouts":"default","ast-page-background-enabled":"default","ast-page-background-meta":{"desktop":{"background-color":"var(--ast-global-color-4)","background-image":"","background-repeat":"repeat","background-position":"center center","background-size":"auto","background-attachment":"scroll","background-type":"","background-media":"","overlay-type":"","overlay-color":"","overlay-opacity":"","overlay-gradient":""},"tablet":{"background-color":"","background-image":"","background-repeat":"repeat","background-position":"center center","background-size":"auto","background-attachment":"scroll","background-type":"","background-media":"","overlay-type":"","overlay-color":"","overlay-opacity":"","overlay-gradient":""},"mobile":{"background-color":"","background-image":"","background-repeat":"repeat","background-position":"center center","background-size":"auto","background-attachment":"scroll","background-type":"","background-media":"","overlay-type":"","overlay-color":"","overlay-opacity":"","overlay-gradient":""}},"ast-content-background-meta":{"desktop":{"background-color":"var(--ast-global-color-5)","background-image":"","background-repeat":"repeat","background-position":"center center","background-size":"auto","background-attachment":"scroll","background-type":"","background-media":"","overlay-type":"","overlay-color":"","overlay-opacity":"","overlay-gradient":""},"tablet":{"background-color":"var(--ast-global-color-5)","background-image":"","background-repeat":"repeat","background-position":"center center","background-size":"auto","background-attachment":"scroll","background-type":"","background-media":"","overlay-type":"","overlay-color":"","overlay-opacity":"","overlay-gradient":""},"mobile":{"background-color":"var(--ast-global-color-5)","background-image":"","background-repeat":"repeat","background-position":"center center","background-size":"auto","background-attachment":"scroll","background-type":"","background-media":"","overlay-type":"","overlay-color":"","overlay-opacity":"","overlay-gradient":""}},"footnotes":""},"class_list":["post-910","page","type-page","status-publish","hentry"],"_links":{"self":[{"href":"https:\/\/remed.webs.upv.es\/cimed2025\/wp-json\/wp\/v2\/pages\/910","targetHints":{"allow":["GET"]}}],"collection":[{"href":"https:\/\/remed.webs.upv.es\/cimed2025\/wp-json\/wp\/v2\/pages"}],"about":[{"href":"https:\/\/remed.webs.upv.es\/cimed2025\/wp-json\/wp\/v2\/types\/page"}],"author":[{"embeddable":true,"href":"https:\/\/remed.webs.upv.es\/cimed2025\/wp-json\/wp\/v2\/users\/18"}],"replies":[{"embeddable":true,"href":"https:\/\/remed.webs.upv.es\/cimed2025\/wp-json\/wp\/v2\/comments?post=910"}],"version-history":[{"count":7,"href":"https:\/\/remed.webs.upv.es\/cimed2025\/wp-json\/wp\/v2\/pages\/910\/revisions"}],"predecessor-version":[{"id":2287,"href":"https:\/\/remed.webs.upv.es\/cimed2025\/wp-json\/wp\/v2\/pages\/910\/revisions\/2287"}],"up":[{"embeddable":true,"href":"https:\/\/remed.webs.upv.es\/cimed2025\/wp-json\/wp\/v2\/pages\/720"}],"wp:attachment":[{"href":"https:\/\/remed.webs.upv.es\/cimed2025\/wp-json\/wp\/v2\/media?parent=910"}],"curies":[{"name":"wp","href":"https:\/\/api.w.org\/{rel}","templated":true}]}}