{"id":785,"date":"2025-06-10T14:31:39","date_gmt":"2025-06-10T12:31:39","guid":{"rendered":"https:\/\/remed.webs.upv.es\/cimed2025\/?page_id=785"},"modified":"2025-09-14T18:46:48","modified_gmt":"2025-09-14T16:46:48","slug":"alfons-cornella","status":"publish","type":"page","link":"https:\/\/remed.webs.upv.es\/cimed2025\/ponentes\/alfons-cornella\/","title":{"rendered":"Alfons\u00a0Cornella"},"content":{"rendered":"\t\t<div data-elementor-type=\"wp-post\" data-elementor-id=\"785\" class=\"elementor elementor-785\">\n\t\t\t\t<div class=\"elementor-element elementor-element-5a49a63 e-flex e-con-boxed e-con e-parent\" data-id=\"5a49a63\" data-element_type=\"container\" data-e-type=\"container\">\n\t\t\t\t\t<div class=\"e-con-inner\">\n\t\t\t\t<div class=\"elementor-element elementor-element-bc022fc elementor-widget elementor-widget-image\" data-id=\"bc022fc\" data-element_type=\"widget\" data-e-type=\"widget\" data-widget_type=\"image.default\">\n\t\t\t\t<div class=\"elementor-widget-container\">\n\t\t\t\t\t\t\t\t\t\t\t\t\t\t\t<img fetchpriority=\"high\" decoding=\"async\" width=\"640\" height=\"427\" src=\"https:\/\/remed.webs.upv.es\/cimed2025\/wp-content\/uploads\/sites\/13\/2025\/06\/Alfons-Cornella.jpg\" class=\"attachment-medium_large size-medium_large wp-image-788\" alt=\"\" srcset=\"https:\/\/remed.webs.upv.es\/cimed2025\/wp-content\/uploads\/sites\/13\/2025\/06\/Alfons-Cornella.jpg 640w, https:\/\/remed.webs.upv.es\/cimed2025\/wp-content\/uploads\/sites\/13\/2025\/06\/Alfons-Cornella-300x200.jpg 300w\" sizes=\"(max-width: 640px) 100vw, 640px\" \/>\t\t\t\t\t\t\t\t\t\t\t\t\t\t\t<\/div>\n\t\t\t\t<\/div>\n\t\t\t\t<div class=\"elementor-element elementor-element-4780497 elementor-widget elementor-widget-heading\" data-id=\"4780497\" data-element_type=\"widget\" data-e-type=\"widget\" data-widget_type=\"heading.default\">\n\t\t\t\t<div class=\"elementor-widget-container\">\n\t\t\t\t\t<h2 class=\"elementor-heading-title elementor-size-default\">Alfons Cornella<\/h2>\t\t\t\t<\/div>\n\t\t\t\t<\/div>\n\t\t\t\t<div class=\"elementor-element elementor-element-3ec8a4a elementor-widget elementor-widget-text-editor\" data-id=\"3ec8a4a\" data-element_type=\"widget\" data-e-type=\"widget\" data-widget_type=\"text-editor.default\">\n\t\t\t\t<div class=\"elementor-widget-container\">\n\t\t\t\t\t\t\t\t\t<p>Fundador de Infonomia y del Institute of Next, empresas de servicios para repensar el futuro de las empresas y las organizaciones, con un enfoque especial en Innovaci\u00f3n de modelos de negocio, con sede en Barcelona. Explora constantemente los ecosistemas de innovaci\u00f3n internacionales.<\/p><p>En la actualidad, adem\u00e1s de trabajar en modelos y procesos de innovaci\u00f3n, tambi\u00e9n se enfoca en la Curiosidad como ventaja competitiva de las organizaciones (curiosityatelier.com), y en la formaci\u00f3n de profesionales Edgers que transforman las empresas (somosedgers.com).<\/p><p>Ha escrito 42 libros, as\u00ed como cientos de art\u00edculos breves sobre innovaci\u00f3n, negocios y tecnolog\u00eda, desde la perspectiva de la transformaci\u00f3n de las organizaciones. Sus \u00faltimos libros son \u201cC\u00f3mo innovar sin ser Google\u201d, un manual de innovaci\u00f3n elaborado a partir de lo aprendido en 20 a\u00f1os de pr\u00e1ctica profesional, \u201cEducar humanos en un mundo de m\u00e1quinas inteligentes\u201d, una propuesta de ideas y reflexiones sobre la nueva educaci\u00f3n que necesita nuestra sociedad, \u201cC\u00f3mo comer cangrejo y no morir en el intento\u201d (con M\u00f2nica Alonso) sobre la transformaci\u00f3n de China en una potencia en innovaci\u00f3n, y Curiosidad = felicidad y \u00e9xito.<\/p><p>Es consultor de grandes empresas del pa\u00eds, y ha dirigido m\u00e1s de 120 proyectos de innovaci\u00f3n en todo tipo organizaciones, en especial, en el sector privado.<\/p><p>Alfons Cornella es licenciado en F\u00edsica Te\u00f3rica por la Universitat de Barcelona, Master of Science en Information Resources Management por la Syracuse University en New York, y tiene un postgrado en Alta Direcci\u00f3n de Empresas por ESADE Business School. Participa como profesor invitado en programas de diversas universidades y escuelas de negocio.<\/p><p>M\u00e1s en:<\/p><p><a href=\"https:\/\/alfonscornella.com\/\"> https:\/\/alfonscornella.com\/<\/a><\/p><p><a href=\"https:\/\/www.somosedgers.com\/\"> https:\/\/www.somosedgers.com\/<\/a><\/p><p><a href=\"https:\/\/www.instituteofnext.com\/\"> https:\/\/www.instituteofnext.com\/<\/a><\/p><p><a href=\"https:\/\/www.curiosityatelier.com\/\"> https:\/\/www.curiosityatelier.com\/<\/a><\/p><p>Redes:<\/p><p><a href=\"https:\/\/twitter.com\/acornella\">https:\/\/twitter.com\/acornella<\/a><\/p><p><a href=\"http:\/\/es.linkedin.com\/in\/acornella\">http:\/\/es.linkedin.com\/in\/acornella<\/a><\/p><p>T\u00edtulo:<\/p><p><em>Innovar va de generar valor para todos<\/em><\/p><p>Resumen:<br \/>Lo importante en innovaci\u00f3n es que lo que propongas sea de valor para los agentes implicados. No importa que ello implique tecnolog\u00eda o no, porque el elemento fundamental no es c\u00f3mo lo haces sino c\u00f3mo es percibido. Se puede hacer una innovaci\u00f3n en un museo, por ejemplo, simplemente cambiando el color de las paredes o el proceso de admisi\u00f3n. Innovaci\u00f3n no es nuevos productos, no es nuevas tecnolog\u00edas, innovaci\u00f3n es valor y se puede hacer un cambio muy significativo en c\u00f3mo generas valor a trav\u00e9s de un cambio de proceso o del orden en la forma en que haces las cosas.<\/p><p><a href=\"https:\/\/remed.webs.upv.es\/cimed2025\/programa\/\/#ponente-alfons_cornella\">Alfons Cornella en CIMED 25<\/a><\/p>\t\t\t\t\t\t\t\t<\/div>\n\t\t\t\t<\/div>\n\t\t\t\t\t<\/div>\n\t\t\t\t<\/div>\n\t\t\t\t<\/div>\n\t\t","protected":false},"excerpt":{"rendered":"<p>Alfons Cornella Fundador de Infonomia y del Institute of Next, empresas de servicios para repensar el futuro de las empresas [&hellip;]<\/p>\n","protected":false},"author":18,"featured_media":0,"parent":720,"menu_order":0,"comment_status":"closed","ping_status":"closed","template":"","meta":{"site-sidebar-layout":"no-sidebar","site-content-layout":"","ast-site-content-layout":"full-width-container","site-content-style":"default","site-sidebar-style":"default","ast-global-header-display":"","ast-banner-title-visibility":"","ast-main-header-display":"","ast-hfb-above-header-display":"","ast-hfb-below-header-display":"","ast-hfb-mobile-header-display":"","site-post-title":"disabled","ast-breadcrumbs-content":"","ast-featured-img":"disabled","footer-sml-layout":"","ast-disable-related-posts":"","theme-transparent-header-meta":"","adv-header-id-meta":"","stick-header-meta":"","header-above-stick-meta":"","header-main-stick-meta":"","header-below-stick-meta":"","astra-migrate-meta-layouts":"default","ast-page-background-enabled":"default","ast-page-background-meta":{"desktop":{"background-color":"var(--ast-global-color-4)","background-image":"","background-repeat":"repeat","background-position":"center center","background-size":"auto","background-attachment":"scroll","background-type":"","background-media":"","overlay-type":"","overlay-color":"","overlay-opacity":"","overlay-gradient":""},"tablet":{"background-color":"","background-image":"","background-repeat":"repeat","background-position":"center center","background-size":"auto","background-attachment":"scroll","background-type":"","background-media":"","overlay-type":"","overlay-color":"","overlay-opacity":"","overlay-gradient":""},"mobile":{"background-color":"","background-image":"","background-repeat":"repeat","background-position":"center center","background-size":"auto","background-attachment":"scroll","background-type":"","background-media":"","overlay-type":"","overlay-color":"","overlay-opacity":"","overlay-gradient":""}},"ast-content-background-meta":{"desktop":{"background-color":"var(--ast-global-color-5)","background-image":"","background-repeat":"repeat","background-position":"center center","background-size":"auto","background-attachment":"scroll","background-type":"","background-media":"","overlay-type":"","overlay-color":"","overlay-opacity":"","overlay-gradient":""},"tablet":{"background-color":"var(--ast-global-color-5)","background-image":"","background-repeat":"repeat","background-position":"center center","background-size":"auto","background-attachment":"scroll","background-type":"","background-media":"","overlay-type":"","overlay-color":"","overlay-opacity":"","overlay-gradient":""},"mobile":{"background-color":"var(--ast-global-color-5)","background-image":"","background-repeat":"repeat","background-position":"center center","background-size":"auto","background-attachment":"scroll","background-type":"","background-media":"","overlay-type":"","overlay-color":"","overlay-opacity":"","overlay-gradient":""}},"footnotes":""},"class_list":["post-785","page","type-page","status-publish","hentry"],"_links":{"self":[{"href":"https:\/\/remed.webs.upv.es\/cimed2025\/wp-json\/wp\/v2\/pages\/785","targetHints":{"allow":["GET"]}}],"collection":[{"href":"https:\/\/remed.webs.upv.es\/cimed2025\/wp-json\/wp\/v2\/pages"}],"about":[{"href":"https:\/\/remed.webs.upv.es\/cimed2025\/wp-json\/wp\/v2\/types\/page"}],"author":[{"embeddable":true,"href":"https:\/\/remed.webs.upv.es\/cimed2025\/wp-json\/wp\/v2\/users\/18"}],"replies":[{"embeddable":true,"href":"https:\/\/remed.webs.upv.es\/cimed2025\/wp-json\/wp\/v2\/comments?post=785"}],"version-history":[{"count":19,"href":"https:\/\/remed.webs.upv.es\/cimed2025\/wp-json\/wp\/v2\/pages\/785\/revisions"}],"predecessor-version":[{"id":2271,"href":"https:\/\/remed.webs.upv.es\/cimed2025\/wp-json\/wp\/v2\/pages\/785\/revisions\/2271"}],"up":[{"embeddable":true,"href":"https:\/\/remed.webs.upv.es\/cimed2025\/wp-json\/wp\/v2\/pages\/720"}],"wp:attachment":[{"href":"https:\/\/remed.webs.upv.es\/cimed2025\/wp-json\/wp\/v2\/media?parent=785"}],"curies":[{"name":"wp","href":"https:\/\/api.w.org\/{rel}","templated":true}]}}