{"id":723,"date":"2025-05-27T23:17:06","date_gmt":"2025-05-27T21:17:06","guid":{"rendered":"https:\/\/remed.webs.upv.es\/cimed2025\/?page_id=723"},"modified":"2025-09-14T19:20:30","modified_gmt":"2025-09-14T17:20:30","slug":"pirjo-hamari","status":"publish","type":"page","link":"https:\/\/remed.webs.upv.es\/cimed2025\/ponentes\/pirjo-hamari\/","title":{"rendered":"Pirjo Hamari"},"content":{"rendered":"\t\t<div data-elementor-type=\"wp-post\" data-elementor-id=\"723\" class=\"elementor elementor-723\">\n\t\t\t\t<div class=\"elementor-element elementor-element-5a49a63 e-flex e-con-boxed e-con e-parent\" data-id=\"5a49a63\" data-element_type=\"container\" data-e-type=\"container\">\n\t\t\t\t\t<div class=\"e-con-inner\">\n\t\t\t\t<div class=\"elementor-element elementor-element-bc022fc elementor-widget elementor-widget-image\" data-id=\"bc022fc\" data-element_type=\"widget\" data-e-type=\"widget\" data-widget_type=\"image.default\">\n\t\t\t\t<div class=\"elementor-widget-container\">\n\t\t\t\t\t\t\t\t\t\t\t\t\t\t\t<img fetchpriority=\"high\" decoding=\"async\" width=\"768\" height=\"498\" src=\"https:\/\/remed.webs.upv.es\/cimed2025\/wp-content\/uploads\/sites\/13\/2025\/05\/Pirjo_Hamari_museovirasto_Helena-Ranta-768x498.jpg\" class=\"attachment-medium_large size-medium_large wp-image-726\" alt=\"\" srcset=\"https:\/\/remed.webs.upv.es\/cimed2025\/wp-content\/uploads\/sites\/13\/2025\/05\/Pirjo_Hamari_museovirasto_Helena-Ranta-768x498.jpg 768w, https:\/\/remed.webs.upv.es\/cimed2025\/wp-content\/uploads\/sites\/13\/2025\/05\/Pirjo_Hamari_museovirasto_Helena-Ranta-300x195.jpg 300w, https:\/\/remed.webs.upv.es\/cimed2025\/wp-content\/uploads\/sites\/13\/2025\/05\/Pirjo_Hamari_museovirasto_Helena-Ranta-1024x664.jpg 1024w, https:\/\/remed.webs.upv.es\/cimed2025\/wp-content\/uploads\/sites\/13\/2025\/05\/Pirjo_Hamari_museovirasto_Helena-Ranta-1536x996.jpg 1536w, https:\/\/remed.webs.upv.es\/cimed2025\/wp-content\/uploads\/sites\/13\/2025\/05\/Pirjo_Hamari_museovirasto_Helena-Ranta-2048x1329.jpg 2048w\" sizes=\"(max-width: 768px) 100vw, 768px\" \/>\t\t\t\t\t\t\t\t\t\t\t\t\t\t\t<\/div>\n\t\t\t\t<\/div>\n\t\t\t\t<div class=\"elementor-element elementor-element-4780497 elementor-widget elementor-widget-heading\" data-id=\"4780497\" data-element_type=\"widget\" data-e-type=\"widget\" data-widget_type=\"heading.default\">\n\t\t\t\t<div class=\"elementor-widget-container\">\n\t\t\t\t\t<h2 class=\"elementor-heading-title elementor-size-default\">Pirjo Hamari<\/h2>\t\t\t\t<\/div>\n\t\t\t\t<\/div>\n\t\t\t\t<div class=\"elementor-element elementor-element-3ec8a4a elementor-widget elementor-widget-text-editor\" data-id=\"3ec8a4a\" data-element_type=\"widget\" data-e-type=\"widget\" data-widget_type=\"text-editor.default\">\n\t\t\t\t<div class=\"elementor-widget-container\">\n\t\t\t\t\t\t\t\t\t<p><strong>Pirjo Hamari<\/strong>, Doctora en Arqueolog\u00eda, es una profesional altamente experimentada en el \u00e1mbito del patrimonio, con una destacada trayectoria en la <a href=\"https:\/\/www.linkedin.com\/company\/museovirasto-finnish-heritage-agency\/\"><strong>Agencia de Patrimonio de Finlandia (Museovirasto)<\/strong> <\/a>\u2014organismo p\u00fablico del gobierno\u2014 desde la d\u00e9cada de 1990.<br \/>Su especializaci\u00f3n abarca la gesti\u00f3n del patrimonio y el desarrollo de pol\u00edticas en el \u00e1rea, apoyada en una s\u00f3lida formaci\u00f3n en arqueolog\u00eda (t\u00edtulo de doctorado obtenido en 2019, tras graduarse en 1996).<\/p><p>A lo largo de su carrera, ha realizado importantes aportes en la gesti\u00f3n de recursos arqueol\u00f3gicos, patrimonio digital, desarrollo de museos y planificaci\u00f3n estrat\u00e9gica. Actualmente se desempe\u00f1a como <strong>Directora de Desarrollo en la Unidad de Desarrollo de Museos<\/strong> dentro de la agencia.<\/p><p>Ha participado activamente en numerosos grupos de trabajo y proyectos nacionales e internacionales vinculados a pol\u00edticas culturales, en calidad de socia y l\u00edder de proyectos. Recientemente dirigi\u00f3 el proyecto <a href=\"https:\/\/www.ne-mo.org\/cooperation-funding\/networking-cooperation\/previous-projects\/moi-museums-of-impact\"><strong>MOI! Museums of Impact<\/strong> <\/a>financiado por la Uni\u00f3n Europea (2020-2023), y fue co-l\u00edder del paquete de trabajo del proyecto <a href=\"https:\/\/charter-alliance.eu\/\"><strong>CHARTER \u2013 Alianza Europea de Competencias en Patrimonio Cultural<\/strong><\/a> (2021-2024).<\/p><p>Linkedin: <a href=\"https:\/\/www.linkedin.com\/in\/pirjo-hamari-5442167\/?originalSubdomain=fi\" target=\"_blank\" rel=\"noopener\">pirjo_hamari<\/a><\/p><div dir=\"auto\"><p>T\u00edtulo de la ponencia<\/p><p><em>How to leverage digital engagement for increased impact\u00a0<\/em><\/p><p>Resumen:<\/p><p>\u00abImpact, the capacity to effect positive change among your communities and stakeholders, is a strategic opportunity for future-oriented museums. This presentation will examine how the interfaces between museums and the society are perceived, and how heritage institutions can examine and develop their potential for impact specifically in the digital domain, based on the results and tools developed in a recent EU project \u00a0\u201cMOI! Museums of Impact\u201d.<\/p><p><a href=\"https:\/\/remed.webs.upv.es\/cimed2025\/programa\/\/#ponente-pirjo_hamari\">Pirjo Hamari en CIMED 25<\/a><\/p><\/div>\t\t\t\t\t\t\t\t<\/div>\n\t\t\t\t<\/div>\n\t\t\t\t\t<\/div>\n\t\t\t\t<\/div>\n\t\t\t\t<\/div>\n\t\t","protected":false},"excerpt":{"rendered":"<p>Pirjo Hamari Pirjo Hamari, Doctora en Arqueolog\u00eda, es una profesional altamente experimentada en el \u00e1mbito del patrimonio, con una destacada [&hellip;]<\/p>\n","protected":false},"author":18,"featured_media":0,"parent":720,"menu_order":0,"comment_status":"closed","ping_status":"closed","template":"","meta":{"site-sidebar-layout":"no-sidebar","site-content-layout":"","ast-site-content-layout":"full-width-container","site-content-style":"default","site-sidebar-style":"default","ast-global-header-display":"","ast-banner-title-visibility":"","ast-main-header-display":"","ast-hfb-above-header-display":"","ast-hfb-below-header-display":"","ast-hfb-mobile-header-display":"","site-post-title":"disabled","ast-breadcrumbs-content":"","ast-featured-img":"disabled","footer-sml-layout":"","ast-disable-related-posts":"","theme-transparent-header-meta":"","adv-header-id-meta":"","stick-header-meta":"","header-above-stick-meta":"","header-main-stick-meta":"","header-below-stick-meta":"","astra-migrate-meta-layouts":"default","ast-page-background-enabled":"default","ast-page-background-meta":{"desktop":{"background-color":"var(--ast-global-color-4)","background-image":"","background-repeat":"repeat","background-position":"center center","background-size":"auto","background-attachment":"scroll","background-type":"","background-media":"","overlay-type":"","overlay-color":"","overlay-opacity":"","overlay-gradient":""},"tablet":{"background-color":"","background-image":"","background-repeat":"repeat","background-position":"center center","background-size":"auto","background-attachment":"scroll","background-type":"","background-media":"","overlay-type":"","overlay-color":"","overlay-opacity":"","overlay-gradient":""},"mobile":{"background-color":"","background-image":"","background-repeat":"repeat","background-position":"center center","background-size":"auto","background-attachment":"scroll","background-type":"","background-media":"","overlay-type":"","overlay-color":"","overlay-opacity":"","overlay-gradient":""}},"ast-content-background-meta":{"desktop":{"background-color":"var(--ast-global-color-5)","background-image":"","background-repeat":"repeat","background-position":"center center","background-size":"auto","background-attachment":"scroll","background-type":"","background-media":"","overlay-type":"","overlay-color":"","overlay-opacity":"","overlay-gradient":""},"tablet":{"background-color":"var(--ast-global-color-5)","background-image":"","background-repeat":"repeat","background-position":"center center","background-size":"auto","background-attachment":"scroll","background-type":"","background-media":"","overlay-type":"","overlay-color":"","overlay-opacity":"","overlay-gradient":""},"mobile":{"background-color":"var(--ast-global-color-5)","background-image":"","background-repeat":"repeat","background-position":"center center","background-size":"auto","background-attachment":"scroll","background-type":"","background-media":"","overlay-type":"","overlay-color":"","overlay-opacity":"","overlay-gradient":""}},"footnotes":""},"class_list":["post-723","page","type-page","status-publish","hentry"],"_links":{"self":[{"href":"https:\/\/remed.webs.upv.es\/cimed2025\/wp-json\/wp\/v2\/pages\/723","targetHints":{"allow":["GET"]}}],"collection":[{"href":"https:\/\/remed.webs.upv.es\/cimed2025\/wp-json\/wp\/v2\/pages"}],"about":[{"href":"https:\/\/remed.webs.upv.es\/cimed2025\/wp-json\/wp\/v2\/types\/page"}],"author":[{"embeddable":true,"href":"https:\/\/remed.webs.upv.es\/cimed2025\/wp-json\/wp\/v2\/users\/18"}],"replies":[{"embeddable":true,"href":"https:\/\/remed.webs.upv.es\/cimed2025\/wp-json\/wp\/v2\/comments?post=723"}],"version-history":[{"count":16,"href":"https:\/\/remed.webs.upv.es\/cimed2025\/wp-json\/wp\/v2\/pages\/723\/revisions"}],"predecessor-version":[{"id":2314,"href":"https:\/\/remed.webs.upv.es\/cimed2025\/wp-json\/wp\/v2\/pages\/723\/revisions\/2314"}],"up":[{"embeddable":true,"href":"https:\/\/remed.webs.upv.es\/cimed2025\/wp-json\/wp\/v2\/pages\/720"}],"wp:attachment":[{"href":"https:\/\/remed.webs.upv.es\/cimed2025\/wp-json\/wp\/v2\/media?parent=723"}],"curies":[{"name":"wp","href":"https:\/\/api.w.org\/{rel}","templated":true}]}}