{"id":149,"date":"2025-04-29T19:07:17","date_gmt":"2025-04-29T17:07:17","guid":{"rendered":"https:\/\/remed.webs.upv.es\/cimed2025\/?page_id=149"},"modified":"2025-05-02T00:03:56","modified_gmt":"2025-05-01T22:03:56","slug":"ana-marti-teston","status":"publish","type":"page","link":"https:\/\/remed.webs.upv.es\/cimed2025\/organizacion\/ana-marti-teston\/","title":{"rendered":"Ana Mart\u00ed Test\u00f3n"},"content":{"rendered":"\t\t<div data-elementor-type=\"wp-post\" data-elementor-id=\"149\" class=\"elementor elementor-149\">\n\t\t\t\t<div class=\"elementor-element elementor-element-7744eeb e-flex e-con-boxed e-con e-parent\" data-id=\"7744eeb\" data-element_type=\"container\" data-e-type=\"container\">\n\t\t\t\t\t<div class=\"e-con-inner\">\n\t\t\t\t<div class=\"elementor-element elementor-element-d1f6a5e elementor-widget elementor-widget-image\" data-id=\"d1f6a5e\" data-element_type=\"widget\" data-e-type=\"widget\" data-widget_type=\"image.default\">\n\t\t\t\t<div class=\"elementor-widget-container\">\n\t\t\t\t\t\t\t\t\t\t\t\t\t\t\t<img fetchpriority=\"high\" decoding=\"async\" width=\"300\" height=\"300\" src=\"https:\/\/remed.webs.upv.es\/cimed2025\/wp-content\/uploads\/sites\/13\/2024\/09\/ana_organizacion.jpg\" class=\"attachment-large size-large wp-image-14\" alt=\"\" srcset=\"https:\/\/remed.webs.upv.es\/cimed2025\/wp-content\/uploads\/sites\/13\/2024\/09\/ana_organizacion.jpg 300w, https:\/\/remed.webs.upv.es\/cimed2025\/wp-content\/uploads\/sites\/13\/2024\/09\/ana_organizacion-150x150.jpg 150w\" sizes=\"(max-width: 300px) 100vw, 300px\" \/>\t\t\t\t\t\t\t\t\t\t\t\t\t\t\t<\/div>\n\t\t\t\t<\/div>\n\t\t\t\t<div class=\"elementor-element elementor-element-7c8d3d1 elementor-widget elementor-widget-heading\" data-id=\"7c8d3d1\" data-element_type=\"widget\" data-e-type=\"widget\" data-widget_type=\"heading.default\">\n\t\t\t\t<div class=\"elementor-widget-container\">\n\t\t\t\t\t<h2 class=\"elementor-heading-title elementor-size-default\">Ana Mart\u00ed Test\u00f3n<\/h2>\t\t\t\t<\/div>\n\t\t\t\t<\/div>\n\t\t\t\t<div class=\"elementor-element elementor-element-02b5821 elementor-widget elementor-widget-text-editor\" data-id=\"02b5821\" data-element_type=\"widget\" data-e-type=\"widget\" data-widget_type=\"text-editor.default\">\n\t\t\t\t<div class=\"elementor-widget-container\">\n\t\t\t\t\t\t\t\t\t<p>Ana Mart\u00ed Test\u00f3n\u202fes Profesora e investigadora en la\u202f<a href=\"http:\/\/www.upv.es\/\">Universitat Polit\u00e8cnica de Val\u00e8ncia<\/a>. Pertenece al <a href=\"https:\/\/www.institutoidf.com\/index.php\/es\/\">Instituto de Dise\u00f1o y Fabricaci\u00f3n (IDF)<\/a> y al <a href=\"https:\/\/www.upv.es\/entidades\/DCADHA\/\">Departamento de Comunicaci\u00f3n Audiovisual, Documentaci\u00f3n e Historia del Arte (DCADHA).<\/a>\u00a0<\/p><p>Doctorado en <a href=\"http:\/\/www.upv.es\/entidades\/EDOCTORADO\/info\/1004639normalc.html\">Industrias Culturales y de la Comunicaci\u00f3n<\/a>, M\u00e1ster en Fotograf\u00eda,\u202f<a href=\"https:\/\/www.mastergestioncultural.es\/\">M\u00e1ster en Gesti\u00f3n Cultural<\/a>\u202fy Licenciada en\u202f<a href=\"https:\/\/www.upv.es\/estudios\/ciclo\/tbbaa-42-es.html\">Bellas Artes<\/a>\u202fpor la UPV.\u00a0<\/p><p>Imparte clases de Fotograf\u00eda y Medios Audiovisuales en el<a href=\"http:\/\/www.upv.es\/titulaciones\/GBA\/index-es.html\">\u202fGrado de Bellas Artes<\/a>\u202fy el\u202f<a href=\"https:\/\/www.upv.es\/titulaciones\/GDTC\/\">Grado de Dise\u00f1o y Tecnolog\u00edas Creativas<\/a>. Tambi\u00e9n es docente en\u202fel <a href=\"https:\/\/www.mastergestioncultural.es\/\">M\u00e1ster de Gesti\u00f3n Cultural UPV \u2013 UV<\/a>\u202fd\u00f3nde imparte la asignatura de Gesti\u00f3n de Museos y Exposiciones. Asimismo, imparte clases de Efectos Especiales en V\u00eddeo para el\u202f<a href=\"https:\/\/masterprodart.webs.upv.es\/\">M\u00e1ster de Producci\u00f3n Art\u00edstica<\/a>. Adem\u00e1s, ha tutorizado diversos trabajos de m\u00e1ster y de grado y tesis relacionados con los museos y la tecnolog\u00eda digital. Forma parte del equipo de investigaci\u00f3n pluridisciplinar en<a href=\"http:\/\/ar.institutoidf.com\/\">\u202fIndustrias culturales y TIC\u202fdel Instituto de Dise\u00f1o y Fabricaci\u00f3n<\/a>.\u00a0<\/p><p>Su campo de investigaci\u00f3n se centra en el an\u00e1lisis de estrategias de comunicaci\u00f3n para instituciones culturales y museos a trav\u00e9s de medios digitales, especializada en tecnolog\u00eda 4.0, la Realidad Mixta y Aumentada. Ha publicado diversos art\u00edculos en revistas de impacto, adem\u00e1s de publicaciones diversas y cap\u00edtulos de libros. Ha participado como ponente en distintos congresos nacionales e internacionales. Adem\u00e1s, ha desarrollado diversos proyectos de investigaci\u00f3n nacionales e internacionales, ha comisariado exposiciones y ha sido jurado y en diversos concursos y festivales. Tambi\u00e9n participa y ha formado parte de distintas redes internacionales y grupos de investigaci\u00f3n como como IPRN,\u202fInternational Photographers and Researchers Network, EDA,\u202f<a href=\"http:\/\/www.daguerreobase.org\/en\/news\/52-become-a-member-of-the-eda\">European Daguerreotype Association<\/a> o <a href=\"http:\/\/gr3.be\/enmap\/\">ENMAP,\u202fEuropean Network of Master Studies in Photography<\/a>. Actualmente es parte de la junta directiva de <a href=\"https:\/\/fotoanef.com\/\">ANEF,\u202fAsociaci\u00f3n Nacional para la Ense\u00f1anza de la Fotograf\u00eda<\/a>,\u202fy es co-chair de la plataforma y congreso de\u202f<a href=\"https:\/\/mcn.edu\/\">Museums Computer Network<\/a>.\u00a0<\/p>\t\t\t\t\t\t\t\t<\/div>\n\t\t\t\t<\/div>\n\t\t\t\t\t<\/div>\n\t\t\t\t<\/div>\n\t\t\t\t<\/div>\n\t\t","protected":false},"excerpt":{"rendered":"<p>Ana Mart\u00ed Test\u00f3n Ana Mart\u00ed Test\u00f3n\u202fes Profesora e investigadora en la\u202fUniversitat Polit\u00e8cnica de Val\u00e8ncia. Pertenece al Instituto de Dise\u00f1o y [&hellip;]<\/p>\n","protected":false},"author":18,"featured_media":0,"parent":6,"menu_order":0,"comment_status":"closed","ping_status":"closed","template":"","meta":{"site-sidebar-layout":"no-sidebar","site-content-layout":"","ast-site-content-layout":"full-width-container","site-content-style":"default","site-sidebar-style":"default","ast-global-header-display":"","ast-banner-title-visibility":"","ast-main-header-display":"","ast-hfb-above-header-display":"","ast-hfb-below-header-display":"","ast-hfb-mobile-header-display":"","site-post-title":"disabled","ast-breadcrumbs-content":"","ast-featured-img":"disabled","footer-sml-layout":"","ast-disable-related-posts":"","theme-transparent-header-meta":"","adv-header-id-meta":"","stick-header-meta":"","header-above-stick-meta":"","header-main-stick-meta":"","header-below-stick-meta":"","astra-migrate-meta-layouts":"default","ast-page-background-enabled":"default","ast-page-background-meta":{"desktop":{"background-color":"var(--ast-global-color-4)","background-image":"","background-repeat":"repeat","background-position":"center center","background-size":"auto","background-attachment":"scroll","background-type":"","background-media":"","overlay-type":"","overlay-color":"","overlay-opacity":"","overlay-gradient":""},"tablet":{"background-color":"","background-image":"","background-repeat":"repeat","background-position":"center center","background-size":"auto","background-attachment":"scroll","background-type":"","background-media":"","overlay-type":"","overlay-color":"","overlay-opacity":"","overlay-gradient":""},"mobile":{"background-color":"","background-image":"","background-repeat":"repeat","background-position":"center center","background-size":"auto","background-attachment":"scroll","background-type":"","background-media":"","overlay-type":"","overlay-color":"","overlay-opacity":"","overlay-gradient":""}},"ast-content-background-meta":{"desktop":{"background-color":"var(--ast-global-color-5)","background-image":"","background-repeat":"repeat","background-position":"center center","background-size":"auto","background-attachment":"scroll","background-type":"","background-media":"","overlay-type":"","overlay-color":"","overlay-opacity":"","overlay-gradient":""},"tablet":{"background-color":"var(--ast-global-color-5)","background-image":"","background-repeat":"repeat","background-position":"center center","background-size":"auto","background-attachment":"scroll","background-type":"","background-media":"","overlay-type":"","overlay-color":"","overlay-opacity":"","overlay-gradient":""},"mobile":{"background-color":"var(--ast-global-color-5)","background-image":"","background-repeat":"repeat","background-position":"center center","background-size":"auto","background-attachment":"scroll","background-type":"","background-media":"","overlay-type":"","overlay-color":"","overlay-opacity":"","overlay-gradient":""}},"footnotes":""},"class_list":["post-149","page","type-page","status-publish","hentry"],"_links":{"self":[{"href":"https:\/\/remed.webs.upv.es\/cimed2025\/wp-json\/wp\/v2\/pages\/149","targetHints":{"allow":["GET"]}}],"collection":[{"href":"https:\/\/remed.webs.upv.es\/cimed2025\/wp-json\/wp\/v2\/pages"}],"about":[{"href":"https:\/\/remed.webs.upv.es\/cimed2025\/wp-json\/wp\/v2\/types\/page"}],"author":[{"embeddable":true,"href":"https:\/\/remed.webs.upv.es\/cimed2025\/wp-json\/wp\/v2\/users\/18"}],"replies":[{"embeddable":true,"href":"https:\/\/remed.webs.upv.es\/cimed2025\/wp-json\/wp\/v2\/comments?post=149"}],"version-history":[{"count":12,"href":"https:\/\/remed.webs.upv.es\/cimed2025\/wp-json\/wp\/v2\/pages\/149\/revisions"}],"predecessor-version":[{"id":233,"href":"https:\/\/remed.webs.upv.es\/cimed2025\/wp-json\/wp\/v2\/pages\/149\/revisions\/233"}],"up":[{"embeddable":true,"href":"https:\/\/remed.webs.upv.es\/cimed2025\/wp-json\/wp\/v2\/pages\/6"}],"wp:attachment":[{"href":"https:\/\/remed.webs.upv.es\/cimed2025\/wp-json\/wp\/v2\/media?parent=149"}],"curies":[{"name":"wp","href":"https:\/\/api.w.org\/{rel}","templated":true}]}}