{"id":1478,"date":"2025-07-03T16:40:10","date_gmt":"2025-07-03T14:40:10","guid":{"rendered":"https:\/\/remed.webs.upv.es\/cimed2025\/?page_id=1478"},"modified":"2025-09-14T19:15:22","modified_gmt":"2025-09-14T17:15:22","slug":"monica-barcelos","status":"publish","type":"page","link":"https:\/\/remed.webs.upv.es\/cimed2025\/ponentes\/monica-barcelos\/","title":{"rendered":"M\u00f4nica Barcelos"},"content":{"rendered":"\t\t<div data-elementor-type=\"wp-post\" data-elementor-id=\"1478\" class=\"elementor elementor-1478\">\n\t\t\t\t<div class=\"elementor-element elementor-element-5a49a63 e-flex e-con-boxed e-con e-parent\" data-id=\"5a49a63\" data-element_type=\"container\" data-e-type=\"container\">\n\t\t\t\t\t<div class=\"e-con-inner\">\n\t\t\t\t<div class=\"elementor-element elementor-element-bc022fc elementor-widget elementor-widget-image\" data-id=\"bc022fc\" data-element_type=\"widget\" data-e-type=\"widget\" data-widget_type=\"image.default\">\n\t\t\t\t<div class=\"elementor-widget-container\">\n\t\t\t\t\t\t\t\t\t\t\t\t\t\t\t<img decoding=\"async\" src=\"https:\/\/remed.webs.upv.es\/cimed2025\/wp-content\/uploads\/sites\/13\/elementor\/thumbs\/Monica-Barcelos-r87wskcahkplckmlbss1jlgk1pjsc4lgkqci02v0y0.jpeg\" title=\"M\u00f4nica Barcelos\" alt=\"M\u00f4nica Barcelos\" loading=\"lazy\" \/>\t\t\t\t\t\t\t\t\t\t\t\t\t\t\t<\/div>\n\t\t\t\t<\/div>\n\t\t\t\t<div class=\"elementor-element elementor-element-4780497 elementor-widget elementor-widget-heading\" data-id=\"4780497\" data-element_type=\"widget\" data-e-type=\"widget\" data-widget_type=\"heading.default\">\n\t\t\t\t<div class=\"elementor-widget-container\">\n\t\t\t\t\t<h2 class=\"elementor-heading-title elementor-size-default\">M\u00f4nica Barcelos<\/h2>\t\t\t\t<\/div>\n\t\t\t\t<\/div>\n\t\t\t\t<div class=\"elementor-element elementor-element-3ec8a4a elementor-widget elementor-widget-text-editor\" data-id=\"3ec8a4a\" data-element_type=\"widget\" data-e-type=\"widget\" data-widget_type=\"text-editor.default\">\n\t\t\t\t<div class=\"elementor-widget-container\">\n\t\t\t\t\t\t\t\t\t<p>Coordinadora de la Unidad T\u00e9cnica del Programa Ibermuseos desde 2014. A lo largo de su trayectoria, ha contribuido a la formulaci\u00f3n de pol\u00edticas p\u00fablicas y redes regionales orientadas a la promoci\u00f3n de pr\u00e1cticas museales inclusivas, sostenibles y participativas en Am\u00e9rica Latina, Espa\u00f1a y Portugal.<\/p><p>Ha ocupado cargos de gesti\u00f3n cultural en el Instituto Cervantes (Madrid, Bras\u00edlia y Curitiba) y, desde 2021, es profesora invitada en el programa de<br \/>posgrado en Gesti\u00f3n Cultural y Cooperaci\u00f3n Internacional de la Universitat de Barcelona. Es M\u00e1ster en Gesti\u00f3n Cultural por la Universidad Carlos III de<br \/>Madrid y posee posgrados en Gesti\u00f3n y Cooperaci\u00f3n Cultural Internacional (Universitat de Barcelona) y en Gesti\u00f3n del Turismo Sostenible (Universidade<br \/>de Bras\u00edlia). Actualmente es doctoranda en Estudios Internacionales en el ISCTE \u2013 Instituto Universit\u00e1rio de Lisboa.\u00a0<\/p><p>Linedin: <a href=\"https:\/\/www.linkedin.com\/in\/m%C3%B4nica-barcelos-86849b103\/\" target=\"_blank\" rel=\"noopener\">m\u00f4nica-barcelos-86849b103<\/a><\/p><p><a href=\"https:\/\/remed.webs.upv.es\/cimed2025\/programa\/\/#ponentes_colaboracion\">M\u00f2nica Barcelos en CIMED 25<\/a><\/p>\t\t\t\t\t\t\t\t<\/div>\n\t\t\t\t<\/div>\n\t\t\t\t\t<\/div>\n\t\t\t\t<\/div>\n\t\t\t\t<\/div>\n\t\t","protected":false},"excerpt":{"rendered":"<p>M\u00f4nica Barcelos Coordinadora de la Unidad T\u00e9cnica del Programa Ibermuseos desde 2014. A lo largo de su trayectoria, ha contribuido [&hellip;]<\/p>\n","protected":false},"author":18,"featured_media":0,"parent":720,"menu_order":0,"comment_status":"closed","ping_status":"closed","template":"","meta":{"site-sidebar-layout":"no-sidebar","site-content-layout":"","ast-site-content-layout":"full-width-container","site-content-style":"default","site-sidebar-style":"default","ast-global-header-display":"","ast-banner-title-visibility":"","ast-main-header-display":"","ast-hfb-above-header-display":"","ast-hfb-below-header-display":"","ast-hfb-mobile-header-display":"","site-post-title":"disabled","ast-breadcrumbs-content":"","ast-featured-img":"disabled","footer-sml-layout":"","ast-disable-related-posts":"","theme-transparent-header-meta":"","adv-header-id-meta":"","stick-header-meta":"","header-above-stick-meta":"","header-main-stick-meta":"","header-below-stick-meta":"","astra-migrate-meta-layouts":"default","ast-page-background-enabled":"default","ast-page-background-meta":{"desktop":{"background-color":"var(--ast-global-color-4)","background-image":"","background-repeat":"repeat","background-position":"center center","background-size":"auto","background-attachment":"scroll","background-type":"","background-media":"","overlay-type":"","overlay-color":"","overlay-opacity":"","overlay-gradient":""},"tablet":{"background-color":"","background-image":"","background-repeat":"repeat","background-position":"center center","background-size":"auto","background-attachment":"scroll","background-type":"","background-media":"","overlay-type":"","overlay-color":"","overlay-opacity":"","overlay-gradient":""},"mobile":{"background-color":"","background-image":"","background-repeat":"repeat","background-position":"center center","background-size":"auto","background-attachment":"scroll","background-type":"","background-media":"","overlay-type":"","overlay-color":"","overlay-opacity":"","overlay-gradient":""}},"ast-content-background-meta":{"desktop":{"background-color":"var(--ast-global-color-5)","background-image":"","background-repeat":"repeat","background-position":"center center","background-size":"auto","background-attachment":"scroll","background-type":"","background-media":"","overlay-type":"","overlay-color":"","overlay-opacity":"","overlay-gradient":""},"tablet":{"background-color":"var(--ast-global-color-5)","background-image":"","background-repeat":"repeat","background-position":"center center","background-size":"auto","background-attachment":"scroll","background-type":"","background-media":"","overlay-type":"","overlay-color":"","overlay-opacity":"","overlay-gradient":""},"mobile":{"background-color":"var(--ast-global-color-5)","background-image":"","background-repeat":"repeat","background-position":"center center","background-size":"auto","background-attachment":"scroll","background-type":"","background-media":"","overlay-type":"","overlay-color":"","overlay-opacity":"","overlay-gradient":""}},"footnotes":""},"class_list":["post-1478","page","type-page","status-publish","hentry"],"_links":{"self":[{"href":"https:\/\/remed.webs.upv.es\/cimed2025\/wp-json\/wp\/v2\/pages\/1478","targetHints":{"allow":["GET"]}}],"collection":[{"href":"https:\/\/remed.webs.upv.es\/cimed2025\/wp-json\/wp\/v2\/pages"}],"about":[{"href":"https:\/\/remed.webs.upv.es\/cimed2025\/wp-json\/wp\/v2\/types\/page"}],"author":[{"embeddable":true,"href":"https:\/\/remed.webs.upv.es\/cimed2025\/wp-json\/wp\/v2\/users\/18"}],"replies":[{"embeddable":true,"href":"https:\/\/remed.webs.upv.es\/cimed2025\/wp-json\/wp\/v2\/comments?post=1478"}],"version-history":[{"count":11,"href":"https:\/\/remed.webs.upv.es\/cimed2025\/wp-json\/wp\/v2\/pages\/1478\/revisions"}],"predecessor-version":[{"id":2305,"href":"https:\/\/remed.webs.upv.es\/cimed2025\/wp-json\/wp\/v2\/pages\/1478\/revisions\/2305"}],"up":[{"embeddable":true,"href":"https:\/\/remed.webs.upv.es\/cimed2025\/wp-json\/wp\/v2\/pages\/720"}],"wp:attachment":[{"href":"https:\/\/remed.webs.upv.es\/cimed2025\/wp-json\/wp\/v2\/media?parent=1478"}],"curies":[{"name":"wp","href":"https:\/\/api.w.org\/{rel}","templated":true}]}}